{"id":1235,"date":"2024-06-25T14:40:01","date_gmt":"2024-06-25T12:40:01","guid":{"rendered":"https:\/\/enheco.com\/webnueva\/?page_id=1235"},"modified":"2025-12-16T17:19:46","modified_gmt":"2025-12-16T16:19:46","slug":"hornos-crematorios-para-humanos-y-mascotas-e-incineradores-industriales-es","status":"publish","type":"page","link":"https:\/\/enheco.com\/es\/hornos-crematorios-para-humanos-y-mascotas-e-incineradores-industriales-es\/","title":{"rendered":"Hornos crematorios para humanos y mascotas e incineradores industriales"},"content":{"rendered":"<div data-elementor-type=\"wp-page\" data-elementor-id=\"1235\" class=\"elementor elementor-1235\" data-elementor-post-type=\"page\">\n\t\t\t\t<div class=\"elementor-element elementor-element-9b8ec2d e-flex e-con-boxed e-con e-parent\" data-id=\"9b8ec2d\" data-element_type=\"container\" data-e-type=\"container\">\n\t\t\t\t\t<div class=\"e-con-inner\">\n\t\t<div class=\"elementor-element elementor-element-130baf5a e-flex e-con-boxed e-con e-child\" data-id=\"130baf5a\" data-element_type=\"container\" data-e-type=\"container\">\n\t\t\t\t\t<div class=\"e-con-inner\">\n\t\t\t\t<div class=\"elementor-element elementor-element-6a6cba21 elementor-widget elementor-widget-image\" data-id=\"6a6cba21\" data-element_type=\"widget\" data-e-type=\"widget\" data-widget_type=\"image.default\">\n\t\t\t\t<div class=\"elementor-widget-container\">\n\t\t\t\t\t\t\t\t\t\t\t\t\t\t\t<img decoding=\"async\" width=\"150\" height=\"150\" src=\"https:\/\/enheco.com\/wp-content\/uploads\/2024\/06\/iconos-horco-crematorios-150x150.png\" class=\"attachment-thumbnail size-thumbnail wp-image-1237\" alt=\"\" srcset=\"https:\/\/enheco.com\/wp-content\/uploads\/2024\/06\/iconos-horco-crematorios-150x150.png 150w, https:\/\/enheco.com\/wp-content\/uploads\/2024\/06\/iconos-horco-crematorios-300x300.png 300w, https:\/\/enheco.com\/wp-content\/uploads\/2024\/06\/iconos-horco-crematorios-200x200.png 200w, https:\/\/enheco.com\/wp-content\/uploads\/2024\/06\/iconos-horco-crematorios.png 345w\" sizes=\"(max-width: 150px) 100vw, 150px\" \/>\t\t\t\t\t\t\t\t\t\t\t\t\t\t\t<\/div>\n\t\t\t\t<\/div>\n\t\t\t\t<div class=\"elementor-element elementor-element-15f7466a elementor-widget elementor-widget-heading\" data-id=\"15f7466a\" data-element_type=\"widget\" data-e-type=\"widget\" data-widget_type=\"heading.default\">\n\t\t\t\t<div class=\"elementor-widget-container\">\n\t\t\t\t\t<h1 class=\"elementor-heading-title elementor-size-default\">Hornos crematorios para humanos y mascotas e incineradores industriales<\/h1>\t\t\t\t<\/div>\n\t\t\t\t<\/div>\n\t\t\t\t<div class=\"elementor-element elementor-element-167867a2 elementor-widget elementor-widget-text-editor\" data-id=\"167867a2\" data-element_type=\"widget\" data-e-type=\"widget\" data-widget_type=\"text-editor.default\">\n\t\t\t\t<div class=\"elementor-widget-container\">\n\t\t\t\t\t\t\t\t\t<p>En Enheco dise\u00f1amos y fabricamos  equipos de cremaci\u00f3n e incineraci\u00f3n de alta calidad.<\/p><p>Proporcionamos soluciones innovadoras y sostenibles que cumplen con las normativas m\u00e1s estrictas en materia de medio ambiente y salud p\u00fablica.<\/p>\t\t\t\t\t\t\t\t<\/div>\n\t\t\t\t<\/div>\n\t\t\t\t\t<\/div>\n\t\t\t\t<\/div>\n\t\t\t\t\t<\/div>\n\t\t\t\t<\/div>\n\t\t<div class=\"elementor-element elementor-element-412c0552 e-con-full e-flex e-con e-parent\" data-id=\"412c0552\" data-element_type=\"container\" data-e-type=\"container\" data-settings=\"{&quot;background_background&quot;:&quot;classic&quot;}\">\n\t\t<div class=\"elementor-element elementor-element-2d281c7f e-flex e-con-boxed e-con e-child\" data-id=\"2d281c7f\" data-element_type=\"container\" data-e-type=\"container\">\n\t\t\t\t\t<div class=\"e-con-inner\">\n\t\t\t\t<div class=\"elementor-element elementor-element-155cd6de elementor-widget__width-auto elementor-arrows-position-inside elementor-widget elementor-widget-image-carousel\" data-id=\"155cd6de\" data-element_type=\"widget\" data-e-type=\"widget\" data-settings=\"{&quot;slides_to_show&quot;:&quot;1&quot;,&quot;slides_to_show_mobile&quot;:&quot;2&quot;,&quot;navigation&quot;:&quot;arrows&quot;,&quot;lazyload&quot;:&quot;yes&quot;,&quot;autoplay_speed&quot;:3000,&quot;autoplay&quot;:&quot;yes&quot;,&quot;pause_on_hover&quot;:&quot;yes&quot;,&quot;pause_on_interaction&quot;:&quot;yes&quot;,&quot;infinite&quot;:&quot;yes&quot;,&quot;effect&quot;:&quot;slide&quot;,&quot;speed&quot;:500}\" data-widget_type=\"image-carousel.default\">\n\t\t\t\t<div class=\"elementor-widget-container\">\n\t\t\t\t\t\t\t<div class=\"elementor-image-carousel-wrapper swiper\" role=\"region\" aria-roledescription=\"carousel\" aria-label=\"Carrusel de im\u00e1genes\" dir=\"ltr\">\n\t\t\t<div class=\"elementor-image-carousel swiper-wrapper swiper-image-stretch\" aria-live=\"off\">\n\t\t\t\t\t\t\t\t<div class=\"swiper-slide\" role=\"group\" aria-roledescription=\"slide\" aria-label=\"1 of 2\" data-no-translation-aria-label=\"\"><figure class=\"swiper-slide-inner\"><img class=\"swiper-slide-image swiper-lazy\" data-src=\"https:\/\/enheco.com\/wp-content\/uploads\/2024\/06\/Crematorios-e-Incineradores\u200b-03.jpg\" alt=\"Crematorios-e-Incineradores\u200b-03\" \/><div class=\"swiper-lazy-preloader\"><\/div><\/figure><\/div><div class=\"swiper-slide\" role=\"group\" aria-roledescription=\"slide\" aria-label=\"2 of 2\" data-no-translation-aria-label=\"\"><figure class=\"swiper-slide-inner\"><img class=\"swiper-slide-image swiper-lazy\" data-src=\"https:\/\/enheco.com\/wp-content\/uploads\/2024\/06\/Crematorios-e-Incineradores\u200b-01.jpg\" alt=\"Hornos crematorios para humanos y mascotas e incineradores industriales\" \/><div class=\"swiper-lazy-preloader\"><\/div><\/figure><\/div>\t\t\t<\/div>\n\t\t\t\t\t\t\t\t\t\t\t\t<div class=\"elementor-swiper-button elementor-swiper-button-prev\" role=\"button\" tabindex=\"0\">\n\t\t\t\t\t\t<svg aria-hidden=\"true\" class=\"e-font-icon-svg e-eicon-chevron-left\" viewbox=\"0 0 1000 1000\" xmlns=\"http:\/\/www.w3.org\/2000\/svg\"><path d=\"M646 125C629 125 613 133 604 142L308 442C296 454 292 471 292 487 292 504 296 521 308 533L604 854C617 867 629 875 646 875 663 875 679 871 692 858 704 846 713 829 713 812 713 796 708 779 692 767L438 487 692 225C700 217 708 204 708 187 708 171 704 154 692 142 675 129 663 125 646 125Z\"><\/path><\/svg>\t\t\t\t\t<\/div>\n\t\t\t\t\t<div class=\"elementor-swiper-button elementor-swiper-button-next\" role=\"button\" tabindex=\"0\">\n\t\t\t\t\t\t<svg aria-hidden=\"true\" class=\"e-font-icon-svg e-eicon-chevron-right\" viewbox=\"0 0 1000 1000\" xmlns=\"http:\/\/www.w3.org\/2000\/svg\"><path d=\"M696 533C708 521 713 504 713 487 713 471 708 454 696 446L400 146C388 133 375 125 354 125 338 125 325 129 313 142 300 154 292 171 292 187 292 204 296 221 308 233L563 492 304 771C292 783 288 800 288 817 288 833 296 850 308 863 321 871 338 875 354 875 371 875 388 867 400 854L696 533Z\"><\/path><\/svg>\t\t\t\t\t<\/div>\n\t\t\t\t\n\t\t\t\t\t\t\t\t\t<\/div>\n\t\t\t\t\t\t<\/div>\n\t\t\t\t<\/div>\n\t\t\t\t\t<\/div>\n\t\t\t\t<\/div>\n\t\t<div class=\"elementor-element elementor-element-48e6dee1 e-flex e-con-boxed e-con e-child\" data-id=\"48e6dee1\" data-element_type=\"container\" data-e-type=\"container\">\n\t\t\t\t\t<div class=\"e-con-inner\">\n\t\t\t\t<div class=\"elementor-element elementor-element-cc135c6 elementor-widget elementor-widget-heading\" data-id=\"cc135c6\" data-element_type=\"widget\" data-e-type=\"widget\" data-widget_type=\"heading.default\">\n\t\t\t\t<div class=\"elementor-widget-container\">\n\t\t\t\t\t<h1 class=\"elementor-heading-title elementor-size-default\">Soluciones avanzadas para un manejo responsable y sostenible de residuos.<\/h1>\t\t\t\t<\/div>\n\t\t\t\t<\/div>\n\t\t\t\t<div class=\"elementor-element elementor-element-3b7f12d0 elementor-widget elementor-widget-text-editor\" data-id=\"3b7f12d0\" data-element_type=\"widget\" data-e-type=\"widget\" data-widget_type=\"text-editor.default\">\n\t\t\t\t<div class=\"elementor-widget-container\">\n\t\t\t\t\t\t\t\t\t<p>Nuestro equipo de expertos se dedica a ofrecer productos que combinan eficiencia, seguridad y tecnolog\u00eda de punta.<\/p>\t\t\t\t\t\t\t\t<\/div>\n\t\t\t\t<\/div>\n\t\t\t\t<div class=\"elementor-element elementor-element-717040d8 elementor-icon-list--layout-traditional elementor-list-item-link-full_width elementor-widget elementor-widget-icon-list\" data-id=\"717040d8\" data-element_type=\"widget\" data-e-type=\"widget\" data-widget_type=\"icon-list.default\">\n\t\t\t\t<div class=\"elementor-widget-container\">\n\t\t\t\t\t\t\t<ul class=\"elementor-icon-list-items\">\n\t\t\t\t\t\t\t<li class=\"elementor-icon-list-item\">\n\t\t\t\t\t\t\t\t\t\t\t<span class=\"elementor-icon-list-icon\">\n\t\t\t\t\t\t\t<svg aria-hidden=\"true\" class=\"e-font-icon-svg e-fas-check\" viewbox=\"0 0 512 512\" xmlns=\"http:\/\/www.w3.org\/2000\/svg\"><path d=\"M173.898 439.404l-166.4-166.4c-9.997-9.997-9.997-26.206 0-36.204l36.203-36.204c9.997-9.998 26.207-9.998 36.204 0L192 312.69 432.095 72.596c9.997-9.997 26.207-9.997 36.204 0l36.203 36.204c9.997 9.997 9.997 26.206 0 36.204l-294.4 294.401c-9.998 9.997-26.207 9.997-36.204-.001z\"><\/path><\/svg>\t\t\t\t\t\t<\/span>\n\t\t\t\t\t\t\t\t\t\t<span class=\"elementor-icon-list-text\">Equipos de cremaci\u00f3n e incineraci\u00f3n (Hornos crematorios de humanos y Mascotas)<\/span>\n\t\t\t\t\t\t\t\t\t<\/li>\n\t\t\t\t\t\t\t\t<li class=\"elementor-icon-list-item\">\n\t\t\t\t\t\t\t\t\t\t\t<span class=\"elementor-icon-list-icon\">\n\t\t\t\t\t\t\t<svg aria-hidden=\"true\" class=\"e-font-icon-svg e-fas-check\" viewbox=\"0 0 512 512\" xmlns=\"http:\/\/www.w3.org\/2000\/svg\"><path d=\"M173.898 439.404l-166.4-166.4c-9.997-9.997-9.997-26.206 0-36.204l36.203-36.204c9.997-9.998 26.207-9.998 36.204 0L192 312.69 432.095 72.596c9.997-9.997 26.207-9.997 36.204 0l36.203 36.204c9.997 9.997 9.997 26.206 0 36.204l-294.4 294.401c-9.998 9.997-26.207 9.997-36.204-.001z\"><\/path><\/svg>\t\t\t\t\t\t<\/span>\n\t\t\t\t\t\t\t\t\t\t<span class=\"elementor-icon-list-text\">Incineradores de animales de granja<\/span>\n\t\t\t\t\t\t\t\t\t<\/li>\n\t\t\t\t\t\t\t\t<li class=\"elementor-icon-list-item\">\n\t\t\t\t\t\t\t\t\t\t\t<span class=\"elementor-icon-list-icon\">\n\t\t\t\t\t\t\t<svg aria-hidden=\"true\" class=\"e-font-icon-svg e-fas-check\" viewbox=\"0 0 512 512\" xmlns=\"http:\/\/www.w3.org\/2000\/svg\"><path d=\"M173.898 439.404l-166.4-166.4c-9.997-9.997-9.997-26.206 0-36.204l36.203-36.204c9.997-9.998 26.207-9.998 36.204 0L192 312.69 432.095 72.596c9.997-9.997 26.207-9.997 36.204 0l36.203 36.204c9.997 9.997 9.997 26.206 0 36.204l-294.4 294.401c-9.998 9.997-26.207 9.997-36.204-.001z\"><\/path><\/svg>\t\t\t\t\t\t<\/span>\n\t\t\t\t\t\t\t\t\t\t<span class=\"elementor-icon-list-text\">Incineradores de desechos o residuos hospitalarios<\/span>\n\t\t\t\t\t\t\t\t\t<\/li>\n\t\t\t\t\t\t<\/ul>\n\t\t\t\t\t\t<\/div>\n\t\t\t\t<\/div>\n\t\t\t\t\t<\/div>\n\t\t\t\t<\/div>\n\t\t\t\t<\/div>\n\t\t<div class=\"elementor-element elementor-element-70aa09c6 e-flex e-con-boxed e-con e-parent\" data-id=\"70aa09c6\" data-element_type=\"container\" data-e-type=\"container\">\n\t\t\t\t\t<div class=\"e-con-inner\">\n\t\t<div class=\"elementor-element elementor-element-37349e4b e-flex e-con-boxed e-con e-child\" data-id=\"37349e4b\" data-element_type=\"container\" data-e-type=\"container\">\n\t\t\t\t\t<div class=\"e-con-inner\">\n\t\t\t\t<div class=\"elementor-element elementor-element-4e5f6cb5 elementor-widget elementor-widget-image\" data-id=\"4e5f6cb5\" data-element_type=\"widget\" data-e-type=\"widget\" data-widget_type=\"image.default\">\n\t\t\t\t<div class=\"elementor-widget-container\">\n\t\t\t\t\t\t\t\t\t\t\t\t\t\t\t<img decoding=\"async\" width=\"150\" height=\"150\" src=\"https:\/\/enheco.com\/wp-content\/uploads\/2023\/12\/iconos-diseno-150x150.png\" class=\"attachment-thumbnail size-thumbnail wp-image-117\" alt=\"Cont\u00e1ctenos\" srcset=\"https:\/\/enheco.com\/wp-content\/uploads\/2023\/12\/iconos-diseno-150x150.png 150w, https:\/\/enheco.com\/wp-content\/uploads\/2023\/12\/iconos-diseno-300x300.png 300w, https:\/\/enheco.com\/wp-content\/uploads\/2023\/12\/iconos-diseno.png 345w\" sizes=\"(max-width: 150px) 100vw, 150px\" \/>\t\t\t\t\t\t\t\t\t\t\t\t\t\t\t<\/div>\n\t\t\t\t<\/div>\n\t\t\t\t<div class=\"elementor-element elementor-element-3fa91694 elementor-widget elementor-widget-heading\" data-id=\"3fa91694\" data-element_type=\"widget\" data-e-type=\"widget\" data-widget_type=\"heading.default\">\n\t\t\t\t<div class=\"elementor-widget-container\">\n\t\t\t\t\t<h1 class=\"elementor-heading-title elementor-size-default\">Dise\u00f1ados equipos para su necesidad\n<\/h1>\t\t\t\t<\/div>\n\t\t\t\t<\/div>\n\t\t\t\t<div class=\"elementor-element elementor-element-5b72daf elementor-widget elementor-widget-text-editor\" data-id=\"5b72daf\" data-element_type=\"widget\" data-e-type=\"widget\" data-widget_type=\"text-editor.default\">\n\t\t\t\t<div class=\"elementor-widget-container\">\n\t\t\t\t\t\t\t\t\t<p>Colocamos a su disposici\u00f3n nuestros servicios, calidad y experiencia, esperando ser parte de sus futuros proyectos.<\/p>\t\t\t\t\t\t\t\t<\/div>\n\t\t\t\t<\/div>\n\t\t\t\t<div class=\"elementor-element elementor-element-9dc4dc4 elementor-align-center elementor-widget elementor-widget-the7_button_widget\" data-id=\"9dc4dc4\" data-element_type=\"widget\" data-e-type=\"widget\" data-widget_type=\"the7_button_widget.default\">\n\t\t\t\t<div class=\"elementor-widget-container\">\n\t\t\t\t\t<div class=\"elementor-button-wrapper\"><a href=\"https:\/\/api.whatsapp.com\/send?phone=573004121254&#038;text=Hola%20Necesito%20m%C3%A1s%20informaci%C3%B3n%20sobre%20un%20producto%20de%20la%20pagina%20web\" target=\"_blank\" class=\"box-button elementor-button elementor-size-md\">Cont\u00e1ctenos<i aria-hidden=\"true\" class=\"elementor-button-icon  icomoon-the7-font-whatsapp\"><\/i><\/a><\/div>\t\t\t\t<\/div>\n\t\t\t\t<\/div>\n\t\t\t\t\t<\/div>\n\t\t\t\t<\/div>\n\t\t\t\t\t<\/div>\n\t\t\t\t<\/div>\n\t\t\t\t<\/div>","protected":false},"excerpt":{"rendered":"<p>Crematoriums for humans and pets and industrial incinerators At Enheco, we design and manufacture high-quality cremation and incineration equipment. We provide innovative and sustainable solutions that comply with the strictest environmental and public health regulations. Advanced solutions for responsible and sustainable waste management. Our team of experts is dedicated to offering products that combine efficiency,&hellip;<\/p>","protected":false},"author":1,"featured_media":1247,"parent":0,"menu_order":0,"comment_status":"closed","ping_status":"closed","template":"elementor_header_footer","meta":{"_joinchat":[],"footnotes":""},"class_list":["post-1235","page","type-page","status-publish","has-post-thumbnail","hentry"],"yoast_head":"<!-- This site is optimized with the Yoast SEO plugin v26.9 - https:\/\/yoast.com\/product\/yoast-seo-wordpress\/ -->\n<title>Crematoriums for humans and pets and industrial incinerators ~ Enheco<\/title>\n<meta name=\"description\" content=\"Cremation equipment for humans and pets and industrial incinerators that comply with the strictest environmental and health regulations.\" \/>\n<meta name=\"robots\" content=\"index, follow, max-snippet:-1, max-image-preview:large, max-video-preview:-1\" \/>\n<link rel=\"canonical\" href=\"https:\/\/enheco.com\/es\/hornos-crematorios-para-humanos-y-mascotas-e-incineradores-industriales-es\/\" \/>\n<meta property=\"og:locale\" content=\"es_ES\" \/>\n<meta property=\"og:type\" content=\"article\" \/>\n<meta property=\"og:title\" content=\"Crematoriums for humans and pets and industrial incinerators ~ Enheco\" \/>\n<meta property=\"og:description\" content=\"Cremation equipment for humans and pets and industrial incinerators that comply with the strictest environmental and health regulations.\" \/>\n<meta property=\"og:url\" content=\"https:\/\/enheco.com\/es\/hornos-crematorios-para-humanos-y-mascotas-e-incineradores-industriales-es\/\" \/>\n<meta property=\"og:site_name\" content=\"Enheco: ingenier\u00eda para el planeta\" \/>\n<meta property=\"article:modified_time\" content=\"2025-12-16T16:19:46+00:00\" \/>\n<meta property=\"og:image\" content=\"https:\/\/enheco.com\/wp-content\/uploads\/2024\/06\/Crematorios-e-Incineradores\u200b-01.jpg\" \/>\n\t<meta property=\"og:image:width\" content=\"1280\" \/>\n\t<meta property=\"og:image:height\" content=\"800\" \/>\n\t<meta property=\"og:image:type\" content=\"image\/jpeg\" \/>\n<meta name=\"twitter:card\" content=\"summary_large_image\" \/>\n<meta name=\"twitter:label1\" content=\"Tiempo de lectura\" \/>\n\t<meta name=\"twitter:data1\" content=\"2 minutos\" \/>\n<script type=\"application\/ld+json\" class=\"yoast-schema-graph\">{\"@context\":\"https:\/\/schema.org\",\"@graph\":[{\"@type\":\"WebPage\",\"@id\":\"https:\/\/enheco.com\/crematoriums-for-humans-and-pets-and-industrial-incinerators\/\",\"url\":\"https:\/\/enheco.com\/crematoriums-for-humans-and-pets-and-industrial-incinerators\/\",\"name\":\"Crematoriums for humans and pets and industrial incinerators ~ Enheco\",\"isPartOf\":{\"@id\":\"https:\/\/enheco.com\/#website\"},\"primaryImageOfPage\":{\"@id\":\"https:\/\/enheco.com\/crematoriums-for-humans-and-pets-and-industrial-incinerators\/#primaryimage\"},\"image\":{\"@id\":\"https:\/\/enheco.com\/crematoriums-for-humans-and-pets-and-industrial-incinerators\/#primaryimage\"},\"thumbnailUrl\":\"https:\/\/enheco.com\/wp-content\/uploads\/2024\/06\/Crematorios-e-Incineradores\u200b-01.jpg\",\"datePublished\":\"2024-06-25T12:40:01+00:00\",\"dateModified\":\"2025-12-16T16:19:46+00:00\",\"description\":\"Cremation equipment for humans and pets and industrial incinerators that comply with the strictest environmental and health regulations.\",\"breadcrumb\":{\"@id\":\"https:\/\/enheco.com\/crematoriums-for-humans-and-pets-and-industrial-incinerators\/#breadcrumb\"},\"inLanguage\":\"es-CO\",\"potentialAction\":[{\"@type\":\"ReadAction\",\"target\":[\"https:\/\/enheco.com\/crematoriums-for-humans-and-pets-and-industrial-incinerators\/\"]}]},{\"@type\":\"ImageObject\",\"inLanguage\":\"es-CO\",\"@id\":\"https:\/\/enheco.com\/crematoriums-for-humans-and-pets-and-industrial-incinerators\/#primaryimage\",\"url\":\"https:\/\/enheco.com\/wp-content\/uploads\/2024\/06\/Crematorios-e-Incineradores\u200b-01.jpg\",\"contentUrl\":\"https:\/\/enheco.com\/wp-content\/uploads\/2024\/06\/Crematorios-e-Incineradores\u200b-01.jpg\",\"width\":1280,\"height\":800,\"caption\":\"Hornos crematorios para humanos y mascotas e incineradores industriales\"},{\"@type\":\"BreadcrumbList\",\"@id\":\"https:\/\/enheco.com\/crematoriums-for-humans-and-pets-and-industrial-incinerators\/#breadcrumb\",\"itemListElement\":[{\"@type\":\"ListItem\",\"position\":1,\"name\":\"Portada\",\"item\":\"https:\/\/enheco.com\/\"},{\"@type\":\"ListItem\",\"position\":2,\"name\":\"Crematoriums for humans and pets and industrial incinerators\"}]},{\"@type\":\"WebSite\",\"@id\":\"https:\/\/enheco.com\/#website\",\"url\":\"https:\/\/enheco.com\/\",\"name\":\"Enheco: ingenier\u00eda para el planeta\",\"description\":\"Compa\u00f1\u00eda colombiana del sector industrial, dedicada al desarrollo de la ingenier\u00eda en general\",\"publisher\":{\"@id\":\"https:\/\/enheco.com\/#organization\"},\"alternateName\":\"ENHECO - Engineering Heating And Combustion SAS.\",\"potentialAction\":[{\"@type\":\"SearchAction\",\"target\":{\"@type\":\"EntryPoint\",\"urlTemplate\":\"https:\/\/enheco.com\/?s={search_term_string}\"},\"query-input\":{\"@type\":\"PropertyValueSpecification\",\"valueRequired\":true,\"valueName\":\"search_term_string\"}}],\"inLanguage\":\"es-CO\"},{\"@type\":\"Organization\",\"@id\":\"https:\/\/enheco.com\/#organization\",\"name\":\"ENHECO - Engineering Heating And Combustion SAS.\",\"alternateName\":\"ENHECO - Engineering Heating And Combustion SAS.\",\"url\":\"https:\/\/enheco.com\/\",\"logo\":{\"@type\":\"ImageObject\",\"inLanguage\":\"es-CO\",\"@id\":\"https:\/\/enheco.com\/#\/schema\/logo\/image\/\",\"url\":\"https:\/\/enheco.com\/wp-content\/uploads\/2025\/07\/logo-enheco.png\",\"contentUrl\":\"https:\/\/enheco.com\/wp-content\/uploads\/2025\/07\/logo-enheco.png\",\"width\":300,\"height\":300,\"caption\":\"ENHECO - Engineering Heating And Combustion SAS.\"},\"image\":{\"@id\":\"https:\/\/enheco.com\/#\/schema\/logo\/image\/\"}}]}<\/script>\n<!-- \/ Yoast SEO plugin. -->","yoast_head_json":{"title":"Hornos crematorios para humanos y mascotas e incineradores industriales ~ Enheco","description":"Equipos de cremaci\u00f3n para humanos y mascotas e incineradores industriales que cumplen con las m\u00e1s estrictas regulaciones ambientales y sanitarias.","robots":{"index":"index","follow":"follow","max-snippet":"max-snippet:-1","max-image-preview":"max-image-preview:large","max-video-preview":"max-video-preview:-1"},"canonical":"https:\/\/enheco.com\/es\/hornos-crematorios-para-humanos-y-mascotas-e-incineradores-industriales-es\/","og_locale":"es_ES","og_type":"article","og_title":"Crematoriums for humans and pets and industrial incinerators ~ Enheco","og_description":"Cremation equipment for humans and pets and industrial incinerators that comply with the strictest environmental and health regulations.","og_url":"https:\/\/enheco.com\/es\/hornos-crematorios-para-humanos-y-mascotas-e-incineradores-industriales-es\/","og_site_name":"Enheco: ingenier\u00eda para el planeta","article_modified_time":"2025-12-16T16:19:46+00:00","og_image":[{"width":1280,"height":800,"url":"https:\/\/enheco.com\/wp-content\/uploads\/2024\/06\/Crematorios-e-Incineradores\u200b-01.jpg","type":"image\/jpeg"}],"twitter_card":"summary_large_image","twitter_misc":{"Tiempo de lectura":"2 minutos"},"schema":{"@context":"https:\/\/schema.org","@graph":[{"@type":"WebPage","@id":"https:\/\/enheco.com\/crematoriums-for-humans-and-pets-and-industrial-incinerators\/","url":"https:\/\/enheco.com\/crematoriums-for-humans-and-pets-and-industrial-incinerators\/","name":"Hornos crematorios para humanos y mascotas e incineradores industriales ~ Enheco","isPartOf":{"@id":"https:\/\/enheco.com\/#website"},"primaryImageOfPage":{"@id":"https:\/\/enheco.com\/crematoriums-for-humans-and-pets-and-industrial-incinerators\/#primaryimage"},"image":{"@id":"https:\/\/enheco.com\/crematoriums-for-humans-and-pets-and-industrial-incinerators\/#primaryimage"},"thumbnailUrl":"https:\/\/enheco.com\/wp-content\/uploads\/2024\/06\/Crematorios-e-Incineradores\u200b-01.jpg","datePublished":"2024-06-25T12:40:01+00:00","dateModified":"2025-12-16T16:19:46+00:00","description":"Equipos de cremaci\u00f3n para humanos y mascotas e incineradores industriales que cumplen con las m\u00e1s estrictas regulaciones ambientales y sanitarias.","breadcrumb":{"@id":"https:\/\/enheco.com\/crematoriums-for-humans-and-pets-and-industrial-incinerators\/#breadcrumb"},"inLanguage":"es-CO","potentialAction":[{"@type":"ReadAction","target":["https:\/\/enheco.com\/crematoriums-for-humans-and-pets-and-industrial-incinerators\/"]}]},{"@type":"ImageObject","inLanguage":"es-CO","@id":"https:\/\/enheco.com\/crematoriums-for-humans-and-pets-and-industrial-incinerators\/#primaryimage","url":"https:\/\/enheco.com\/wp-content\/uploads\/2024\/06\/Crematorios-e-Incineradores\u200b-01.jpg","contentUrl":"https:\/\/enheco.com\/wp-content\/uploads\/2024\/06\/Crematorios-e-Incineradores\u200b-01.jpg","width":1280,"height":800,"caption":"Hornos crematorios para humanos y mascotas e incineradores industriales"},{"@type":"BreadcrumbList","@id":"https:\/\/enheco.com\/crematoriums-for-humans-and-pets-and-industrial-incinerators\/#breadcrumb","itemListElement":[{"@type":"ListItem","position":1,"name":"Portada","item":"https:\/\/enheco.com\/"},{"@type":"ListItem","position":2,"name":"Crematoriums for humans and pets and industrial incinerators"}]},{"@type":"WebSite","@id":"https:\/\/enheco.com\/#website","url":"https:\/\/enheco.com\/","name":"Enheco: ingenier\u00eda para el planeta","description":"Compa\u00f1\u00eda colombiana del sector industrial, dedicada al desarrollo de la ingenier\u00eda en general","publisher":{"@id":"https:\/\/enheco.com\/#organization"},"alternateName":"ENHECO - Engineering Heating And Combustion SAS.","potentialAction":[{"@type":"SearchAction","target":{"@type":"EntryPoint","urlTemplate":"https:\/\/enheco.com\/?s={search_term_string}"},"query-input":{"@type":"PropertyValueSpecification","valueRequired":true,"valueName":"search_term_string"}}],"inLanguage":"es-CO"},{"@type":"Organization","@id":"https:\/\/enheco.com\/#organization","name":"ENHECO -  Ingenier\u00eda de Calefacci\u00f3n y Combusti\u00f3n SAS.","alternateName":"ENHECO - Engineering Heating And Combustion SAS.","url":"https:\/\/enheco.com\/","logo":{"@type":"ImageObject","inLanguage":"es-CO","@id":"https:\/\/enheco.com\/#\/schema\/logo\/image\/","url":"https:\/\/enheco.com\/wp-content\/uploads\/2025\/07\/logo-enheco.png","contentUrl":"https:\/\/enheco.com\/wp-content\/uploads\/2025\/07\/logo-enheco.png","width":300,"height":300,"caption":"ENHECO - Engineering Heating And Combustion SAS."},"image":{"@id":"https:\/\/enheco.com\/#\/schema\/logo\/image\/"}}]}},"_links":{"self":[{"href":"https:\/\/enheco.com\/es\/wp-json\/wp\/v2\/pages\/1235","targetHints":{"allow":["GET"]}}],"collection":[{"href":"https:\/\/enheco.com\/es\/wp-json\/wp\/v2\/pages"}],"about":[{"href":"https:\/\/enheco.com\/es\/wp-json\/wp\/v2\/types\/page"}],"author":[{"embeddable":true,"href":"https:\/\/enheco.com\/es\/wp-json\/wp\/v2\/users\/1"}],"replies":[{"embeddable":true,"href":"https:\/\/enheco.com\/es\/wp-json\/wp\/v2\/comments?post=1235"}],"version-history":[{"count":19,"href":"https:\/\/enheco.com\/es\/wp-json\/wp\/v2\/pages\/1235\/revisions"}],"predecessor-version":[{"id":3552,"href":"https:\/\/enheco.com\/es\/wp-json\/wp\/v2\/pages\/1235\/revisions\/3552"}],"wp:featuredmedia":[{"embeddable":true,"href":"https:\/\/enheco.com\/es\/wp-json\/wp\/v2\/media\/1247"}],"wp:attachment":[{"href":"https:\/\/enheco.com\/es\/wp-json\/wp\/v2\/media?parent=1235"}],"curies":[{"name":"wp","href":"https:\/\/api.w.org\/{rel}","templated":true}]}}