{"id":1286,"date":"2024-06-25T16:45:30","date_gmt":"2024-06-25T14:45:30","guid":{"rendered":"https:\/\/enheco.com\/webnueva\/?page_id=1286"},"modified":"2025-12-16T20:50:03","modified_gmt":"2025-12-16T19:50:03","slug":"contact-us","status":"publish","type":"page","link":"https:\/\/enheco.com\/es\/contact-us\/","title":{"rendered":"Cont\u00e1ctenos"},"content":{"rendered":"\t\t<div data-elementor-type=\"wp-page\" data-elementor-id=\"1286\" class=\"elementor elementor-1286\" data-elementor-post-type=\"page\">\n\t\t\t\t<div class=\"elementor-element elementor-element-1962eafd e-flex e-con-boxed e-con e-parent\" data-id=\"1962eafd\" data-element_type=\"container\" data-e-type=\"container\">\n\t\t\t\t\t<div class=\"e-con-inner\">\n\t\t<div class=\"elementor-element elementor-element-5f86e3fe e-flex e-con-boxed e-con e-child\" data-id=\"5f86e3fe\" data-element_type=\"container\" data-e-type=\"container\">\n\t\t\t\t\t<div class=\"e-con-inner\">\n\t\t\t\t<div class=\"elementor-element elementor-element-47c3e471 elementor-widget elementor-widget-image\" data-id=\"47c3e471\" data-element_type=\"widget\" data-e-type=\"widget\" data-widget_type=\"image.default\">\n\t\t\t\t<div class=\"elementor-widget-container\">\n\t\t\t\t\t\t\t\t\t\t\t\t\t\t\t<img decoding=\"async\" width=\"150\" height=\"150\" src=\"https:\/\/enheco.com\/wp-content\/uploads\/2023\/12\/iconos-diseno-150x150.png\" class=\"attachment-thumbnail size-thumbnail wp-image-117\" alt=\"Cont\u00e1ctenos\" srcset=\"https:\/\/enheco.com\/wp-content\/uploads\/2023\/12\/iconos-diseno-150x150.png 150w, https:\/\/enheco.com\/wp-content\/uploads\/2023\/12\/iconos-diseno-300x300.png 300w, https:\/\/enheco.com\/wp-content\/uploads\/2023\/12\/iconos-diseno.png 345w\" sizes=\"(max-width: 150px) 100vw, 150px\" \/>\t\t\t\t\t\t\t\t\t\t\t\t\t\t\t<\/div>\n\t\t\t\t<\/div>\n\t\t\t\t<div class=\"elementor-element elementor-element-648aaecf elementor-widget elementor-widget-heading\" data-id=\"648aaecf\" data-element_type=\"widget\" data-e-type=\"widget\" data-widget_type=\"heading.default\">\n\t\t\t\t<div class=\"elementor-widget-container\">\n\t\t\t\t\t<h1 class=\"elementor-heading-title elementor-size-default\">Contact us<\/h1>\t\t\t\t<\/div>\n\t\t\t\t<\/div>\n\t\t\t\t<div class=\"elementor-element elementor-element-152ec06e elementor-widget elementor-widget-text-editor\" data-id=\"152ec06e\" data-element_type=\"widget\" data-e-type=\"widget\" data-widget_type=\"text-editor.default\">\n\t\t\t\t<div class=\"elementor-widget-container\">\n\t\t\t\t\t\t\t\t\t<p>We will make our services, quality and experience available to you, hoping to be part of your future projects.<\/p>\t\t\t\t\t\t\t\t<\/div>\n\t\t\t\t<\/div>\n\t\t\t\t<div class=\"elementor-element elementor-element-57bc8bd elementor-button-align-stretch elementor-widget elementor-widget-form\" data-id=\"57bc8bd\" data-element_type=\"widget\" data-e-type=\"widget\" data-settings=\"{&quot;step_next_label&quot;:&quot;Next&quot;,&quot;step_previous_label&quot;:&quot;Previous&quot;,&quot;button_width&quot;:&quot;100&quot;,&quot;step_type&quot;:&quot;number_text&quot;,&quot;step_icon_shape&quot;:&quot;circle&quot;}\" data-widget_type=\"form.default\">\n\t\t\t\t<div class=\"elementor-widget-container\">\n\t\t\t\t\t\t\t<form class=\"elementor-form\" method=\"post\" name=\"New Form\" aria-label=\"New Form\">\n\t\t\t<input type=\"hidden\" name=\"post_id\" value=\"1286\"\/>\n\t\t\t<input type=\"hidden\" name=\"form_id\" value=\"57bc8bd\"\/>\n\t\t\t<input type=\"hidden\" name=\"referer_title\" value=\"Contact us ~ Enheco: ingenier\u00eda para el planeta\" \/>\n\n\t\t\t\t\t\t\t<input type=\"hidden\" name=\"queried_id\" value=\"1286\"\/>\n\t\t\t\n\t\t\t<div class=\"elementor-form-fields-wrapper elementor-labels-above\">\n\t\t\t\t\t\t\t\t<div class=\"elementor-field-type-text elementor-field-group elementor-column elementor-field-group-name elementor-col-100 elementor-field-required\">\n\t\t\t\t\t\t\t\t\t\t\t\t<label for=\"form-field-name\" class=\"elementor-field-label\">\n\t\t\t\t\t\t\t\tName\t\t\t\t\t\t\t<\/label>\n\t\t\t\t\t\t\t\t\t\t\t\t\t\t<input size=\"1\" type=\"text\" name=\"form_fields[name]\" id=\"form-field-name\" class=\"elementor-field elementor-size-sm  elementor-field-textual\" required=\"required\">\n\t\t\t\t\t\t\t\t\t\t\t<\/div>\n\t\t\t\t\t\t\t\t<div class=\"elementor-field-type-email elementor-field-group elementor-column elementor-field-group-email elementor-col-100 elementor-field-required\">\n\t\t\t\t\t\t\t\t\t\t\t\t<label for=\"form-field-email\" class=\"elementor-field-label\">\n\t\t\t\t\t\t\t\tEmail\t\t\t\t\t\t\t<\/label>\n\t\t\t\t\t\t\t\t\t\t\t\t\t\t<input size=\"1\" type=\"email\" name=\"form_fields[email]\" id=\"form-field-email\" class=\"elementor-field elementor-size-sm  elementor-field-textual\" required=\"required\">\n\t\t\t\t\t\t\t\t\t\t\t<\/div>\n\t\t\t\t\t\t\t\t<div class=\"elementor-field-type-textarea elementor-field-group elementor-column elementor-field-group-message elementor-col-100 elementor-field-required\">\n\t\t\t\t\t\t\t\t\t\t\t\t<label for=\"form-field-message\" class=\"elementor-field-label\">\n\t\t\t\t\t\t\t\tMessage\t\t\t\t\t\t\t<\/label>\n\t\t\t\t\t\t<textarea class=\"elementor-field-textual elementor-field  elementor-size-sm\" name=\"form_fields[message]\" id=\"form-field-message\" rows=\"4\" required=\"required\"><\/textarea>\t\t\t\t<\/div>\n\t\t\t\t\t\t\t\t<div class=\"elementor-field-type-recaptcha_v3 elementor-field-group elementor-column elementor-field-group-field_5547555 elementor-col-100 recaptcha_v3-inline\">\n\t\t\t\t\t<div class=\"elementor-field\" id=\"form-field-field_5547555\"><div class=\"elementor-g-recaptcha\" data-sitekey=\"6LdKnYorAAAAAFE89uPNs0oU8jUKIe2JfjI_lD3c\" data-type=\"v3\" data-action=\"Form\" data-badge=\"inline\" data-size=\"invisible\"><\/div><\/div>\t\t\t\t<\/div>\n\t\t\t\t\t\t\t\t<div class=\"elementor-field-group elementor-column elementor-field-type-submit elementor-col-100 e-form__buttons\">\n\t\t\t\t\t<button class=\"elementor-button elementor-size-sm\" type=\"submit\">\n\t\t\t\t\t\t<span class=\"elementor-button-content-wrapper\">\n\t\t\t\t\t\t\t\t\t\t\t\t\t\t\t\t\t\t\t\t\t\t<span class=\"elementor-button-text\">Send<\/span>\n\t\t\t\t\t\t\t\t\t\t\t\t\t<\/span>\n\t\t\t\t\t<\/button>\n\t\t\t\t<\/div>\n\t\t\t<\/div>\n\t\t<\/form>\n\t\t\t\t\t\t<\/div>\n\t\t\t\t<\/div>\n\t\t\t\t\t<\/div>\n\t\t\t\t<\/div>\n\t\t\t\t\t<\/div>\n\t\t\t\t<\/div>\n\t\t\t\t<\/div>\n\t\t","protected":false},"excerpt":{"rendered":"<p>Contact us We will make our services, quality and experience available to you, hoping to be part of your future projects.<\/p>","protected":false},"author":1,"featured_media":0,"parent":0,"menu_order":0,"comment_status":"closed","ping_status":"closed","template":"elementor_header_footer","meta":{"_joinchat":[],"footnotes":""},"class_list":["post-1286","page","type-page","status-publish","hentry"],"yoast_head":"<!-- This site is optimized with the Yoast SEO plugin v26.9 - https:\/\/yoast.com\/product\/yoast-seo-wordpress\/ -->\n<title>Contact us ~ Enheco: ingenier\u00eda para el planeta<\/title>\n<meta name=\"description\" content=\"Dise\u00f1o y fabricaci\u00f3n a medidas de equipos de calentamiento para la industria, como quemadores de gas, hornos de tratamiento t\u00e9rmico, hornos de secado, laboratorios de miner\u00eda y m\u00e1s\" \/>\n<meta name=\"robots\" content=\"index, follow, max-snippet:-1, max-image-preview:large, max-video-preview:-1\" \/>\n<link rel=\"canonical\" href=\"https:\/\/enheco.com\/es\/contact-us\/\" \/>\n<meta property=\"og:locale\" content=\"es_ES\" \/>\n<meta property=\"og:type\" content=\"article\" \/>\n<meta property=\"og:title\" content=\"Contact us ~ Enheco: ingenier\u00eda para el planeta\" \/>\n<meta property=\"og:description\" content=\"Dise\u00f1o y fabricaci\u00f3n a medidas de equipos de calentamiento para la industria, como quemadores de gas, hornos de tratamiento t\u00e9rmico, hornos de secado, laboratorios de miner\u00eda y m\u00e1s\" \/>\n<meta property=\"og:url\" content=\"https:\/\/enheco.com\/es\/contact-us\/\" \/>\n<meta property=\"og:site_name\" content=\"Enheco: ingenier\u00eda para el planeta\" \/>\n<meta property=\"article:modified_time\" content=\"2025-12-16T19:50:03+00:00\" \/>\n<meta property=\"og:image\" content=\"https:\/\/enheco.com\/wp-content\/uploads\/2023\/12\/iconos-diseno.png\" \/>\n\t<meta property=\"og:image:width\" content=\"345\" \/>\n\t<meta property=\"og:image:height\" content=\"345\" \/>\n\t<meta property=\"og:image:type\" content=\"image\/png\" \/>\n<meta name=\"twitter:card\" content=\"summary_large_image\" \/>\n<meta name=\"twitter:label1\" content=\"Tiempo de lectura\" \/>\n\t<meta name=\"twitter:data1\" content=\"1 minuto\" \/>\n<script type=\"application\/ld+json\" class=\"yoast-schema-graph\">{\"@context\":\"https:\/\/schema.org\",\"@graph\":[{\"@type\":\"WebPage\",\"@id\":\"https:\/\/enheco.com\/contact-us\/\",\"url\":\"https:\/\/enheco.com\/contact-us\/\",\"name\":\"Contact us ~ Enheco: ingenier\u00eda para el planeta\",\"isPartOf\":{\"@id\":\"https:\/\/enheco.com\/#website\"},\"primaryImageOfPage\":{\"@id\":\"https:\/\/enheco.com\/contact-us\/#primaryimage\"},\"image\":{\"@id\":\"https:\/\/enheco.com\/contact-us\/#primaryimage\"},\"thumbnailUrl\":\"https:\/\/enheco.com\/wp-content\/uploads\/2023\/12\/iconos-diseno-150x150.png\",\"datePublished\":\"2024-06-25T14:45:30+00:00\",\"dateModified\":\"2025-12-16T19:50:03+00:00\",\"description\":\"Dise\u00f1o y fabricaci\u00f3n a medidas de equipos de calentamiento para la industria, como quemadores de gas, hornos de tratamiento t\u00e9rmico, hornos de secado, laboratorios de miner\u00eda y m\u00e1s\",\"breadcrumb\":{\"@id\":\"https:\/\/enheco.com\/contact-us\/#breadcrumb\"},\"inLanguage\":\"es-CO\",\"potentialAction\":[{\"@type\":\"ReadAction\",\"target\":[\"https:\/\/enheco.com\/contact-us\/\"]}]},{\"@type\":\"ImageObject\",\"inLanguage\":\"es-CO\",\"@id\":\"https:\/\/enheco.com\/contact-us\/#primaryimage\",\"url\":\"https:\/\/enheco.com\/wp-content\/uploads\/2023\/12\/iconos-diseno-150x150.png\",\"contentUrl\":\"https:\/\/enheco.com\/wp-content\/uploads\/2023\/12\/iconos-diseno-150x150.png\"},{\"@type\":\"BreadcrumbList\",\"@id\":\"https:\/\/enheco.com\/contact-us\/#breadcrumb\",\"itemListElement\":[{\"@type\":\"ListItem\",\"position\":1,\"name\":\"Portada\",\"item\":\"https:\/\/enheco.com\/\"},{\"@type\":\"ListItem\",\"position\":2,\"name\":\"Contact us\"}]},{\"@type\":\"WebSite\",\"@id\":\"https:\/\/enheco.com\/#website\",\"url\":\"https:\/\/enheco.com\/\",\"name\":\"Enheco: ingenier\u00eda para el planeta\",\"description\":\"Compa\u00f1\u00eda colombiana del sector industrial, dedicada al desarrollo de la ingenier\u00eda en general\",\"publisher\":{\"@id\":\"https:\/\/enheco.com\/#organization\"},\"alternateName\":\"ENHECO - Engineering Heating And Combustion SAS.\",\"potentialAction\":[{\"@type\":\"SearchAction\",\"target\":{\"@type\":\"EntryPoint\",\"urlTemplate\":\"https:\/\/enheco.com\/?s={search_term_string}\"},\"query-input\":{\"@type\":\"PropertyValueSpecification\",\"valueRequired\":true,\"valueName\":\"search_term_string\"}}],\"inLanguage\":\"es-CO\"},{\"@type\":\"Organization\",\"@id\":\"https:\/\/enheco.com\/#organization\",\"name\":\"ENHECO - Engineering Heating And Combustion SAS.\",\"alternateName\":\"ENHECO - Engineering Heating And Combustion SAS.\",\"url\":\"https:\/\/enheco.com\/\",\"logo\":{\"@type\":\"ImageObject\",\"inLanguage\":\"es-CO\",\"@id\":\"https:\/\/enheco.com\/#\/schema\/logo\/image\/\",\"url\":\"https:\/\/enheco.com\/wp-content\/uploads\/2025\/07\/logo-enheco.png\",\"contentUrl\":\"https:\/\/enheco.com\/wp-content\/uploads\/2025\/07\/logo-enheco.png\",\"width\":300,\"height\":300,\"caption\":\"ENHECO - Engineering Heating And Combustion SAS.\"},\"image\":{\"@id\":\"https:\/\/enheco.com\/#\/schema\/logo\/image\/\"}}]}<\/script>\n<!-- \/ Yoast SEO plugin. -->","yoast_head_json":{"title":"Contact us ~ Enheco: ingenier\u00eda para el planeta","description":"Dise\u00f1o y fabricaci\u00f3n a medidas de equipos de calentamiento para la industria, como quemadores de gas, hornos de tratamiento t\u00e9rmico, hornos de secado, laboratorios de miner\u00eda y m\u00e1s","robots":{"index":"index","follow":"follow","max-snippet":"max-snippet:-1","max-image-preview":"max-image-preview:large","max-video-preview":"max-video-preview:-1"},"canonical":"https:\/\/enheco.com\/es\/contact-us\/","og_locale":"es_ES","og_type":"article","og_title":"Contact us ~ Enheco: ingenier\u00eda para el planeta","og_description":"Dise\u00f1o y fabricaci\u00f3n a medidas de equipos de calentamiento para la industria, como quemadores de gas, hornos de tratamiento t\u00e9rmico, hornos de secado, laboratorios de miner\u00eda y m\u00e1s","og_url":"https:\/\/enheco.com\/es\/contact-us\/","og_site_name":"Enheco: ingenier\u00eda para el planeta","article_modified_time":"2025-12-16T19:50:03+00:00","og_image":[{"width":345,"height":345,"url":"https:\/\/enheco.com\/wp-content\/uploads\/2023\/12\/iconos-diseno.png","type":"image\/png"}],"twitter_card":"summary_large_image","twitter_misc":{"Tiempo de lectura":"1 minuto"},"schema":{"@context":"https:\/\/schema.org","@graph":[{"@type":"WebPage","@id":"https:\/\/enheco.com\/contact-us\/","url":"https:\/\/enheco.com\/contact-us\/","name":"Contact us ~ Enheco: ingenier\u00eda para el planeta","isPartOf":{"@id":"https:\/\/enheco.com\/#website"},"primaryImageOfPage":{"@id":"https:\/\/enheco.com\/contact-us\/#primaryimage"},"image":{"@id":"https:\/\/enheco.com\/contact-us\/#primaryimage"},"thumbnailUrl":"https:\/\/enheco.com\/wp-content\/uploads\/2023\/12\/iconos-diseno-150x150.png","datePublished":"2024-06-25T14:45:30+00:00","dateModified":"2025-12-16T19:50:03+00:00","description":"Dise\u00f1o y fabricaci\u00f3n a medidas de equipos de calentamiento para la industria, como quemadores de gas, hornos de tratamiento t\u00e9rmico, hornos de secado, laboratorios de miner\u00eda y m\u00e1s","breadcrumb":{"@id":"https:\/\/enheco.com\/contact-us\/#breadcrumb"},"inLanguage":"es-CO","potentialAction":[{"@type":"ReadAction","target":["https:\/\/enheco.com\/contact-us\/"]}]},{"@type":"ImageObject","inLanguage":"es-CO","@id":"https:\/\/enheco.com\/contact-us\/#primaryimage","url":"https:\/\/enheco.com\/wp-content\/uploads\/2023\/12\/iconos-diseno-150x150.png","contentUrl":"https:\/\/enheco.com\/wp-content\/uploads\/2023\/12\/iconos-diseno-150x150.png"},{"@type":"BreadcrumbList","@id":"https:\/\/enheco.com\/contact-us\/#breadcrumb","itemListElement":[{"@type":"ListItem","position":1,"name":"Portada","item":"https:\/\/enheco.com\/"},{"@type":"ListItem","position":2,"name":"Contact us"}]},{"@type":"WebSite","@id":"https:\/\/enheco.com\/#website","url":"https:\/\/enheco.com\/","name":"Enheco: ingenier\u00eda para el planeta","description":"Compa\u00f1\u00eda colombiana del sector industrial, dedicada al desarrollo de la ingenier\u00eda en general","publisher":{"@id":"https:\/\/enheco.com\/#organization"},"alternateName":"ENHECO - Engineering Heating And Combustion SAS.","potentialAction":[{"@type":"SearchAction","target":{"@type":"EntryPoint","urlTemplate":"https:\/\/enheco.com\/?s={search_term_string}"},"query-input":{"@type":"PropertyValueSpecification","valueRequired":true,"valueName":"search_term_string"}}],"inLanguage":"es-CO"},{"@type":"Organization","@id":"https:\/\/enheco.com\/#organization","name":"ENHECO -  Ingenier\u00eda de Calefacci\u00f3n y Combusti\u00f3n SAS.","alternateName":"ENHECO - Engineering Heating And Combustion SAS.","url":"https:\/\/enheco.com\/","logo":{"@type":"ImageObject","inLanguage":"es-CO","@id":"https:\/\/enheco.com\/#\/schema\/logo\/image\/","url":"https:\/\/enheco.com\/wp-content\/uploads\/2025\/07\/logo-enheco.png","contentUrl":"https:\/\/enheco.com\/wp-content\/uploads\/2025\/07\/logo-enheco.png","width":300,"height":300,"caption":"ENHECO - Engineering Heating And Combustion SAS."},"image":{"@id":"https:\/\/enheco.com\/#\/schema\/logo\/image\/"}}]}},"_links":{"self":[{"href":"https:\/\/enheco.com\/es\/wp-json\/wp\/v2\/pages\/1286","targetHints":{"allow":["GET"]}}],"collection":[{"href":"https:\/\/enheco.com\/es\/wp-json\/wp\/v2\/pages"}],"about":[{"href":"https:\/\/enheco.com\/es\/wp-json\/wp\/v2\/types\/page"}],"author":[{"embeddable":true,"href":"https:\/\/enheco.com\/es\/wp-json\/wp\/v2\/users\/1"}],"replies":[{"embeddable":true,"href":"https:\/\/enheco.com\/es\/wp-json\/wp\/v2\/comments?post=1286"}],"version-history":[{"count":26,"href":"https:\/\/enheco.com\/es\/wp-json\/wp\/v2\/pages\/1286\/revisions"}],"predecessor-version":[{"id":3568,"href":"https:\/\/enheco.com\/es\/wp-json\/wp\/v2\/pages\/1286\/revisions\/3568"}],"wp:attachment":[{"href":"https:\/\/enheco.com\/es\/wp-json\/wp\/v2\/media?parent=1286"}],"curies":[{"name":"wp","href":"https:\/\/api.w.org\/{rel}","templated":true}]}}