{"id":1006,"date":"2024-06-12T20:36:57","date_gmt":"2024-06-12T18:36:57","guid":{"rendered":"https:\/\/enheco.com\/webnueva\/?post_type=product&#038;p=1006"},"modified":"2026-01-30T14:28:28","modified_gmt":"2026-01-30T13:28:28","slug":"presostatos-de-aire-y-gas-para-quemadores-es","status":"publish","type":"product","link":"https:\/\/enheco.com\/es\/equipos-y-repuestos-es\/presostatos-de-aire-y-gas-para-quemadores-es\/","title":{"rendered":"Presostatos de aire y gas para quemadores"},"content":{"rendered":"<p>Presostatos de aire y gas para quemadores<\/p>","protected":false},"excerpt":{"rendered":"<p>Presostatos de aire y gas para quemadores<\/p>","protected":false},"featured_media":1010,"template":"","meta":{"_joinchat":[]},"product_brand":[37],"product_cat":[18],"product_tag":[],"class_list":{"0":"post-1006","1":"product","2":"type-product","3":"status-publish","4":"has-post-thumbnail","6":"product_brand-brahma","7":"product_cat-burner-spare-parts","8":"description-off","10":"first","11":"instock","12":"shipping-taxable","13":"product-type-simple"},"yoast_head":"<!-- This site is optimized with the Yoast SEO plugin v26.9 - https:\/\/yoast.com\/product\/yoast-seo-wordpress\/ -->\n<title>Air and gas pressure switches for burners ~ Enheco: ingenier\u00eda para el planeta<\/title>\n<meta name=\"description\" content=\"Custom design and manufacture of air and gas pressure switch equipment for burners, gas burners, ovens, mining laboratories and more.\" \/>\n<meta name=\"robots\" content=\"index, follow, max-snippet:-1, max-image-preview:large, max-video-preview:-1\" \/>\n<link rel=\"canonical\" href=\"https:\/\/enheco.com\/es\/equipos-y-repuestos-es\/presostatos-de-aire-y-gas-para-quemadores-es\/\" \/>\n<meta property=\"og:locale\" content=\"es_ES\" \/>\n<meta property=\"og:type\" content=\"article\" \/>\n<meta property=\"og:title\" content=\"Air and gas pressure switches for burners ~ Enheco: ingenier\u00eda para el planeta\" \/>\n<meta property=\"og:description\" content=\"Custom design and manufacture of air and gas pressure switch equipment for burners, gas burners, ovens, mining laboratories and more.\" \/>\n<meta property=\"og:url\" content=\"https:\/\/enheco.com\/es\/equipos-y-repuestos-es\/presostatos-de-aire-y-gas-para-quemadores-es\/\" \/>\n<meta property=\"og:site_name\" content=\"Enheco: ingenier\u00eda para el planeta\" \/>\n<meta property=\"article:modified_time\" content=\"2026-01-30T13:28:28+00:00\" \/>\n<meta property=\"og:image\" content=\"https:\/\/enheco.com\/wp-content\/uploads\/2024\/06\/Presostatos-de-aire-y-gas-para-quemadores.jpg\" \/>\n\t<meta property=\"og:image:width\" content=\"900\" \/>\n\t<meta property=\"og:image:height\" content=\"1000\" \/>\n\t<meta property=\"og:image:type\" content=\"image\/jpeg\" \/>\n<meta name=\"twitter:card\" content=\"summary_large_image\" \/>\n<meta name=\"twitter:label1\" content=\"Tiempo de lectura\" \/>\n\t<meta name=\"twitter:data1\" content=\"1 minuto\" \/>\n<script type=\"application\/ld+json\" class=\"yoast-schema-graph\">{\"@context\":\"https:\/\/schema.org\",\"@graph\":[{\"@type\":\"WebPage\",\"@id\":\"https:\/\/enheco.com\/equipment-and-spare-parts\/air-and-gas-pressure-switches-for-burners\/\",\"url\":\"https:\/\/enheco.com\/equipment-and-spare-parts\/air-and-gas-pressure-switches-for-burners\/\",\"name\":\"Air and gas pressure switches for burners ~ Enheco: ingenier\u00eda para el planeta\",\"isPartOf\":{\"@id\":\"https:\/\/enheco.com\/#website\"},\"primaryImageOfPage\":{\"@id\":\"https:\/\/enheco.com\/equipment-and-spare-parts\/air-and-gas-pressure-switches-for-burners\/#primaryimage\"},\"image\":{\"@id\":\"https:\/\/enheco.com\/equipment-and-spare-parts\/air-and-gas-pressure-switches-for-burners\/#primaryimage\"},\"thumbnailUrl\":\"https:\/\/enheco.com\/wp-content\/uploads\/2024\/06\/Presostatos-de-aire-y-gas-para-quemadores.jpg\",\"datePublished\":\"2024-06-12T18:36:57+00:00\",\"dateModified\":\"2026-01-30T13:28:28+00:00\",\"description\":\"Custom design and manufacture of air and gas pressure switch equipment for burners, gas burners, ovens, mining laboratories and more.\",\"breadcrumb\":{\"@id\":\"https:\/\/enheco.com\/equipment-and-spare-parts\/air-and-gas-pressure-switches-for-burners\/#breadcrumb\"},\"inLanguage\":\"es-CO\",\"potentialAction\":[{\"@type\":\"ReadAction\",\"target\":[\"https:\/\/enheco.com\/equipment-and-spare-parts\/air-and-gas-pressure-switches-for-burners\/\"]}]},{\"@type\":\"ImageObject\",\"inLanguage\":\"es-CO\",\"@id\":\"https:\/\/enheco.com\/equipment-and-spare-parts\/air-and-gas-pressure-switches-for-burners\/#primaryimage\",\"url\":\"https:\/\/enheco.com\/wp-content\/uploads\/2024\/06\/Presostatos-de-aire-y-gas-para-quemadores.jpg\",\"contentUrl\":\"https:\/\/enheco.com\/wp-content\/uploads\/2024\/06\/Presostatos-de-aire-y-gas-para-quemadores.jpg\",\"width\":900,\"height\":1000,\"caption\":\"Presostatos de aire y gas para quemadores\"},{\"@type\":\"BreadcrumbList\",\"@id\":\"https:\/\/enheco.com\/equipment-and-spare-parts\/air-and-gas-pressure-switches-for-burners\/#breadcrumb\",\"itemListElement\":[{\"@type\":\"ListItem\",\"position\":1,\"name\":\"Portada\",\"item\":\"https:\/\/enheco.com\/\"},{\"@type\":\"ListItem\",\"position\":2,\"name\":\"Equipment and spare parts\",\"item\":\"https:\/\/enheco.com\/equipment-and-spare-parts\/\"},{\"@type\":\"ListItem\",\"position\":3,\"name\":\"Air and gas pressure switches for burners\"}]},{\"@type\":\"WebSite\",\"@id\":\"https:\/\/enheco.com\/#website\",\"url\":\"https:\/\/enheco.com\/\",\"name\":\"Enheco: ingenier\u00eda para el planeta\",\"description\":\"Compa\u00f1\u00eda colombiana del sector industrial, dedicada al desarrollo de la ingenier\u00eda en general\",\"publisher\":{\"@id\":\"https:\/\/enheco.com\/#organization\"},\"alternateName\":\"ENHECO - Engineering Heating And Combustion SAS.\",\"potentialAction\":[{\"@type\":\"SearchAction\",\"target\":{\"@type\":\"EntryPoint\",\"urlTemplate\":\"https:\/\/enheco.com\/?s={search_term_string}\"},\"query-input\":{\"@type\":\"PropertyValueSpecification\",\"valueRequired\":true,\"valueName\":\"search_term_string\"}}],\"inLanguage\":\"es-CO\"},{\"@type\":\"Organization\",\"@id\":\"https:\/\/enheco.com\/#organization\",\"name\":\"ENHECO - Engineering Heating And Combustion SAS.\",\"alternateName\":\"ENHECO - Engineering Heating And Combustion SAS.\",\"url\":\"https:\/\/enheco.com\/\",\"logo\":{\"@type\":\"ImageObject\",\"inLanguage\":\"es-CO\",\"@id\":\"https:\/\/enheco.com\/#\/schema\/logo\/image\/\",\"url\":\"https:\/\/enheco.com\/wp-content\/uploads\/2025\/07\/logo-enheco.png\",\"contentUrl\":\"https:\/\/enheco.com\/wp-content\/uploads\/2025\/07\/logo-enheco.png\",\"width\":300,\"height\":300,\"caption\":\"ENHECO - Engineering Heating And Combustion SAS.\"},\"image\":{\"@id\":\"https:\/\/enheco.com\/#\/schema\/logo\/image\/\"}}]}<\/script>\n<!-- \/ Yoast SEO plugin. -->","yoast_head_json":{"title":"Presostatos de aire y gas para quemadores ~ Enheco","description":"Dise\u00f1o y fabricaci\u00f3n a medida de equipos de  Presostatos de aire y gas para quemadores,quemadores de gas, hornos, laboratorios mineros y m\u00e1s.","robots":{"index":"index","follow":"follow","max-snippet":"max-snippet:-1","max-image-preview":"max-image-preview:large","max-video-preview":"max-video-preview:-1"},"canonical":"https:\/\/enheco.com\/es\/equipos-y-repuestos-es\/presostatos-de-aire-y-gas-para-quemadores-es\/","og_locale":"es_ES","og_type":"article","og_title":"Air and gas pressure switches for burners ~ Enheco: ingenier\u00eda para el planeta","og_description":"Custom design and manufacture of air and gas pressure switch equipment for burners, gas burners, ovens, mining laboratories and more.","og_url":"https:\/\/enheco.com\/es\/equipos-y-repuestos-es\/presostatos-de-aire-y-gas-para-quemadores-es\/","og_site_name":"Enheco: ingenier\u00eda para el planeta","article_modified_time":"2026-01-30T13:28:28+00:00","og_image":[{"width":900,"height":1000,"url":"https:\/\/enheco.com\/wp-content\/uploads\/2024\/06\/Presostatos-de-aire-y-gas-para-quemadores.jpg","type":"image\/jpeg"}],"twitter_card":"summary_large_image","twitter_misc":{"Tiempo de lectura":"1 minuto"},"schema":{"@context":"https:\/\/schema.org","@graph":[{"@type":"WebPage","@id":"https:\/\/enheco.com\/equipment-and-spare-parts\/air-and-gas-pressure-switches-for-burners\/","url":"https:\/\/enheco.com\/equipment-and-spare-parts\/air-and-gas-pressure-switches-for-burners\/","name":"Presostatos de aire y gas para quemadores ~ Enheco","isPartOf":{"@id":"https:\/\/enheco.com\/#website"},"primaryImageOfPage":{"@id":"https:\/\/enheco.com\/equipment-and-spare-parts\/air-and-gas-pressure-switches-for-burners\/#primaryimage"},"image":{"@id":"https:\/\/enheco.com\/equipment-and-spare-parts\/air-and-gas-pressure-switches-for-burners\/#primaryimage"},"thumbnailUrl":"https:\/\/enheco.com\/wp-content\/uploads\/2024\/06\/Presostatos-de-aire-y-gas-para-quemadores.jpg","datePublished":"2024-06-12T18:36:57+00:00","dateModified":"2026-01-30T13:28:28+00:00","description":"Dise\u00f1o y fabricaci\u00f3n a medida de equipos de  Presostatos de aire y gas para quemadores,quemadores de gas, hornos, laboratorios mineros y m\u00e1s.","breadcrumb":{"@id":"https:\/\/enheco.com\/equipment-and-spare-parts\/air-and-gas-pressure-switches-for-burners\/#breadcrumb"},"inLanguage":"es-CO","potentialAction":[{"@type":"ReadAction","target":["https:\/\/enheco.com\/equipment-and-spare-parts\/air-and-gas-pressure-switches-for-burners\/"]}]},{"@type":"ImageObject","inLanguage":"es-CO","@id":"https:\/\/enheco.com\/equipment-and-spare-parts\/air-and-gas-pressure-switches-for-burners\/#primaryimage","url":"https:\/\/enheco.com\/wp-content\/uploads\/2024\/06\/Presostatos-de-aire-y-gas-para-quemadores.jpg","contentUrl":"https:\/\/enheco.com\/wp-content\/uploads\/2024\/06\/Presostatos-de-aire-y-gas-para-quemadores.jpg","width":900,"height":1000,"caption":"Presostatos de aire y gas para quemadores"},{"@type":"BreadcrumbList","@id":"https:\/\/enheco.com\/equipment-and-spare-parts\/air-and-gas-pressure-switches-for-burners\/#breadcrumb","itemListElement":[{"@type":"ListItem","position":1,"name":"Portada","item":"https:\/\/enheco.com\/"},{"@type":"ListItem","position":2,"name":"Equipment and spare parts","item":"https:\/\/enheco.com\/equipment-and-spare-parts\/"},{"@type":"ListItem","position":3,"name":"Air and gas pressure switches for burners"}]},{"@type":"WebSite","@id":"https:\/\/enheco.com\/#website","url":"https:\/\/enheco.com\/","name":"Enheco: ingenier\u00eda para el planeta","description":"Compa\u00f1\u00eda colombiana del sector industrial, dedicada al desarrollo de la ingenier\u00eda en general","publisher":{"@id":"https:\/\/enheco.com\/#organization"},"alternateName":"ENHECO - Engineering Heating And Combustion SAS.","potentialAction":[{"@type":"SearchAction","target":{"@type":"EntryPoint","urlTemplate":"https:\/\/enheco.com\/?s={search_term_string}"},"query-input":{"@type":"PropertyValueSpecification","valueRequired":true,"valueName":"search_term_string"}}],"inLanguage":"es-CO"},{"@type":"Organization","@id":"https:\/\/enheco.com\/#organization","name":"ENHECO -  Ingenier\u00eda de Calefacci\u00f3n y Combusti\u00f3n SAS.","alternateName":"ENHECO - Engineering Heating And Combustion SAS.","url":"https:\/\/enheco.com\/","logo":{"@type":"ImageObject","inLanguage":"es-CO","@id":"https:\/\/enheco.com\/#\/schema\/logo\/image\/","url":"https:\/\/enheco.com\/wp-content\/uploads\/2025\/07\/logo-enheco.png","contentUrl":"https:\/\/enheco.com\/wp-content\/uploads\/2025\/07\/logo-enheco.png","width":300,"height":300,"caption":"ENHECO - Engineering Heating And Combustion SAS."},"image":{"@id":"https:\/\/enheco.com\/#\/schema\/logo\/image\/"}}]}},"_links":{"self":[{"href":"https:\/\/enheco.com\/es\/wp-json\/wp\/v2\/product\/1006","targetHints":{"allow":["GET"]}}],"collection":[{"href":"https:\/\/enheco.com\/es\/wp-json\/wp\/v2\/product"}],"about":[{"href":"https:\/\/enheco.com\/es\/wp-json\/wp\/v2\/types\/product"}],"wp:featuredmedia":[{"embeddable":true,"href":"https:\/\/enheco.com\/es\/wp-json\/wp\/v2\/media\/1010"}],"wp:attachment":[{"href":"https:\/\/enheco.com\/es\/wp-json\/wp\/v2\/media?parent=1006"}],"wp:term":[{"taxonomy":"product_brand","embeddable":true,"href":"https:\/\/enheco.com\/es\/wp-json\/wp\/v2\/product_brand?post=1006"},{"taxonomy":"product_cat","embeddable":true,"href":"https:\/\/enheco.com\/es\/wp-json\/wp\/v2\/product_cat?post=1006"},{"taxonomy":"product_tag","embeddable":true,"href":"https:\/\/enheco.com\/es\/wp-json\/wp\/v2\/product_tag?post=1006"}],"curies":[{"name":"wp","href":"https:\/\/api.w.org\/{rel}","templated":true}]}}