{"id":1022,"date":"2024-06-12T21:58:49","date_gmt":"2024-06-12T19:58:49","guid":{"rendered":"https:\/\/enheco.com\/webnueva\/?post_type=product&#038;p=1022"},"modified":"2025-12-17T21:52:15","modified_gmt":"2025-12-17T20:52:15","slug":"horno-de-secado-de-muestras-en-bandejas-es","status":"publish","type":"product","link":"https:\/\/enheco.com\/es\/equipos-y-repuestos-es\/horno-de-secado-de-muestras-en-bandejas-es\/","title":{"rendered":"Horno de secado de muestras en bandejas"},"content":{"rendered":"<p>Horno de secado el\u00e9ctrico, para el secado de muestras geol\u00f3gicas para an\u00e1lisis de humedad o para el retiro de la humedad previo a la trituraci\u00f3n de la muestra<\/p>","protected":false},"excerpt":{"rendered":"<p>Horno de secado el\u00e9ctrico, para el secado de muestras geol\u00f3gicas para an\u00e1lisis de humedad o para el retiro de la humedad previo a la trituraci\u00f3n de la muestra<\/p>","protected":false},"featured_media":1023,"template":"","meta":{"_joinchat":[]},"product_brand":[35],"product_cat":[31,32],"product_tag":[],"class_list":{"0":"post-1022","1":"product","2":"type-product","3":"status-publish","4":"has-post-thumbnail","6":"product_brand-ehneco","7":"product_cat-mining","8":"product_cat-ovens","9":"description-off","11":"first","12":"instock","13":"shipping-taxable","14":"product-type-simple"},"yoast_head":"<!-- This site is optimized with the Yoast SEO plugin v26.9 - https:\/\/yoast.com\/product\/yoast-seo-wordpress\/ -->\n<title>Tray drying oven ~ Enheco: ingenier\u00eda para el planeta<\/title>\n<meta name=\"description\" content=\"Drying oven for mining samples in trays. Dries geological samples for moisture analysis or for moisture removal prior to crushing.\" \/>\n<meta name=\"robots\" content=\"index, follow, max-snippet:-1, max-image-preview:large, max-video-preview:-1\" \/>\n<link rel=\"canonical\" href=\"https:\/\/enheco.com\/es\/equipos-y-repuestos-es\/horno-de-secado-de-muestras-en-bandejas-es\/\" \/>\n<meta property=\"og:locale\" content=\"es_ES\" \/>\n<meta property=\"og:type\" content=\"article\" \/>\n<meta property=\"og:title\" content=\"Tray drying oven ~ Enheco: ingenier\u00eda para el planeta\" \/>\n<meta property=\"og:description\" content=\"Drying oven for mining samples in trays. Dries geological samples for moisture analysis or for moisture removal prior to crushing.\" \/>\n<meta property=\"og:url\" content=\"https:\/\/enheco.com\/es\/equipos-y-repuestos-es\/horno-de-secado-de-muestras-en-bandejas-es\/\" \/>\n<meta property=\"og:site_name\" content=\"Enheco: ingenier\u00eda para el planeta\" \/>\n<meta property=\"article:modified_time\" content=\"2025-12-17T20:52:15+00:00\" \/>\n<meta property=\"og:image\" content=\"https:\/\/enheco.com\/wp-content\/uploads\/2024\/06\/Horno-de-Secado-de-muestras.jpg\" \/>\n\t<meta property=\"og:image:width\" content=\"900\" \/>\n\t<meta property=\"og:image:height\" content=\"1000\" \/>\n\t<meta property=\"og:image:type\" content=\"image\/jpeg\" \/>\n<meta name=\"twitter:card\" content=\"summary_large_image\" \/>\n<meta name=\"twitter:label1\" content=\"Tiempo de lectura\" \/>\n\t<meta name=\"twitter:data1\" content=\"1 minuto\" \/>\n<script type=\"application\/ld+json\" class=\"yoast-schema-graph\">{\"@context\":\"https:\/\/schema.org\",\"@graph\":[{\"@type\":\"WebPage\",\"@id\":\"https:\/\/enheco.com\/equipment-and-spare-parts\/tray-drying-oven\/\",\"url\":\"https:\/\/enheco.com\/equipment-and-spare-parts\/tray-drying-oven\/\",\"name\":\"Tray drying oven ~ Enheco: ingenier\u00eda para el planeta\",\"isPartOf\":{\"@id\":\"https:\/\/enheco.com\/#website\"},\"primaryImageOfPage\":{\"@id\":\"https:\/\/enheco.com\/equipment-and-spare-parts\/tray-drying-oven\/#primaryimage\"},\"image\":{\"@id\":\"https:\/\/enheco.com\/equipment-and-spare-parts\/tray-drying-oven\/#primaryimage\"},\"thumbnailUrl\":\"https:\/\/enheco.com\/wp-content\/uploads\/2024\/06\/Horno-de-Secado-de-muestras.jpg\",\"datePublished\":\"2024-06-12T19:58:49+00:00\",\"dateModified\":\"2025-12-17T20:52:15+00:00\",\"description\":\"Drying oven for mining samples in trays. Dries geological samples for moisture analysis or for moisture removal prior to crushing.\",\"breadcrumb\":{\"@id\":\"https:\/\/enheco.com\/equipment-and-spare-parts\/tray-drying-oven\/#breadcrumb\"},\"inLanguage\":\"es-CO\",\"potentialAction\":[{\"@type\":\"ReadAction\",\"target\":[\"https:\/\/enheco.com\/equipment-and-spare-parts\/tray-drying-oven\/\"]}]},{\"@type\":\"ImageObject\",\"inLanguage\":\"es-CO\",\"@id\":\"https:\/\/enheco.com\/equipment-and-spare-parts\/tray-drying-oven\/#primaryimage\",\"url\":\"https:\/\/enheco.com\/wp-content\/uploads\/2024\/06\/Horno-de-Secado-de-muestras.jpg\",\"contentUrl\":\"https:\/\/enheco.com\/wp-content\/uploads\/2024\/06\/Horno-de-Secado-de-muestras.jpg\",\"width\":900,\"height\":1000,\"caption\":\"Horno de secado de muestras de miner\u00eda en bandejas\"},{\"@type\":\"BreadcrumbList\",\"@id\":\"https:\/\/enheco.com\/equipment-and-spare-parts\/tray-drying-oven\/#breadcrumb\",\"itemListElement\":[{\"@type\":\"ListItem\",\"position\":1,\"name\":\"Portada\",\"item\":\"https:\/\/enheco.com\/\"},{\"@type\":\"ListItem\",\"position\":2,\"name\":\"Equipment and spare parts\",\"item\":\"https:\/\/enheco.com\/equipment-and-spare-parts\/\"},{\"@type\":\"ListItem\",\"position\":3,\"name\":\"Tray drying oven\"}]},{\"@type\":\"WebSite\",\"@id\":\"https:\/\/enheco.com\/#website\",\"url\":\"https:\/\/enheco.com\/\",\"name\":\"Enheco: ingenier\u00eda para el planeta\",\"description\":\"Compa\u00f1\u00eda colombiana del sector industrial, dedicada al desarrollo de la ingenier\u00eda en general\",\"publisher\":{\"@id\":\"https:\/\/enheco.com\/#organization\"},\"alternateName\":\"ENHECO - Engineering Heating And Combustion SAS.\",\"potentialAction\":[{\"@type\":\"SearchAction\",\"target\":{\"@type\":\"EntryPoint\",\"urlTemplate\":\"https:\/\/enheco.com\/?s={search_term_string}\"},\"query-input\":{\"@type\":\"PropertyValueSpecification\",\"valueRequired\":true,\"valueName\":\"search_term_string\"}}],\"inLanguage\":\"es-CO\"},{\"@type\":\"Organization\",\"@id\":\"https:\/\/enheco.com\/#organization\",\"name\":\"ENHECO - Engineering Heating And Combustion SAS.\",\"alternateName\":\"ENHECO - Engineering Heating And Combustion SAS.\",\"url\":\"https:\/\/enheco.com\/\",\"logo\":{\"@type\":\"ImageObject\",\"inLanguage\":\"es-CO\",\"@id\":\"https:\/\/enheco.com\/#\/schema\/logo\/image\/\",\"url\":\"https:\/\/enheco.com\/wp-content\/uploads\/2025\/07\/logo-enheco.png\",\"contentUrl\":\"https:\/\/enheco.com\/wp-content\/uploads\/2025\/07\/logo-enheco.png\",\"width\":300,\"height\":300,\"caption\":\"ENHECO - Engineering Heating And Combustion SAS.\"},\"image\":{\"@id\":\"https:\/\/enheco.com\/#\/schema\/logo\/image\/\"}}]}<\/script>\n<!-- \/ Yoast SEO plugin. -->","yoast_head_json":{"title":"Horno de secado de muestras en bandejas  ~ Enheco","description":"Horno de secado de muestras de miner\u00eda en bandejas. Seca las muestras geol\u00f3gicas para an\u00e1lisis de humedad o para el retiro de la humedad previo a la trituraci\u00f3n.","robots":{"index":"index","follow":"follow","max-snippet":"max-snippet:-1","max-image-preview":"max-image-preview:large","max-video-preview":"max-video-preview:-1"},"canonical":"https:\/\/enheco.com\/es\/equipos-y-repuestos-es\/horno-de-secado-de-muestras-en-bandejas-es\/","og_locale":"es_ES","og_type":"article","og_title":"Tray drying oven ~ Enheco: ingenier\u00eda para el planeta","og_description":"Drying oven for mining samples in trays. Dries geological samples for moisture analysis or for moisture removal prior to crushing.","og_url":"https:\/\/enheco.com\/es\/equipos-y-repuestos-es\/horno-de-secado-de-muestras-en-bandejas-es\/","og_site_name":"Enheco: ingenier\u00eda para el planeta","article_modified_time":"2025-12-17T20:52:15+00:00","og_image":[{"width":900,"height":1000,"url":"https:\/\/enheco.com\/wp-content\/uploads\/2024\/06\/Horno-de-Secado-de-muestras.jpg","type":"image\/jpeg"}],"twitter_card":"summary_large_image","twitter_misc":{"Tiempo de lectura":"1 minuto"},"schema":{"@context":"https:\/\/schema.org","@graph":[{"@type":"WebPage","@id":"https:\/\/enheco.com\/equipment-and-spare-parts\/tray-drying-oven\/","url":"https:\/\/enheco.com\/equipment-and-spare-parts\/tray-drying-oven\/","name":"Horno de secado de muestras en bandejas  ~ Enheco","isPartOf":{"@id":"https:\/\/enheco.com\/#website"},"primaryImageOfPage":{"@id":"https:\/\/enheco.com\/equipment-and-spare-parts\/tray-drying-oven\/#primaryimage"},"image":{"@id":"https:\/\/enheco.com\/equipment-and-spare-parts\/tray-drying-oven\/#primaryimage"},"thumbnailUrl":"https:\/\/enheco.com\/wp-content\/uploads\/2024\/06\/Horno-de-Secado-de-muestras.jpg","datePublished":"2024-06-12T19:58:49+00:00","dateModified":"2025-12-17T20:52:15+00:00","description":"Horno de secado de muestras de miner\u00eda en bandejas. Seca las muestras geol\u00f3gicas para an\u00e1lisis de humedad o para el retiro de la humedad previo a la trituraci\u00f3n.","breadcrumb":{"@id":"https:\/\/enheco.com\/equipment-and-spare-parts\/tray-drying-oven\/#breadcrumb"},"inLanguage":"es-CO","potentialAction":[{"@type":"ReadAction","target":["https:\/\/enheco.com\/equipment-and-spare-parts\/tray-drying-oven\/"]}]},{"@type":"ImageObject","inLanguage":"es-CO","@id":"https:\/\/enheco.com\/equipment-and-spare-parts\/tray-drying-oven\/#primaryimage","url":"https:\/\/enheco.com\/wp-content\/uploads\/2024\/06\/Horno-de-Secado-de-muestras.jpg","contentUrl":"https:\/\/enheco.com\/wp-content\/uploads\/2024\/06\/Horno-de-Secado-de-muestras.jpg","width":900,"height":1000,"caption":"Horno de secado de muestras de miner\u00eda en bandejas"},{"@type":"BreadcrumbList","@id":"https:\/\/enheco.com\/equipment-and-spare-parts\/tray-drying-oven\/#breadcrumb","itemListElement":[{"@type":"ListItem","position":1,"name":"Portada","item":"https:\/\/enheco.com\/"},{"@type":"ListItem","position":2,"name":"Equipment and spare parts","item":"https:\/\/enheco.com\/equipment-and-spare-parts\/"},{"@type":"ListItem","position":3,"name":"Tray drying oven"}]},{"@type":"WebSite","@id":"https:\/\/enheco.com\/#website","url":"https:\/\/enheco.com\/","name":"Enheco: ingenier\u00eda para el planeta","description":"Compa\u00f1\u00eda colombiana del sector industrial, dedicada al desarrollo de la ingenier\u00eda en general","publisher":{"@id":"https:\/\/enheco.com\/#organization"},"alternateName":"ENHECO - Engineering Heating And Combustion SAS.","potentialAction":[{"@type":"SearchAction","target":{"@type":"EntryPoint","urlTemplate":"https:\/\/enheco.com\/?s={search_term_string}"},"query-input":{"@type":"PropertyValueSpecification","valueRequired":true,"valueName":"search_term_string"}}],"inLanguage":"es-CO"},{"@type":"Organization","@id":"https:\/\/enheco.com\/#organization","name":"ENHECO -  Ingenier\u00eda de Calefacci\u00f3n y Combusti\u00f3n SAS.","alternateName":"ENHECO - Engineering Heating And Combustion SAS.","url":"https:\/\/enheco.com\/","logo":{"@type":"ImageObject","inLanguage":"es-CO","@id":"https:\/\/enheco.com\/#\/schema\/logo\/image\/","url":"https:\/\/enheco.com\/wp-content\/uploads\/2025\/07\/logo-enheco.png","contentUrl":"https:\/\/enheco.com\/wp-content\/uploads\/2025\/07\/logo-enheco.png","width":300,"height":300,"caption":"ENHECO - Engineering Heating And Combustion SAS."},"image":{"@id":"https:\/\/enheco.com\/#\/schema\/logo\/image\/"}}]}},"_links":{"self":[{"href":"https:\/\/enheco.com\/es\/wp-json\/wp\/v2\/product\/1022","targetHints":{"allow":["GET"]}}],"collection":[{"href":"https:\/\/enheco.com\/es\/wp-json\/wp\/v2\/product"}],"about":[{"href":"https:\/\/enheco.com\/es\/wp-json\/wp\/v2\/types\/product"}],"wp:featuredmedia":[{"embeddable":true,"href":"https:\/\/enheco.com\/es\/wp-json\/wp\/v2\/media\/1023"}],"wp:attachment":[{"href":"https:\/\/enheco.com\/es\/wp-json\/wp\/v2\/media?parent=1022"}],"wp:term":[{"taxonomy":"product_brand","embeddable":true,"href":"https:\/\/enheco.com\/es\/wp-json\/wp\/v2\/product_brand?post=1022"},{"taxonomy":"product_cat","embeddable":true,"href":"https:\/\/enheco.com\/es\/wp-json\/wp\/v2\/product_cat?post=1022"},{"taxonomy":"product_tag","embeddable":true,"href":"https:\/\/enheco.com\/es\/wp-json\/wp\/v2\/product_tag?post=1022"}],"curies":[{"name":"wp","href":"https:\/\/api.w.org\/{rel}","templated":true}]}}