{"id":1040,"date":"2024-06-12T23:44:01","date_gmt":"2024-06-12T21:44:01","guid":{"rendered":"https:\/\/enheco.com\/webnueva\/?post_type=product&#038;p=1040"},"modified":"2026-01-30T14:31:13","modified_gmt":"2026-01-30T13:31:13","slug":"divisor-rotativo-de-muestras-de-mineria-es","status":"publish","type":"product","link":"https:\/\/enheco.com\/es\/equipos-y-repuestos-es\/divisor-rotativo-de-muestras-de-mineria-es\/","title":{"rendered":"Divisor rotativo de muestras de miner\u00eda"},"content":{"rendered":"<p>Equipo dise\u00f1ado para dividir de forma homogenea las muestras de mineria que quieren ser partidas en partes iguales para realizar el analisis de tama\u00f1os menores sin perder precisi\u00f3n o exactitud, esto se realiza vertiendo el material en una tolva y que luego sera descargado de forma continua a los baldes o recipientes que estan girando<\/p>","protected":false},"excerpt":{"rendered":"<p>Equipo dise\u00f1ado para dividir de forma homogenea las muestras de mineria que quieren ser partidas en partes iguales para realizar el analisis de tama\u00f1os menores sin perder precisi\u00f3n o exactitud, esto se realiza vertiendo el material en una tolva y que luego sera descargado de forma continua a los baldes o recipientes que estan girando<\/p>","protected":false},"featured_media":1254,"template":"","meta":{"_joinchat":[]},"product_brand":[35],"product_cat":[30,31],"product_tag":[],"class_list":{"0":"post-1040","1":"product","2":"type-product","3":"status-publish","4":"has-post-thumbnail","6":"product_brand-ehneco","7":"product_cat-industry","8":"product_cat-mining","9":"description-off","11":"first","12":"instock","13":"shipping-taxable","14":"product-type-simple"},"yoast_head":"<!-- This site is optimized with the Yoast SEO plugin v26.9 - https:\/\/yoast.com\/product\/yoast-seo-wordpress\/ -->\n<title>Rotary mining sample divider ~ Enheco: ingenier\u00eda para el planeta<\/title>\n<meta name=\"description\" content=\"Equipment designed to homogeneously divide mining samples that are to be split into equal parts for analysis of smaller sizes.\" \/>\n<meta name=\"robots\" content=\"index, follow, max-snippet:-1, max-image-preview:large, max-video-preview:-1\" \/>\n<link rel=\"canonical\" href=\"https:\/\/enheco.com\/es\/equipos-y-repuestos-es\/divisor-rotativo-de-muestras-de-mineria-es\/\" \/>\n<meta property=\"og:locale\" content=\"es_ES\" \/>\n<meta property=\"og:type\" content=\"article\" \/>\n<meta property=\"og:title\" content=\"Rotary mining sample divider ~ Enheco: ingenier\u00eda para el planeta\" \/>\n<meta property=\"og:description\" content=\"Equipment designed to homogeneously divide mining samples that are to be split into equal parts for analysis of smaller sizes.\" \/>\n<meta property=\"og:url\" content=\"https:\/\/enheco.com\/es\/equipos-y-repuestos-es\/divisor-rotativo-de-muestras-de-mineria-es\/\" \/>\n<meta property=\"og:site_name\" content=\"Enheco: ingenier\u00eda para el planeta\" \/>\n<meta property=\"article:modified_time\" content=\"2026-01-30T13:31:13+00:00\" \/>\n<meta property=\"og:image\" content=\"https:\/\/enheco.com\/wp-content\/uploads\/2024\/06\/Divisor-rotativo-de-muestras-.jpg\" \/>\n\t<meta property=\"og:image:width\" content=\"900\" \/>\n\t<meta property=\"og:image:height\" content=\"1000\" \/>\n\t<meta property=\"og:image:type\" content=\"image\/jpeg\" \/>\n<meta name=\"twitter:card\" content=\"summary_large_image\" \/>\n<meta name=\"twitter:label1\" content=\"Tiempo de lectura\" \/>\n\t<meta name=\"twitter:data1\" content=\"1 minuto\" \/>\n<script type=\"application\/ld+json\" class=\"yoast-schema-graph\">{\"@context\":\"https:\/\/schema.org\",\"@graph\":[{\"@type\":\"WebPage\",\"@id\":\"https:\/\/enheco.com\/equipment-and-spare-parts\/rotary-mining-sample-divider\/\",\"url\":\"https:\/\/enheco.com\/equipment-and-spare-parts\/rotary-mining-sample-divider\/\",\"name\":\"Rotary mining sample divider ~ Enheco: ingenier\u00eda para el planeta\",\"isPartOf\":{\"@id\":\"https:\/\/enheco.com\/#website\"},\"primaryImageOfPage\":{\"@id\":\"https:\/\/enheco.com\/equipment-and-spare-parts\/rotary-mining-sample-divider\/#primaryimage\"},\"image\":{\"@id\":\"https:\/\/enheco.com\/equipment-and-spare-parts\/rotary-mining-sample-divider\/#primaryimage\"},\"thumbnailUrl\":\"https:\/\/enheco.com\/wp-content\/uploads\/2024\/06\/Divisor-rotativo-de-muestras-.jpg\",\"datePublished\":\"2024-06-12T21:44:01+00:00\",\"dateModified\":\"2026-01-30T13:31:13+00:00\",\"description\":\"Equipment designed to homogeneously divide mining samples that are to be split into equal parts for analysis of smaller sizes.\",\"breadcrumb\":{\"@id\":\"https:\/\/enheco.com\/equipment-and-spare-parts\/rotary-mining-sample-divider\/#breadcrumb\"},\"inLanguage\":\"es-CO\",\"potentialAction\":[{\"@type\":\"ReadAction\",\"target\":[\"https:\/\/enheco.com\/equipment-and-spare-parts\/rotary-mining-sample-divider\/\"]}]},{\"@type\":\"ImageObject\",\"inLanguage\":\"es-CO\",\"@id\":\"https:\/\/enheco.com\/equipment-and-spare-parts\/rotary-mining-sample-divider\/#primaryimage\",\"url\":\"https:\/\/enheco.com\/wp-content\/uploads\/2024\/06\/Divisor-rotativo-de-muestras-.jpg\",\"contentUrl\":\"https:\/\/enheco.com\/wp-content\/uploads\/2024\/06\/Divisor-rotativo-de-muestras-.jpg\",\"width\":900,\"height\":1000,\"caption\":\"Divisor rotativo de muestras de miner\u00eda\"},{\"@type\":\"BreadcrumbList\",\"@id\":\"https:\/\/enheco.com\/equipment-and-spare-parts\/rotary-mining-sample-divider\/#breadcrumb\",\"itemListElement\":[{\"@type\":\"ListItem\",\"position\":1,\"name\":\"Portada\",\"item\":\"https:\/\/enheco.com\/\"},{\"@type\":\"ListItem\",\"position\":2,\"name\":\"Equipment and spare parts\",\"item\":\"https:\/\/enheco.com\/equipment-and-spare-parts\/\"},{\"@type\":\"ListItem\",\"position\":3,\"name\":\"Rotary mining sample divider\"}]},{\"@type\":\"WebSite\",\"@id\":\"https:\/\/enheco.com\/#website\",\"url\":\"https:\/\/enheco.com\/\",\"name\":\"Enheco: ingenier\u00eda para el planeta\",\"description\":\"Compa\u00f1\u00eda colombiana del sector industrial, dedicada al desarrollo de la ingenier\u00eda en general\",\"publisher\":{\"@id\":\"https:\/\/enheco.com\/#organization\"},\"alternateName\":\"ENHECO - Engineering Heating And Combustion SAS.\",\"potentialAction\":[{\"@type\":\"SearchAction\",\"target\":{\"@type\":\"EntryPoint\",\"urlTemplate\":\"https:\/\/enheco.com\/?s={search_term_string}\"},\"query-input\":{\"@type\":\"PropertyValueSpecification\",\"valueRequired\":true,\"valueName\":\"search_term_string\"}}],\"inLanguage\":\"es-CO\"},{\"@type\":\"Organization\",\"@id\":\"https:\/\/enheco.com\/#organization\",\"name\":\"ENHECO - Engineering Heating And Combustion SAS.\",\"alternateName\":\"ENHECO - Engineering Heating And Combustion SAS.\",\"url\":\"https:\/\/enheco.com\/\",\"logo\":{\"@type\":\"ImageObject\",\"inLanguage\":\"es-CO\",\"@id\":\"https:\/\/enheco.com\/#\/schema\/logo\/image\/\",\"url\":\"https:\/\/enheco.com\/wp-content\/uploads\/2025\/07\/logo-enheco.png\",\"contentUrl\":\"https:\/\/enheco.com\/wp-content\/uploads\/2025\/07\/logo-enheco.png\",\"width\":300,\"height\":300,\"caption\":\"ENHECO - Engineering Heating And Combustion SAS.\"},\"image\":{\"@id\":\"https:\/\/enheco.com\/#\/schema\/logo\/image\/\"}}]}<\/script>\n<!-- \/ Yoast SEO plugin. -->","yoast_head_json":{"title":"Divisor rotativo de muestras de miner\u00eda ~ Enheco","description":"Equipo dise\u00f1ado para dividir de forma homog\u00e9nea las muestras de miner\u00eda que quieren ser partidas en partes iguales para realizar el an\u00e1lisis de tama\u00f1os menores.","robots":{"index":"index","follow":"follow","max-snippet":"max-snippet:-1","max-image-preview":"max-image-preview:large","max-video-preview":"max-video-preview:-1"},"canonical":"https:\/\/enheco.com\/es\/equipos-y-repuestos-es\/divisor-rotativo-de-muestras-de-mineria-es\/","og_locale":"es_ES","og_type":"article","og_title":"Rotary mining sample divider ~ Enheco: ingenier\u00eda para el planeta","og_description":"Equipment designed to homogeneously divide mining samples that are to be split into equal parts for analysis of smaller sizes.","og_url":"https:\/\/enheco.com\/es\/equipos-y-repuestos-es\/divisor-rotativo-de-muestras-de-mineria-es\/","og_site_name":"Enheco: ingenier\u00eda para el planeta","article_modified_time":"2026-01-30T13:31:13+00:00","og_image":[{"width":900,"height":1000,"url":"https:\/\/enheco.com\/wp-content\/uploads\/2024\/06\/Divisor-rotativo-de-muestras-.jpg","type":"image\/jpeg"}],"twitter_card":"summary_large_image","twitter_misc":{"Tiempo de lectura":"1 minuto"},"schema":{"@context":"https:\/\/schema.org","@graph":[{"@type":"WebPage","@id":"https:\/\/enheco.com\/equipment-and-spare-parts\/rotary-mining-sample-divider\/","url":"https:\/\/enheco.com\/equipment-and-spare-parts\/rotary-mining-sample-divider\/","name":"Divisor rotativo de muestras de miner\u00eda ~ Enheco","isPartOf":{"@id":"https:\/\/enheco.com\/#website"},"primaryImageOfPage":{"@id":"https:\/\/enheco.com\/equipment-and-spare-parts\/rotary-mining-sample-divider\/#primaryimage"},"image":{"@id":"https:\/\/enheco.com\/equipment-and-spare-parts\/rotary-mining-sample-divider\/#primaryimage"},"thumbnailUrl":"https:\/\/enheco.com\/wp-content\/uploads\/2024\/06\/Divisor-rotativo-de-muestras-.jpg","datePublished":"2024-06-12T21:44:01+00:00","dateModified":"2026-01-30T13:31:13+00:00","description":"Equipo dise\u00f1ado para dividir de forma homog\u00e9nea las muestras de miner\u00eda que quieren ser partidas en partes iguales para realizar el an\u00e1lisis de tama\u00f1os menores.","breadcrumb":{"@id":"https:\/\/enheco.com\/equipment-and-spare-parts\/rotary-mining-sample-divider\/#breadcrumb"},"inLanguage":"es-CO","potentialAction":[{"@type":"ReadAction","target":["https:\/\/enheco.com\/equipment-and-spare-parts\/rotary-mining-sample-divider\/"]}]},{"@type":"ImageObject","inLanguage":"es-CO","@id":"https:\/\/enheco.com\/equipment-and-spare-parts\/rotary-mining-sample-divider\/#primaryimage","url":"https:\/\/enheco.com\/wp-content\/uploads\/2024\/06\/Divisor-rotativo-de-muestras-.jpg","contentUrl":"https:\/\/enheco.com\/wp-content\/uploads\/2024\/06\/Divisor-rotativo-de-muestras-.jpg","width":900,"height":1000,"caption":"Divisor rotativo de muestras de miner\u00eda"},{"@type":"BreadcrumbList","@id":"https:\/\/enheco.com\/equipment-and-spare-parts\/rotary-mining-sample-divider\/#breadcrumb","itemListElement":[{"@type":"ListItem","position":1,"name":"Portada","item":"https:\/\/enheco.com\/"},{"@type":"ListItem","position":2,"name":"Equipment and spare parts","item":"https:\/\/enheco.com\/equipment-and-spare-parts\/"},{"@type":"ListItem","position":3,"name":"Rotary mining sample divider"}]},{"@type":"WebSite","@id":"https:\/\/enheco.com\/#website","url":"https:\/\/enheco.com\/","name":"Enheco: ingenier\u00eda para el planeta","description":"Compa\u00f1\u00eda colombiana del sector industrial, dedicada al desarrollo de la ingenier\u00eda en general","publisher":{"@id":"https:\/\/enheco.com\/#organization"},"alternateName":"ENHECO - Engineering Heating And Combustion SAS.","potentialAction":[{"@type":"SearchAction","target":{"@type":"EntryPoint","urlTemplate":"https:\/\/enheco.com\/?s={search_term_string}"},"query-input":{"@type":"PropertyValueSpecification","valueRequired":true,"valueName":"search_term_string"}}],"inLanguage":"es-CO"},{"@type":"Organization","@id":"https:\/\/enheco.com\/#organization","name":"ENHECO -  Ingenier\u00eda de Calefacci\u00f3n y Combusti\u00f3n SAS.","alternateName":"ENHECO - Engineering Heating And Combustion SAS.","url":"https:\/\/enheco.com\/","logo":{"@type":"ImageObject","inLanguage":"es-CO","@id":"https:\/\/enheco.com\/#\/schema\/logo\/image\/","url":"https:\/\/enheco.com\/wp-content\/uploads\/2025\/07\/logo-enheco.png","contentUrl":"https:\/\/enheco.com\/wp-content\/uploads\/2025\/07\/logo-enheco.png","width":300,"height":300,"caption":"ENHECO - Engineering Heating And Combustion SAS."},"image":{"@id":"https:\/\/enheco.com\/#\/schema\/logo\/image\/"}}]}},"_links":{"self":[{"href":"https:\/\/enheco.com\/es\/wp-json\/wp\/v2\/product\/1040","targetHints":{"allow":["GET"]}}],"collection":[{"href":"https:\/\/enheco.com\/es\/wp-json\/wp\/v2\/product"}],"about":[{"href":"https:\/\/enheco.com\/es\/wp-json\/wp\/v2\/types\/product"}],"wp:featuredmedia":[{"embeddable":true,"href":"https:\/\/enheco.com\/es\/wp-json\/wp\/v2\/media\/1254"}],"wp:attachment":[{"href":"https:\/\/enheco.com\/es\/wp-json\/wp\/v2\/media?parent=1040"}],"wp:term":[{"taxonomy":"product_brand","embeddable":true,"href":"https:\/\/enheco.com\/es\/wp-json\/wp\/v2\/product_brand?post=1040"},{"taxonomy":"product_cat","embeddable":true,"href":"https:\/\/enheco.com\/es\/wp-json\/wp\/v2\/product_cat?post=1040"},{"taxonomy":"product_tag","embeddable":true,"href":"https:\/\/enheco.com\/es\/wp-json\/wp\/v2\/product_tag?post=1040"}],"curies":[{"name":"wp","href":"https:\/\/api.w.org\/{rel}","templated":true}]}}