{"id":1275,"date":"2024-06-25T16:12:00","date_gmt":"2024-06-25T14:12:00","guid":{"rendered":"https:\/\/enheco.com\/webnueva\/?post_type=product&#038;p=1275"},"modified":"2025-12-17T20:43:39","modified_gmt":"2025-12-17T19:43:39","slug":"celdas-de-flotacion-para-muestras-de-mineria-es","status":"publish","type":"product","link":"https:\/\/enheco.com\/es\/equipos-y-repuestos-es\/celdas-de-flotacion-para-muestras-de-mineria-es\/","title":{"rendered":"Celda de flotaci\u00f3n de laboraotrio"},"content":{"rendered":"<p>Una celda de flotaci\u00f3n es un equipo que tiene como funci\u00f3n separar con espuma espuma los concentrados met\u00e1licos de la pulpa. La celda de flotaci\u00f3n es una tecnolog\u00eda de flotaci\u00f3n eficiente, de bajo mantenimiento y alta intensidad para ensayos de laboratorio<\/p>","protected":false},"excerpt":{"rendered":"<p>Una celda de flotaci\u00f3n es un equipo que tiene como funci\u00f3n separar con espuma espuma los concentrados met\u00e1licos de la pulpa. La celda de flotaci\u00f3n es una tecnolog\u00eda de flotaci\u00f3n eficiente, de bajo mantenimiento y alta intensidad para ensayos de laboratorio<\/p>","protected":false},"featured_media":1276,"template":"","meta":{"_joinchat":[]},"product_brand":[35],"product_cat":[31],"product_tag":[],"class_list":{"0":"post-1275","1":"product","2":"type-product","3":"status-publish","4":"has-post-thumbnail","6":"product_brand-ehneco","7":"product_cat-mining","8":"description-off","10":"first","11":"instock","12":"shipping-taxable","13":"product-type-simple"},"yoast_head":"<!-- This site is optimized with the Yoast SEO plugin v26.9 - https:\/\/yoast.com\/product\/yoast-seo-wordpress\/ -->\n<title>Laboratory flotation cell ~ Enheco: ingenier\u00eda para el planeta<\/title>\n<meta name=\"description\" content=\"Flotation cells for mining samples are equipment whose function is to separate the metallic concentrates from the pulp using foam.\" \/>\n<meta name=\"robots\" content=\"index, follow, max-snippet:-1, max-image-preview:large, max-video-preview:-1\" \/>\n<link rel=\"canonical\" href=\"https:\/\/enheco.com\/es\/equipos-y-repuestos-es\/celdas-de-flotacion-para-muestras-de-mineria-es\/\" \/>\n<meta property=\"og:locale\" content=\"es_ES\" \/>\n<meta property=\"og:type\" content=\"article\" \/>\n<meta property=\"og:title\" content=\"Laboratory flotation cell ~ Enheco: ingenier\u00eda para el planeta\" \/>\n<meta property=\"og:description\" content=\"Flotation cells for mining samples are equipment whose function is to separate the metallic concentrates from the pulp using foam.\" \/>\n<meta property=\"og:url\" content=\"https:\/\/enheco.com\/es\/equipos-y-repuestos-es\/celdas-de-flotacion-para-muestras-de-mineria-es\/\" \/>\n<meta property=\"og:site_name\" content=\"Enheco: ingenier\u00eda para el planeta\" \/>\n<meta property=\"article:modified_time\" content=\"2025-12-17T19:43:39+00:00\" \/>\n<meta property=\"og:image\" content=\"https:\/\/enheco.com\/wp-content\/uploads\/2024\/06\/Celdas-de-flotacion.jpg\" \/>\n\t<meta property=\"og:image:width\" content=\"900\" \/>\n\t<meta property=\"og:image:height\" content=\"1000\" \/>\n\t<meta property=\"og:image:type\" content=\"image\/jpeg\" \/>\n<meta name=\"twitter:card\" content=\"summary_large_image\" \/>\n<meta name=\"twitter:label1\" content=\"Tiempo de lectura\" \/>\n\t<meta name=\"twitter:data1\" content=\"1 minuto\" \/>\n<script type=\"application\/ld+json\" class=\"yoast-schema-graph\">{\"@context\":\"https:\/\/schema.org\",\"@graph\":[{\"@type\":\"WebPage\",\"@id\":\"https:\/\/enheco.com\/equipment-and-spare-parts\/laboratory-flotation-cell\/\",\"url\":\"https:\/\/enheco.com\/equipment-and-spare-parts\/laboratory-flotation-cell\/\",\"name\":\"Laboratory flotation cell ~ Enheco: ingenier\u00eda para el planeta\",\"isPartOf\":{\"@id\":\"https:\/\/enheco.com\/#website\"},\"primaryImageOfPage\":{\"@id\":\"https:\/\/enheco.com\/equipment-and-spare-parts\/laboratory-flotation-cell\/#primaryimage\"},\"image\":{\"@id\":\"https:\/\/enheco.com\/equipment-and-spare-parts\/laboratory-flotation-cell\/#primaryimage\"},\"thumbnailUrl\":\"https:\/\/enheco.com\/wp-content\/uploads\/2024\/06\/Celdas-de-flotacion.jpg\",\"datePublished\":\"2024-06-25T14:12:00+00:00\",\"dateModified\":\"2025-12-17T19:43:39+00:00\",\"description\":\"Flotation cells for mining samples are equipment whose function is to separate the metallic concentrates from the pulp using foam.\",\"breadcrumb\":{\"@id\":\"https:\/\/enheco.com\/equipment-and-spare-parts\/laboratory-flotation-cell\/#breadcrumb\"},\"inLanguage\":\"es-CO\",\"potentialAction\":[{\"@type\":\"ReadAction\",\"target\":[\"https:\/\/enheco.com\/equipment-and-spare-parts\/laboratory-flotation-cell\/\"]}]},{\"@type\":\"ImageObject\",\"inLanguage\":\"es-CO\",\"@id\":\"https:\/\/enheco.com\/equipment-and-spare-parts\/laboratory-flotation-cell\/#primaryimage\",\"url\":\"https:\/\/enheco.com\/wp-content\/uploads\/2024\/06\/Celdas-de-flotacion.jpg\",\"contentUrl\":\"https:\/\/enheco.com\/wp-content\/uploads\/2024\/06\/Celdas-de-flotacion.jpg\",\"width\":900,\"height\":1000,\"caption\":\"Celda de flotaci\u00f3n de laboraotrio\"},{\"@type\":\"BreadcrumbList\",\"@id\":\"https:\/\/enheco.com\/equipment-and-spare-parts\/laboratory-flotation-cell\/#breadcrumb\",\"itemListElement\":[{\"@type\":\"ListItem\",\"position\":1,\"name\":\"Portada\",\"item\":\"https:\/\/enheco.com\/\"},{\"@type\":\"ListItem\",\"position\":2,\"name\":\"Equipment and spare parts\",\"item\":\"https:\/\/enheco.com\/equipment-and-spare-parts\/\"},{\"@type\":\"ListItem\",\"position\":3,\"name\":\"Laboratory flotation cell\"}]},{\"@type\":\"WebSite\",\"@id\":\"https:\/\/enheco.com\/#website\",\"url\":\"https:\/\/enheco.com\/\",\"name\":\"Enheco: ingenier\u00eda para el planeta\",\"description\":\"Compa\u00f1\u00eda colombiana del sector industrial, dedicada al desarrollo de la ingenier\u00eda en general\",\"publisher\":{\"@id\":\"https:\/\/enheco.com\/#organization\"},\"alternateName\":\"ENHECO - Engineering Heating And Combustion SAS.\",\"potentialAction\":[{\"@type\":\"SearchAction\",\"target\":{\"@type\":\"EntryPoint\",\"urlTemplate\":\"https:\/\/enheco.com\/?s={search_term_string}\"},\"query-input\":{\"@type\":\"PropertyValueSpecification\",\"valueRequired\":true,\"valueName\":\"search_term_string\"}}],\"inLanguage\":\"es-CO\"},{\"@type\":\"Organization\",\"@id\":\"https:\/\/enheco.com\/#organization\",\"name\":\"ENHECO - Engineering Heating And Combustion SAS.\",\"alternateName\":\"ENHECO - Engineering Heating And Combustion SAS.\",\"url\":\"https:\/\/enheco.com\/\",\"logo\":{\"@type\":\"ImageObject\",\"inLanguage\":\"es-CO\",\"@id\":\"https:\/\/enheco.com\/#\/schema\/logo\/image\/\",\"url\":\"https:\/\/enheco.com\/wp-content\/uploads\/2025\/07\/logo-enheco.png\",\"contentUrl\":\"https:\/\/enheco.com\/wp-content\/uploads\/2025\/07\/logo-enheco.png\",\"width\":300,\"height\":300,\"caption\":\"ENHECO - Engineering Heating And Combustion SAS.\"},\"image\":{\"@id\":\"https:\/\/enheco.com\/#\/schema\/logo\/image\/\"}}]}<\/script>\n<!-- \/ Yoast SEO plugin. -->","yoast_head_json":{"title":"Celda de flotaci\u00f3n de laboraotrio ~ Enheco:","description":"Celdas de flotaci\u00f3n para muestras de miner\u00eda es un equipo que tiene como funci\u00f3n separar con espuma espuma los concentrados met\u00e1licos de la pulpa.","robots":{"index":"index","follow":"follow","max-snippet":"max-snippet:-1","max-image-preview":"max-image-preview:large","max-video-preview":"max-video-preview:-1"},"canonical":"https:\/\/enheco.com\/es\/equipos-y-repuestos-es\/celdas-de-flotacion-para-muestras-de-mineria-es\/","og_locale":"es_ES","og_type":"article","og_title":"Laboratory flotation cell ~ Enheco: ingenier\u00eda para el planeta","og_description":"Flotation cells for mining samples are equipment whose function is to separate the metallic concentrates from the pulp using foam.","og_url":"https:\/\/enheco.com\/es\/equipos-y-repuestos-es\/celdas-de-flotacion-para-muestras-de-mineria-es\/","og_site_name":"Enheco: ingenier\u00eda para el planeta","article_modified_time":"2025-12-17T19:43:39+00:00","og_image":[{"width":900,"height":1000,"url":"https:\/\/enheco.com\/wp-content\/uploads\/2024\/06\/Celdas-de-flotacion.jpg","type":"image\/jpeg"}],"twitter_card":"summary_large_image","twitter_misc":{"Tiempo de lectura":"1 minuto"},"schema":{"@context":"https:\/\/schema.org","@graph":[{"@type":"WebPage","@id":"https:\/\/enheco.com\/equipment-and-spare-parts\/laboratory-flotation-cell\/","url":"https:\/\/enheco.com\/equipment-and-spare-parts\/laboratory-flotation-cell\/","name":"Celda de flotaci\u00f3n de laboraotrio ~ Enheco:","isPartOf":{"@id":"https:\/\/enheco.com\/#website"},"primaryImageOfPage":{"@id":"https:\/\/enheco.com\/equipment-and-spare-parts\/laboratory-flotation-cell\/#primaryimage"},"image":{"@id":"https:\/\/enheco.com\/equipment-and-spare-parts\/laboratory-flotation-cell\/#primaryimage"},"thumbnailUrl":"https:\/\/enheco.com\/wp-content\/uploads\/2024\/06\/Celdas-de-flotacion.jpg","datePublished":"2024-06-25T14:12:00+00:00","dateModified":"2025-12-17T19:43:39+00:00","description":"Celdas de flotaci\u00f3n para muestras de miner\u00eda es un equipo que tiene como funci\u00f3n separar con espuma espuma los concentrados met\u00e1licos de la pulpa.","breadcrumb":{"@id":"https:\/\/enheco.com\/equipment-and-spare-parts\/laboratory-flotation-cell\/#breadcrumb"},"inLanguage":"es-CO","potentialAction":[{"@type":"ReadAction","target":["https:\/\/enheco.com\/equipment-and-spare-parts\/laboratory-flotation-cell\/"]}]},{"@type":"ImageObject","inLanguage":"es-CO","@id":"https:\/\/enheco.com\/equipment-and-spare-parts\/laboratory-flotation-cell\/#primaryimage","url":"https:\/\/enheco.com\/wp-content\/uploads\/2024\/06\/Celdas-de-flotacion.jpg","contentUrl":"https:\/\/enheco.com\/wp-content\/uploads\/2024\/06\/Celdas-de-flotacion.jpg","width":900,"height":1000,"caption":"Celda de flotaci\u00f3n de laboraotrio"},{"@type":"BreadcrumbList","@id":"https:\/\/enheco.com\/equipment-and-spare-parts\/laboratory-flotation-cell\/#breadcrumb","itemListElement":[{"@type":"ListItem","position":1,"name":"Portada","item":"https:\/\/enheco.com\/"},{"@type":"ListItem","position":2,"name":"Equipment and spare parts","item":"https:\/\/enheco.com\/equipment-and-spare-parts\/"},{"@type":"ListItem","position":3,"name":"Laboratory flotation cell"}]},{"@type":"WebSite","@id":"https:\/\/enheco.com\/#website","url":"https:\/\/enheco.com\/","name":"Enheco: ingenier\u00eda para el planeta","description":"Compa\u00f1\u00eda colombiana del sector industrial, dedicada al desarrollo de la ingenier\u00eda en general","publisher":{"@id":"https:\/\/enheco.com\/#organization"},"alternateName":"ENHECO - Engineering Heating And Combustion SAS.","potentialAction":[{"@type":"SearchAction","target":{"@type":"EntryPoint","urlTemplate":"https:\/\/enheco.com\/?s={search_term_string}"},"query-input":{"@type":"PropertyValueSpecification","valueRequired":true,"valueName":"search_term_string"}}],"inLanguage":"es-CO"},{"@type":"Organization","@id":"https:\/\/enheco.com\/#organization","name":"ENHECO -  Ingenier\u00eda de Calefacci\u00f3n y Combusti\u00f3n SAS.","alternateName":"ENHECO - Engineering Heating And Combustion SAS.","url":"https:\/\/enheco.com\/","logo":{"@type":"ImageObject","inLanguage":"es-CO","@id":"https:\/\/enheco.com\/#\/schema\/logo\/image\/","url":"https:\/\/enheco.com\/wp-content\/uploads\/2025\/07\/logo-enheco.png","contentUrl":"https:\/\/enheco.com\/wp-content\/uploads\/2025\/07\/logo-enheco.png","width":300,"height":300,"caption":"ENHECO - Engineering Heating And Combustion SAS."},"image":{"@id":"https:\/\/enheco.com\/#\/schema\/logo\/image\/"}}]}},"_links":{"self":[{"href":"https:\/\/enheco.com\/es\/wp-json\/wp\/v2\/product\/1275","targetHints":{"allow":["GET"]}}],"collection":[{"href":"https:\/\/enheco.com\/es\/wp-json\/wp\/v2\/product"}],"about":[{"href":"https:\/\/enheco.com\/es\/wp-json\/wp\/v2\/types\/product"}],"wp:featuredmedia":[{"embeddable":true,"href":"https:\/\/enheco.com\/es\/wp-json\/wp\/v2\/media\/1276"}],"wp:attachment":[{"href":"https:\/\/enheco.com\/es\/wp-json\/wp\/v2\/media?parent=1275"}],"wp:term":[{"taxonomy":"product_brand","embeddable":true,"href":"https:\/\/enheco.com\/es\/wp-json\/wp\/v2\/product_brand?post=1275"},{"taxonomy":"product_cat","embeddable":true,"href":"https:\/\/enheco.com\/es\/wp-json\/wp\/v2\/product_cat?post=1275"},{"taxonomy":"product_tag","embeddable":true,"href":"https:\/\/enheco.com\/es\/wp-json\/wp\/v2\/product_tag?post=1275"}],"curies":[{"name":"wp","href":"https:\/\/api.w.org\/{rel}","templated":true}]}}