{"id":1354,"date":"2025-07-17T02:07:47","date_gmt":"2025-07-17T00:07:47","guid":{"rendered":"https:\/\/enheco.com\/webnueva\/?post_type=product&#038;p=1354"},"modified":"2025-12-17T20:36:54","modified_gmt":"2025-12-17T19:36:54","slug":"valvulas-mariposa-aire-y-gas-es","status":"publish","type":"product","link":"https:\/\/enheco.com\/es\/equipos-y-repuestos-es\/valvulas-mariposa-aire-y-gas-es\/","title":{"rendered":"V\u00e1lvulas mariposa aire y gas"},"content":{"rendered":"<p>Las v\u00e1lvulas de mariposa para quemadores de llama FP y RP est\u00e1n dise\u00f1adas para controlar el flujo de aire o gases combustibles, evitando una ca\u00edda de presi\u00f3n en el fluido que pasa por la v\u00e1lvula.<\/p>\n<p><strong>Caracter\u00edsticas<\/strong><\/p>\n<ul>\n<li>Fabricadas con pocos elementos.<\/li>\n<li>Fiables para la medici\u00f3n.<\/li>\n<li>F\u00e1cil reemplazo o sustituci\u00f3n de la v\u00e1lvula.<\/li>\n<li>Fabricadas con materiales resistentes y resistentes a la corrosi\u00f3n.<\/li>\n<li>Sistemas dise\u00f1ados para operar hasta 200 PSI.<\/li>\n<\/ul>","protected":false},"excerpt":{"rendered":"<p>FP and RP flame burner butterfly valves are designed to control the flow of air or combustible gases, preventing a pressure drop in the fluid passing through the valve. Features Manufactured with few components. Reliable for accurate measurement. Easy valve replacement. Made with durable, corrosion-resistant materials. Systems designed to operate up to 200 PSI.<\/p>","protected":false},"featured_media":1355,"template":"","meta":{"_joinchat":[]},"product_brand":[36],"product_cat":[18,28,30],"product_tag":[],"class_list":{"0":"post-1354","1":"product","2":"type-product","3":"status-publish","4":"has-post-thumbnail","6":"product_brand-flame-burners","7":"product_cat-burner-spare-parts","8":"product_cat-burners-and-burner-parts","9":"product_cat-industry","10":"description-off","12":"first","13":"instock","14":"shipping-taxable","15":"product-type-simple"},"yoast_head":"<!-- This site is optimized with the Yoast SEO plugin v26.9 - https:\/\/yoast.com\/product\/yoast-seo-wordpress\/ -->\n<title>Air and gas butterfly valves ~ Enheco: ingenier\u00eda para el planeta<\/title>\n<meta name=\"description\" content=\"FP and RP flame burner butterfly valves are designed to control the flow of air or combustible gases, preventing a pressure drop in the fluid passing through the valve.\" \/>\n<meta name=\"robots\" content=\"index, follow, max-snippet:-1, max-image-preview:large, max-video-preview:-1\" \/>\n<link rel=\"canonical\" href=\"https:\/\/enheco.com\/es\/equipos-y-repuestos-es\/valvulas-mariposa-aire-y-gas-es\/\" \/>\n<meta property=\"og:locale\" content=\"es_ES\" \/>\n<meta property=\"og:type\" content=\"article\" \/>\n<meta property=\"og:title\" content=\"Air and gas butterfly valves ~ Enheco: ingenier\u00eda para el planeta\" \/>\n<meta property=\"og:description\" content=\"FP and RP flame burner butterfly valves are designed to control the flow of air or combustible gases, preventing a pressure drop in the fluid passing through the valve.\" \/>\n<meta property=\"og:url\" content=\"https:\/\/enheco.com\/es\/equipos-y-repuestos-es\/valvulas-mariposa-aire-y-gas-es\/\" \/>\n<meta property=\"og:site_name\" content=\"Enheco: ingenier\u00eda para el planeta\" \/>\n<meta property=\"article:modified_time\" content=\"2025-12-17T19:36:54+00:00\" \/>\n<meta property=\"og:image\" content=\"https:\/\/enheco.com\/wp-content\/uploads\/2025\/07\/VM-Valvulas-mariposa.webp\" \/>\n\t<meta property=\"og:image:width\" content=\"1000\" \/>\n\t<meta property=\"og:image:height\" content=\"1000\" \/>\n\t<meta property=\"og:image:type\" content=\"image\/webp\" \/>\n<meta name=\"twitter:card\" content=\"summary_large_image\" \/>\n<meta name=\"twitter:label1\" content=\"Tiempo de lectura\" \/>\n\t<meta name=\"twitter:data1\" content=\"1 minuto\" \/>\n<script type=\"application\/ld+json\" class=\"yoast-schema-graph\">{\"@context\":\"https:\/\/schema.org\",\"@graph\":[{\"@type\":\"WebPage\",\"@id\":\"https:\/\/enheco.com\/equipment-and-spare-parts\/air-and-gas-butterfly-valves\/\",\"url\":\"https:\/\/enheco.com\/equipment-and-spare-parts\/air-and-gas-butterfly-valves\/\",\"name\":\"Air and gas butterfly valves ~ Enheco: ingenier\u00eda para el planeta\",\"isPartOf\":{\"@id\":\"https:\/\/enheco.com\/#website\"},\"primaryImageOfPage\":{\"@id\":\"https:\/\/enheco.com\/equipment-and-spare-parts\/air-and-gas-butterfly-valves\/#primaryimage\"},\"image\":{\"@id\":\"https:\/\/enheco.com\/equipment-and-spare-parts\/air-and-gas-butterfly-valves\/#primaryimage\"},\"thumbnailUrl\":\"https:\/\/enheco.com\/wp-content\/uploads\/2025\/07\/VM-Valvulas-mariposa.webp\",\"datePublished\":\"2025-07-17T00:07:47+00:00\",\"dateModified\":\"2025-12-17T19:36:54+00:00\",\"description\":\"FP and RP flame burner butterfly valves are designed to control the flow of air or combustible gases, preventing a pressure drop in the fluid passing through the valve.\",\"breadcrumb\":{\"@id\":\"https:\/\/enheco.com\/equipment-and-spare-parts\/air-and-gas-butterfly-valves\/#breadcrumb\"},\"inLanguage\":\"es-CO\",\"potentialAction\":[{\"@type\":\"ReadAction\",\"target\":[\"https:\/\/enheco.com\/equipment-and-spare-parts\/air-and-gas-butterfly-valves\/\"]}]},{\"@type\":\"ImageObject\",\"inLanguage\":\"es-CO\",\"@id\":\"https:\/\/enheco.com\/equipment-and-spare-parts\/air-and-gas-butterfly-valves\/#primaryimage\",\"url\":\"https:\/\/enheco.com\/wp-content\/uploads\/2025\/07\/VM-Valvulas-mariposa.webp\",\"contentUrl\":\"https:\/\/enheco.com\/wp-content\/uploads\/2025\/07\/VM-Valvulas-mariposa.webp\",\"width\":1000,\"height\":1000,\"caption\":\"V\u00e1lvulas mariposa aire y gas\"},{\"@type\":\"BreadcrumbList\",\"@id\":\"https:\/\/enheco.com\/equipment-and-spare-parts\/air-and-gas-butterfly-valves\/#breadcrumb\",\"itemListElement\":[{\"@type\":\"ListItem\",\"position\":1,\"name\":\"Portada\",\"item\":\"https:\/\/enheco.com\/\"},{\"@type\":\"ListItem\",\"position\":2,\"name\":\"Equipment and spare parts\",\"item\":\"https:\/\/enheco.com\/equipment-and-spare-parts\/\"},{\"@type\":\"ListItem\",\"position\":3,\"name\":\"Air and gas butterfly valves\"}]},{\"@type\":\"WebSite\",\"@id\":\"https:\/\/enheco.com\/#website\",\"url\":\"https:\/\/enheco.com\/\",\"name\":\"Enheco: ingenier\u00eda para el planeta\",\"description\":\"Compa\u00f1\u00eda colombiana del sector industrial, dedicada al desarrollo de la ingenier\u00eda en general\",\"publisher\":{\"@id\":\"https:\/\/enheco.com\/#organization\"},\"alternateName\":\"ENHECO - Engineering Heating And Combustion SAS.\",\"potentialAction\":[{\"@type\":\"SearchAction\",\"target\":{\"@type\":\"EntryPoint\",\"urlTemplate\":\"https:\/\/enheco.com\/?s={search_term_string}\"},\"query-input\":{\"@type\":\"PropertyValueSpecification\",\"valueRequired\":true,\"valueName\":\"search_term_string\"}}],\"inLanguage\":\"es-CO\"},{\"@type\":\"Organization\",\"@id\":\"https:\/\/enheco.com\/#organization\",\"name\":\"ENHECO - Engineering Heating And Combustion SAS.\",\"alternateName\":\"ENHECO - Engineering Heating And Combustion SAS.\",\"url\":\"https:\/\/enheco.com\/\",\"logo\":{\"@type\":\"ImageObject\",\"inLanguage\":\"es-CO\",\"@id\":\"https:\/\/enheco.com\/#\/schema\/logo\/image\/\",\"url\":\"https:\/\/enheco.com\/wp-content\/uploads\/2025\/07\/logo-enheco.png\",\"contentUrl\":\"https:\/\/enheco.com\/wp-content\/uploads\/2025\/07\/logo-enheco.png\",\"width\":300,\"height\":300,\"caption\":\"ENHECO - Engineering Heating And Combustion SAS.\"},\"image\":{\"@id\":\"https:\/\/enheco.com\/#\/schema\/logo\/image\/\"}}]}<\/script>\n<!-- \/ Yoast SEO plugin. -->","yoast_head_json":{"title":"V\u00e1lvulas mariposa aire y gas ~ Enheco","description":"Las v\u00e1lvulas de mariposa para quemadores de llama FP y RP est\u00e1n dise\u00f1adas para controlar el flujo de aire o gases combustibles, evitando una ca\u00edda de presi\u00f3n en el fluido que pasa por la v\u00e1lvula.","robots":{"index":"index","follow":"follow","max-snippet":"max-snippet:-1","max-image-preview":"max-image-preview:large","max-video-preview":"max-video-preview:-1"},"canonical":"https:\/\/enheco.com\/es\/equipos-y-repuestos-es\/valvulas-mariposa-aire-y-gas-es\/","og_locale":"es_ES","og_type":"article","og_title":"Air and gas butterfly valves ~ Enheco: ingenier\u00eda para el planeta","og_description":"FP and RP flame burner butterfly valves are designed to control the flow of air or combustible gases, preventing a pressure drop in the fluid passing through the valve.","og_url":"https:\/\/enheco.com\/es\/equipos-y-repuestos-es\/valvulas-mariposa-aire-y-gas-es\/","og_site_name":"Enheco: ingenier\u00eda para el planeta","article_modified_time":"2025-12-17T19:36:54+00:00","og_image":[{"width":1000,"height":1000,"url":"https:\/\/enheco.com\/wp-content\/uploads\/2025\/07\/VM-Valvulas-mariposa.webp","type":"image\/webp"}],"twitter_card":"summary_large_image","twitter_misc":{"Tiempo de lectura":"1 minuto"},"schema":{"@context":"https:\/\/schema.org","@graph":[{"@type":"WebPage","@id":"https:\/\/enheco.com\/equipment-and-spare-parts\/air-and-gas-butterfly-valves\/","url":"https:\/\/enheco.com\/equipment-and-spare-parts\/air-and-gas-butterfly-valves\/","name":"V\u00e1lvulas mariposa aire y gas ~ Enheco","isPartOf":{"@id":"https:\/\/enheco.com\/#website"},"primaryImageOfPage":{"@id":"https:\/\/enheco.com\/equipment-and-spare-parts\/air-and-gas-butterfly-valves\/#primaryimage"},"image":{"@id":"https:\/\/enheco.com\/equipment-and-spare-parts\/air-and-gas-butterfly-valves\/#primaryimage"},"thumbnailUrl":"https:\/\/enheco.com\/wp-content\/uploads\/2025\/07\/VM-Valvulas-mariposa.webp","datePublished":"2025-07-17T00:07:47+00:00","dateModified":"2025-12-17T19:36:54+00:00","description":"Las v\u00e1lvulas de mariposa para quemadores de llama FP y RP est\u00e1n dise\u00f1adas para controlar el flujo de aire o gases combustibles, evitando una ca\u00edda de presi\u00f3n en el fluido que pasa por la v\u00e1lvula.","breadcrumb":{"@id":"https:\/\/enheco.com\/equipment-and-spare-parts\/air-and-gas-butterfly-valves\/#breadcrumb"},"inLanguage":"es-CO","potentialAction":[{"@type":"ReadAction","target":["https:\/\/enheco.com\/equipment-and-spare-parts\/air-and-gas-butterfly-valves\/"]}]},{"@type":"ImageObject","inLanguage":"es-CO","@id":"https:\/\/enheco.com\/equipment-and-spare-parts\/air-and-gas-butterfly-valves\/#primaryimage","url":"https:\/\/enheco.com\/wp-content\/uploads\/2025\/07\/VM-Valvulas-mariposa.webp","contentUrl":"https:\/\/enheco.com\/wp-content\/uploads\/2025\/07\/VM-Valvulas-mariposa.webp","width":1000,"height":1000,"caption":"V\u00e1lvulas mariposa aire y gas"},{"@type":"BreadcrumbList","@id":"https:\/\/enheco.com\/equipment-and-spare-parts\/air-and-gas-butterfly-valves\/#breadcrumb","itemListElement":[{"@type":"ListItem","position":1,"name":"Portada","item":"https:\/\/enheco.com\/"},{"@type":"ListItem","position":2,"name":"Equipment and spare parts","item":"https:\/\/enheco.com\/equipment-and-spare-parts\/"},{"@type":"ListItem","position":3,"name":"Air and gas butterfly valves"}]},{"@type":"WebSite","@id":"https:\/\/enheco.com\/#website","url":"https:\/\/enheco.com\/","name":"Enheco: ingenier\u00eda para el planeta","description":"Compa\u00f1\u00eda colombiana del sector industrial, dedicada al desarrollo de la ingenier\u00eda en general","publisher":{"@id":"https:\/\/enheco.com\/#organization"},"alternateName":"ENHECO - Engineering Heating And Combustion SAS.","potentialAction":[{"@type":"SearchAction","target":{"@type":"EntryPoint","urlTemplate":"https:\/\/enheco.com\/?s={search_term_string}"},"query-input":{"@type":"PropertyValueSpecification","valueRequired":true,"valueName":"search_term_string"}}],"inLanguage":"es-CO"},{"@type":"Organization","@id":"https:\/\/enheco.com\/#organization","name":"ENHECO -  Ingenier\u00eda de Calefacci\u00f3n y Combusti\u00f3n SAS.","alternateName":"ENHECO - Engineering Heating And Combustion SAS.","url":"https:\/\/enheco.com\/","logo":{"@type":"ImageObject","inLanguage":"es-CO","@id":"https:\/\/enheco.com\/#\/schema\/logo\/image\/","url":"https:\/\/enheco.com\/wp-content\/uploads\/2025\/07\/logo-enheco.png","contentUrl":"https:\/\/enheco.com\/wp-content\/uploads\/2025\/07\/logo-enheco.png","width":300,"height":300,"caption":"ENHECO - Engineering Heating And Combustion SAS."},"image":{"@id":"https:\/\/enheco.com\/#\/schema\/logo\/image\/"}}]}},"_links":{"self":[{"href":"https:\/\/enheco.com\/es\/wp-json\/wp\/v2\/product\/1354","targetHints":{"allow":["GET"]}}],"collection":[{"href":"https:\/\/enheco.com\/es\/wp-json\/wp\/v2\/product"}],"about":[{"href":"https:\/\/enheco.com\/es\/wp-json\/wp\/v2\/types\/product"}],"wp:featuredmedia":[{"embeddable":true,"href":"https:\/\/enheco.com\/es\/wp-json\/wp\/v2\/media\/1355"}],"wp:attachment":[{"href":"https:\/\/enheco.com\/es\/wp-json\/wp\/v2\/media?parent=1354"}],"wp:term":[{"taxonomy":"product_brand","embeddable":true,"href":"https:\/\/enheco.com\/es\/wp-json\/wp\/v2\/product_brand?post=1354"},{"taxonomy":"product_cat","embeddable":true,"href":"https:\/\/enheco.com\/es\/wp-json\/wp\/v2\/product_cat?post=1354"},{"taxonomy":"product_tag","embeddable":true,"href":"https:\/\/enheco.com\/es\/wp-json\/wp\/v2\/product_tag?post=1354"}],"curies":[{"name":"wp","href":"https:\/\/api.w.org\/{rel}","templated":true}]}}