{"id":1401,"date":"2025-07-17T21:28:20","date_gmt":"2025-07-17T19:28:20","guid":{"rendered":"https:\/\/enheco.com\/webnueva\/?post_type=product&#038;p=1401"},"modified":"2026-01-10T20:00:05","modified_gmt":"2026-01-10T19:00:05","slug":"horno-de-copelacion-de-copelas-es","status":"publish","type":"product","link":"https:\/\/enheco.com\/es\/equipos-y-repuestos-es\/horno-de-copelacion-de-copelas-es\/","title":{"rendered":"Horno de copelaci\u00f3n"},"content":{"rendered":"<p>Horno de copelaci\u00f3n para operar con copelas N\u00b0 6, 7, 8 y hasta 11, variando su capacidad respectivamente. Pueden operar con electricidad o con quemadores de gas para su calentamiento<\/p>","protected":false},"excerpt":{"rendered":"<p>Horno de copelaci\u00f3n para operar con copelas N\u00b0 6, 7, 8 y hasta 11, variando su capacidad respectivamente. Pueden operar con electricidad o con quemadores de gas para su calentamiento<\/p>","protected":false},"featured_media":1402,"template":"","meta":{"_joinchat":[]},"product_brand":[35],"product_cat":[31,32],"product_tag":[],"class_list":{"0":"post-1401","1":"product","2":"type-product","3":"status-publish","4":"has-post-thumbnail","6":"product_brand-ehneco","7":"product_cat-mining","8":"product_cat-ovens","9":"description-off","11":"first","12":"instock","13":"shipping-taxable","14":"product-type-simple"},"yoast_head":"<!-- This site is optimized with the Yoast SEO plugin v26.9 - https:\/\/yoast.com\/product\/yoast-seo-wordpress\/ -->\n<title>Cupellation furnace ~ Enheco: ingenier\u00eda para el planeta<\/title>\n<meta name=\"description\" content=\"Cupellation furnace to operate with cupels No. 6, 7, 8 and up to 11, varying their capacity respectively.\" \/>\n<meta name=\"robots\" content=\"index, follow, max-snippet:-1, max-image-preview:large, max-video-preview:-1\" \/>\n<link rel=\"canonical\" href=\"https:\/\/enheco.com\/es\/equipos-y-repuestos-es\/horno-de-copelacion-de-copelas-es\/\" \/>\n<meta property=\"og:locale\" content=\"es_ES\" \/>\n<meta property=\"og:type\" content=\"article\" \/>\n<meta property=\"og:title\" content=\"Cupellation furnace ~ Enheco: ingenier\u00eda para el planeta\" \/>\n<meta property=\"og:description\" content=\"Cupellation furnace to operate with cupels No. 6, 7, 8 and up to 11, varying their capacity respectively.\" \/>\n<meta property=\"og:url\" content=\"https:\/\/enheco.com\/es\/equipos-y-repuestos-es\/horno-de-copelacion-de-copelas-es\/\" \/>\n<meta property=\"og:site_name\" content=\"Enheco: ingenier\u00eda para el planeta\" \/>\n<meta property=\"article:modified_time\" content=\"2026-01-10T19:00:05+00:00\" \/>\n<meta property=\"og:image\" content=\"https:\/\/enheco.com\/wp-content\/uploads\/2025\/07\/Horno-de-copelacion-de-copelas.webp\" \/>\n\t<meta property=\"og:image:width\" content=\"1000\" \/>\n\t<meta property=\"og:image:height\" content=\"1000\" \/>\n\t<meta property=\"og:image:type\" content=\"image\/webp\" \/>\n<meta name=\"twitter:card\" content=\"summary_large_image\" \/>\n<meta name=\"twitter:label1\" content=\"Tiempo de lectura\" \/>\n\t<meta name=\"twitter:data1\" content=\"1 minuto\" \/>\n<script type=\"application\/ld+json\" class=\"yoast-schema-graph\">{\"@context\":\"https:\/\/schema.org\",\"@graph\":[{\"@type\":\"WebPage\",\"@id\":\"https:\/\/enheco.com\/equipment-and-spare-parts\/cupellation-furnace\/\",\"url\":\"https:\/\/enheco.com\/equipment-and-spare-parts\/cupellation-furnace\/\",\"name\":\"Cupellation furnace ~ Enheco: ingenier\u00eda para el planeta\",\"isPartOf\":{\"@id\":\"https:\/\/enheco.com\/#website\"},\"primaryImageOfPage\":{\"@id\":\"https:\/\/enheco.com\/equipment-and-spare-parts\/cupellation-furnace\/#primaryimage\"},\"image\":{\"@id\":\"https:\/\/enheco.com\/equipment-and-spare-parts\/cupellation-furnace\/#primaryimage\"},\"thumbnailUrl\":\"https:\/\/enheco.com\/wp-content\/uploads\/2025\/07\/Horno-de-copelacion-de-copelas.webp\",\"datePublished\":\"2025-07-17T19:28:20+00:00\",\"dateModified\":\"2026-01-10T19:00:05+00:00\",\"description\":\"Cupellation furnace to operate with cupels No. 6, 7, 8 and up to 11, varying their capacity respectively.\",\"breadcrumb\":{\"@id\":\"https:\/\/enheco.com\/equipment-and-spare-parts\/cupellation-furnace\/#breadcrumb\"},\"inLanguage\":\"es-CO\",\"potentialAction\":[{\"@type\":\"ReadAction\",\"target\":[\"https:\/\/enheco.com\/equipment-and-spare-parts\/cupellation-furnace\/\"]}]},{\"@type\":\"ImageObject\",\"inLanguage\":\"es-CO\",\"@id\":\"https:\/\/enheco.com\/equipment-and-spare-parts\/cupellation-furnace\/#primaryimage\",\"url\":\"https:\/\/enheco.com\/wp-content\/uploads\/2025\/07\/Horno-de-copelacion-de-copelas.webp\",\"contentUrl\":\"https:\/\/enheco.com\/wp-content\/uploads\/2025\/07\/Horno-de-copelacion-de-copelas.webp\",\"width\":1000,\"height\":1000,\"caption\":\"Horno de copelaci\u00f3n de copelas\"},{\"@type\":\"BreadcrumbList\",\"@id\":\"https:\/\/enheco.com\/equipment-and-spare-parts\/cupellation-furnace\/#breadcrumb\",\"itemListElement\":[{\"@type\":\"ListItem\",\"position\":1,\"name\":\"Portada\",\"item\":\"https:\/\/enheco.com\/\"},{\"@type\":\"ListItem\",\"position\":2,\"name\":\"Equipment and spare parts\",\"item\":\"https:\/\/enheco.com\/equipment-and-spare-parts\/\"},{\"@type\":\"ListItem\",\"position\":3,\"name\":\"Cupellation furnace\"}]},{\"@type\":\"WebSite\",\"@id\":\"https:\/\/enheco.com\/#website\",\"url\":\"https:\/\/enheco.com\/\",\"name\":\"Enheco: ingenier\u00eda para el planeta\",\"description\":\"Compa\u00f1\u00eda colombiana del sector industrial, dedicada al desarrollo de la ingenier\u00eda en general\",\"publisher\":{\"@id\":\"https:\/\/enheco.com\/#organization\"},\"alternateName\":\"ENHECO - Engineering Heating And Combustion SAS.\",\"potentialAction\":[{\"@type\":\"SearchAction\",\"target\":{\"@type\":\"EntryPoint\",\"urlTemplate\":\"https:\/\/enheco.com\/?s={search_term_string}\"},\"query-input\":{\"@type\":\"PropertyValueSpecification\",\"valueRequired\":true,\"valueName\":\"search_term_string\"}}],\"inLanguage\":\"es-CO\"},{\"@type\":\"Organization\",\"@id\":\"https:\/\/enheco.com\/#organization\",\"name\":\"ENHECO - Engineering Heating And Combustion SAS.\",\"alternateName\":\"ENHECO - Engineering Heating And Combustion SAS.\",\"url\":\"https:\/\/enheco.com\/\",\"logo\":{\"@type\":\"ImageObject\",\"inLanguage\":\"es-CO\",\"@id\":\"https:\/\/enheco.com\/#\/schema\/logo\/image\/\",\"url\":\"https:\/\/enheco.com\/wp-content\/uploads\/2025\/07\/logo-enheco.png\",\"contentUrl\":\"https:\/\/enheco.com\/wp-content\/uploads\/2025\/07\/logo-enheco.png\",\"width\":300,\"height\":300,\"caption\":\"ENHECO - Engineering Heating And Combustion SAS.\"},\"image\":{\"@id\":\"https:\/\/enheco.com\/#\/schema\/logo\/image\/\"}}]}<\/script>\n<!-- \/ Yoast SEO plugin. -->","yoast_head_json":{"title":"Horno de copelaci\u00f3n ~ Enheco","description":"Horno de copelaci\u00f3n para operar con copelas N\u00b0 6, 7, 8 y hasta 11, variando su capacidad respectivamente.","robots":{"index":"index","follow":"follow","max-snippet":"max-snippet:-1","max-image-preview":"max-image-preview:large","max-video-preview":"max-video-preview:-1"},"canonical":"https:\/\/enheco.com\/es\/equipos-y-repuestos-es\/horno-de-copelacion-de-copelas-es\/","og_locale":"es_ES","og_type":"article","og_title":"Cupellation furnace ~ Enheco: ingenier\u00eda para el planeta","og_description":"Cupellation furnace to operate with cupels No. 6, 7, 8 and up to 11, varying their capacity respectively.","og_url":"https:\/\/enheco.com\/es\/equipos-y-repuestos-es\/horno-de-copelacion-de-copelas-es\/","og_site_name":"Enheco: ingenier\u00eda para el planeta","article_modified_time":"2026-01-10T19:00:05+00:00","og_image":[{"width":1000,"height":1000,"url":"https:\/\/enheco.com\/wp-content\/uploads\/2025\/07\/Horno-de-copelacion-de-copelas.webp","type":"image\/webp"}],"twitter_card":"summary_large_image","twitter_misc":{"Tiempo de lectura":"1 minuto"},"schema":{"@context":"https:\/\/schema.org","@graph":[{"@type":"WebPage","@id":"https:\/\/enheco.com\/equipment-and-spare-parts\/cupellation-furnace\/","url":"https:\/\/enheco.com\/equipment-and-spare-parts\/cupellation-furnace\/","name":"Horno de copelaci\u00f3n ~ Enheco","isPartOf":{"@id":"https:\/\/enheco.com\/#website"},"primaryImageOfPage":{"@id":"https:\/\/enheco.com\/equipment-and-spare-parts\/cupellation-furnace\/#primaryimage"},"image":{"@id":"https:\/\/enheco.com\/equipment-and-spare-parts\/cupellation-furnace\/#primaryimage"},"thumbnailUrl":"https:\/\/enheco.com\/wp-content\/uploads\/2025\/07\/Horno-de-copelacion-de-copelas.webp","datePublished":"2025-07-17T19:28:20+00:00","dateModified":"2026-01-10T19:00:05+00:00","description":"Horno de copelaci\u00f3n para operar con copelas N\u00b0 6, 7, 8 y hasta 11, variando su capacidad respectivamente.","breadcrumb":{"@id":"https:\/\/enheco.com\/equipment-and-spare-parts\/cupellation-furnace\/#breadcrumb"},"inLanguage":"es-CO","potentialAction":[{"@type":"ReadAction","target":["https:\/\/enheco.com\/equipment-and-spare-parts\/cupellation-furnace\/"]}]},{"@type":"ImageObject","inLanguage":"es-CO","@id":"https:\/\/enheco.com\/equipment-and-spare-parts\/cupellation-furnace\/#primaryimage","url":"https:\/\/enheco.com\/wp-content\/uploads\/2025\/07\/Horno-de-copelacion-de-copelas.webp","contentUrl":"https:\/\/enheco.com\/wp-content\/uploads\/2025\/07\/Horno-de-copelacion-de-copelas.webp","width":1000,"height":1000,"caption":"Horno de copelaci\u00f3n de copelas"},{"@type":"BreadcrumbList","@id":"https:\/\/enheco.com\/equipment-and-spare-parts\/cupellation-furnace\/#breadcrumb","itemListElement":[{"@type":"ListItem","position":1,"name":"Portada","item":"https:\/\/enheco.com\/"},{"@type":"ListItem","position":2,"name":"Equipment and spare parts","item":"https:\/\/enheco.com\/equipment-and-spare-parts\/"},{"@type":"ListItem","position":3,"name":"Cupellation furnace"}]},{"@type":"WebSite","@id":"https:\/\/enheco.com\/#website","url":"https:\/\/enheco.com\/","name":"Enheco: ingenier\u00eda para el planeta","description":"Compa\u00f1\u00eda colombiana del sector industrial, dedicada al desarrollo de la ingenier\u00eda en general","publisher":{"@id":"https:\/\/enheco.com\/#organization"},"alternateName":"ENHECO - Engineering Heating And Combustion SAS.","potentialAction":[{"@type":"SearchAction","target":{"@type":"EntryPoint","urlTemplate":"https:\/\/enheco.com\/?s={search_term_string}"},"query-input":{"@type":"PropertyValueSpecification","valueRequired":true,"valueName":"search_term_string"}}],"inLanguage":"es-CO"},{"@type":"Organization","@id":"https:\/\/enheco.com\/#organization","name":"ENHECO -  Ingenier\u00eda de Calefacci\u00f3n y Combusti\u00f3n SAS.","alternateName":"ENHECO - Engineering Heating And Combustion SAS.","url":"https:\/\/enheco.com\/","logo":{"@type":"ImageObject","inLanguage":"es-CO","@id":"https:\/\/enheco.com\/#\/schema\/logo\/image\/","url":"https:\/\/enheco.com\/wp-content\/uploads\/2025\/07\/logo-enheco.png","contentUrl":"https:\/\/enheco.com\/wp-content\/uploads\/2025\/07\/logo-enheco.png","width":300,"height":300,"caption":"ENHECO - Engineering Heating And Combustion SAS."},"image":{"@id":"https:\/\/enheco.com\/#\/schema\/logo\/image\/"}}]}},"_links":{"self":[{"href":"https:\/\/enheco.com\/es\/wp-json\/wp\/v2\/product\/1401","targetHints":{"allow":["GET"]}}],"collection":[{"href":"https:\/\/enheco.com\/es\/wp-json\/wp\/v2\/product"}],"about":[{"href":"https:\/\/enheco.com\/es\/wp-json\/wp\/v2\/types\/product"}],"wp:featuredmedia":[{"embeddable":true,"href":"https:\/\/enheco.com\/es\/wp-json\/wp\/v2\/media\/1402"}],"wp:attachment":[{"href":"https:\/\/enheco.com\/es\/wp-json\/wp\/v2\/media?parent=1401"}],"wp:term":[{"taxonomy":"product_brand","embeddable":true,"href":"https:\/\/enheco.com\/es\/wp-json\/wp\/v2\/product_brand?post=1401"},{"taxonomy":"product_cat","embeddable":true,"href":"https:\/\/enheco.com\/es\/wp-json\/wp\/v2\/product_cat?post=1401"},{"taxonomy":"product_tag","embeddable":true,"href":"https:\/\/enheco.com\/es\/wp-json\/wp\/v2\/product_tag?post=1401"}],"curies":[{"name":"wp","href":"https:\/\/api.w.org\/{rel}","templated":true}]}}