{"id":1445,"date":"2025-07-18T00:22:11","date_gmt":"2025-07-17T22:22:11","guid":{"rendered":"https:\/\/enheco.com\/webnueva\/?post_type=product&#038;p=1445"},"modified":"2025-12-17T19:45:25","modified_gmt":"2025-12-17T18:45:25","slug":"horno-de-fusion-de-crisol-con-basculante-es","status":"publish","type":"product","link":"https:\/\/enheco.com\/es\/equipos-y-repuestos-es\/horno-de-fusion-de-crisol-con-basculante-es\/","title":{"rendered":"Horno de fusi\u00f3n de crisol con basculante"},"content":{"rendered":"<p>Horno para fundir aluminio de forma indirecta donde la llama rosa de forma tangencial el exterior de un recipiente llamado crisol que sirve de olla para contener la colada logrando fundir as\u00ed el material en el tiempo y con la facilidad de vaciar este de forma r\u00e1pida al voltear el horno sobre un pivote en su base y ayudado por un sistema hidr\u00e1ulico<\/p>","protected":false},"excerpt":{"rendered":"<p>Horno para fundir aluminio de forma indirecta donde la llama rosa de forma tangencial el exterior de un recipiente llamado crisol que sirve de olla para contener la colada logrando fundir as\u00ed el material en el tiempo y con la facilidad de vaciar este de forma r\u00e1pida al voltear el horno sobre un pivote en su base y ayudado por un sistema hidr\u00e1ulico<\/p>","protected":false},"featured_media":1446,"template":"","meta":{"_joinchat":[]},"product_brand":[35],"product_cat":[30,32],"product_tag":[],"class_list":{"0":"post-1445","1":"product","2":"type-product","3":"status-publish","4":"has-post-thumbnail","6":"product_brand-ehneco","7":"product_cat-industry","8":"product_cat-ovens","9":"description-off","11":"first","12":"instock","13":"shipping-taxable","14":"product-type-simple"},"yoast_head":"<!-- This site is optimized with the Yoast SEO plugin v26.9 - https:\/\/yoast.com\/product\/yoast-seo-wordpress\/ -->\n<title>Tilting crucible melting furnace ~ Enheco: ingenier\u00eda para el planeta<\/title>\n<meta name=\"description\" content=\"Tilting crucible melting furnace for indirectly melting aluminum where the flame touches the outside of a container called a crucible tangentially\" \/>\n<meta name=\"robots\" content=\"index, follow, max-snippet:-1, max-image-preview:large, max-video-preview:-1\" \/>\n<link rel=\"canonical\" href=\"https:\/\/enheco.com\/es\/equipos-y-repuestos-es\/horno-de-fusion-de-crisol-con-basculante-es\/\" \/>\n<meta property=\"og:locale\" content=\"es_ES\" \/>\n<meta property=\"og:type\" content=\"article\" \/>\n<meta property=\"og:title\" content=\"Tilting crucible melting furnace ~ Enheco: ingenier\u00eda para el planeta\" \/>\n<meta property=\"og:description\" content=\"Tilting crucible melting furnace for indirectly melting aluminum where the flame touches the outside of a container called a crucible tangentially\" \/>\n<meta property=\"og:url\" content=\"https:\/\/enheco.com\/es\/equipos-y-repuestos-es\/horno-de-fusion-de-crisol-con-basculante-es\/\" \/>\n<meta property=\"og:site_name\" content=\"Enheco: ingenier\u00eda para el planeta\" \/>\n<meta property=\"article:modified_time\" content=\"2025-12-17T18:45:25+00:00\" \/>\n<meta property=\"og:image\" content=\"https:\/\/enheco.com\/wp-content\/uploads\/2025\/07\/producto-home05.webp\" \/>\n\t<meta property=\"og:image:width\" content=\"800\" \/>\n\t<meta property=\"og:image:height\" content=\"800\" \/>\n\t<meta property=\"og:image:type\" content=\"image\/webp\" \/>\n<meta name=\"twitter:card\" content=\"summary_large_image\" \/>\n<meta name=\"twitter:label1\" content=\"Tiempo de lectura\" \/>\n\t<meta name=\"twitter:data1\" content=\"1 minuto\" \/>\n<script type=\"application\/ld+json\" class=\"yoast-schema-graph\">{\"@context\":\"https:\/\/schema.org\",\"@graph\":[{\"@type\":\"WebPage\",\"@id\":\"https:\/\/enheco.com\/equipment-and-spare-parts\/tilting-crucible-melting-furnace\/\",\"url\":\"https:\/\/enheco.com\/equipment-and-spare-parts\/tilting-crucible-melting-furnace\/\",\"name\":\"Tilting crucible melting furnace ~ Enheco: ingenier\u00eda para el planeta\",\"isPartOf\":{\"@id\":\"https:\/\/enheco.com\/#website\"},\"primaryImageOfPage\":{\"@id\":\"https:\/\/enheco.com\/equipment-and-spare-parts\/tilting-crucible-melting-furnace\/#primaryimage\"},\"image\":{\"@id\":\"https:\/\/enheco.com\/equipment-and-spare-parts\/tilting-crucible-melting-furnace\/#primaryimage\"},\"thumbnailUrl\":\"https:\/\/enheco.com\/wp-content\/uploads\/2025\/07\/producto-home05.webp\",\"datePublished\":\"2025-07-17T22:22:11+00:00\",\"dateModified\":\"2025-12-17T18:45:25+00:00\",\"description\":\"Tilting crucible melting furnace for indirectly melting aluminum where the flame touches the outside of a container called a crucible tangentially\",\"breadcrumb\":{\"@id\":\"https:\/\/enheco.com\/equipment-and-spare-parts\/tilting-crucible-melting-furnace\/#breadcrumb\"},\"inLanguage\":\"es-CO\",\"potentialAction\":[{\"@type\":\"ReadAction\",\"target\":[\"https:\/\/enheco.com\/equipment-and-spare-parts\/tilting-crucible-melting-furnace\/\"]}]},{\"@type\":\"ImageObject\",\"inLanguage\":\"es-CO\",\"@id\":\"https:\/\/enheco.com\/equipment-and-spare-parts\/tilting-crucible-melting-furnace\/#primaryimage\",\"url\":\"https:\/\/enheco.com\/wp-content\/uploads\/2025\/07\/producto-home05.webp\",\"contentUrl\":\"https:\/\/enheco.com\/wp-content\/uploads\/2025\/07\/producto-home05.webp\",\"width\":800,\"height\":800,\"caption\":\"Horno de fusi\u00f3n de crisol con basculante\"},{\"@type\":\"BreadcrumbList\",\"@id\":\"https:\/\/enheco.com\/equipment-and-spare-parts\/tilting-crucible-melting-furnace\/#breadcrumb\",\"itemListElement\":[{\"@type\":\"ListItem\",\"position\":1,\"name\":\"Portada\",\"item\":\"https:\/\/enheco.com\/\"},{\"@type\":\"ListItem\",\"position\":2,\"name\":\"Equipment and spare parts\",\"item\":\"https:\/\/enheco.com\/equipment-and-spare-parts\/\"},{\"@type\":\"ListItem\",\"position\":3,\"name\":\"Tilting crucible melting furnace\"}]},{\"@type\":\"WebSite\",\"@id\":\"https:\/\/enheco.com\/#website\",\"url\":\"https:\/\/enheco.com\/\",\"name\":\"Enheco: ingenier\u00eda para el planeta\",\"description\":\"Compa\u00f1\u00eda colombiana del sector industrial, dedicada al desarrollo de la ingenier\u00eda en general\",\"publisher\":{\"@id\":\"https:\/\/enheco.com\/#organization\"},\"alternateName\":\"ENHECO - Engineering Heating And Combustion SAS.\",\"potentialAction\":[{\"@type\":\"SearchAction\",\"target\":{\"@type\":\"EntryPoint\",\"urlTemplate\":\"https:\/\/enheco.com\/?s={search_term_string}\"},\"query-input\":{\"@type\":\"PropertyValueSpecification\",\"valueRequired\":true,\"valueName\":\"search_term_string\"}}],\"inLanguage\":\"es-CO\"},{\"@type\":\"Organization\",\"@id\":\"https:\/\/enheco.com\/#organization\",\"name\":\"ENHECO - Engineering Heating And Combustion SAS.\",\"alternateName\":\"ENHECO - Engineering Heating And Combustion SAS.\",\"url\":\"https:\/\/enheco.com\/\",\"logo\":{\"@type\":\"ImageObject\",\"inLanguage\":\"es-CO\",\"@id\":\"https:\/\/enheco.com\/#\/schema\/logo\/image\/\",\"url\":\"https:\/\/enheco.com\/wp-content\/uploads\/2025\/07\/logo-enheco.png\",\"contentUrl\":\"https:\/\/enheco.com\/wp-content\/uploads\/2025\/07\/logo-enheco.png\",\"width\":300,\"height\":300,\"caption\":\"ENHECO - Engineering Heating And Combustion SAS.\"},\"image\":{\"@id\":\"https:\/\/enheco.com\/#\/schema\/logo\/image\/\"}}]}<\/script>\n<!-- \/ Yoast SEO plugin. -->","yoast_head_json":{"title":"Horno de fusi\u00f3n de crisol con basculante ~ Enheco","description":"Horno de fusi\u00f3n de crisol con basculante para fundir aluminio de forma indirecta donde la llama rosa de forma tangencial el exterior de un recipiente llamado crisol","robots":{"index":"index","follow":"follow","max-snippet":"max-snippet:-1","max-image-preview":"max-image-preview:large","max-video-preview":"max-video-preview:-1"},"canonical":"https:\/\/enheco.com\/es\/equipos-y-repuestos-es\/horno-de-fusion-de-crisol-con-basculante-es\/","og_locale":"es_ES","og_type":"article","og_title":"Tilting crucible melting furnace ~ Enheco: ingenier\u00eda para el planeta","og_description":"Tilting crucible melting furnace for indirectly melting aluminum where the flame touches the outside of a container called a crucible tangentially","og_url":"https:\/\/enheco.com\/es\/equipos-y-repuestos-es\/horno-de-fusion-de-crisol-con-basculante-es\/","og_site_name":"Enheco: ingenier\u00eda para el planeta","article_modified_time":"2025-12-17T18:45:25+00:00","og_image":[{"width":800,"height":800,"url":"https:\/\/enheco.com\/wp-content\/uploads\/2025\/07\/producto-home05.webp","type":"image\/webp"}],"twitter_card":"summary_large_image","twitter_misc":{"Tiempo de lectura":"1 minuto"},"schema":{"@context":"https:\/\/schema.org","@graph":[{"@type":"WebPage","@id":"https:\/\/enheco.com\/equipment-and-spare-parts\/tilting-crucible-melting-furnace\/","url":"https:\/\/enheco.com\/equipment-and-spare-parts\/tilting-crucible-melting-furnace\/","name":"Horno de fusi\u00f3n de crisol con basculante ~ Enheco","isPartOf":{"@id":"https:\/\/enheco.com\/#website"},"primaryImageOfPage":{"@id":"https:\/\/enheco.com\/equipment-and-spare-parts\/tilting-crucible-melting-furnace\/#primaryimage"},"image":{"@id":"https:\/\/enheco.com\/equipment-and-spare-parts\/tilting-crucible-melting-furnace\/#primaryimage"},"thumbnailUrl":"https:\/\/enheco.com\/wp-content\/uploads\/2025\/07\/producto-home05.webp","datePublished":"2025-07-17T22:22:11+00:00","dateModified":"2025-12-17T18:45:25+00:00","description":"Horno de fusi\u00f3n de crisol con basculante para fundir aluminio de forma indirecta donde la llama rosa de forma tangencial el exterior de un recipiente llamado crisol","breadcrumb":{"@id":"https:\/\/enheco.com\/equipment-and-spare-parts\/tilting-crucible-melting-furnace\/#breadcrumb"},"inLanguage":"es-CO","potentialAction":[{"@type":"ReadAction","target":["https:\/\/enheco.com\/equipment-and-spare-parts\/tilting-crucible-melting-furnace\/"]}]},{"@type":"ImageObject","inLanguage":"es-CO","@id":"https:\/\/enheco.com\/equipment-and-spare-parts\/tilting-crucible-melting-furnace\/#primaryimage","url":"https:\/\/enheco.com\/wp-content\/uploads\/2025\/07\/producto-home05.webp","contentUrl":"https:\/\/enheco.com\/wp-content\/uploads\/2025\/07\/producto-home05.webp","width":800,"height":800,"caption":"Horno de fusi\u00f3n de crisol con basculante"},{"@type":"BreadcrumbList","@id":"https:\/\/enheco.com\/equipment-and-spare-parts\/tilting-crucible-melting-furnace\/#breadcrumb","itemListElement":[{"@type":"ListItem","position":1,"name":"Portada","item":"https:\/\/enheco.com\/"},{"@type":"ListItem","position":2,"name":"Equipment and spare parts","item":"https:\/\/enheco.com\/equipment-and-spare-parts\/"},{"@type":"ListItem","position":3,"name":"Tilting crucible melting furnace"}]},{"@type":"WebSite","@id":"https:\/\/enheco.com\/#website","url":"https:\/\/enheco.com\/","name":"Enheco: ingenier\u00eda para el planeta","description":"Compa\u00f1\u00eda colombiana del sector industrial, dedicada al desarrollo de la ingenier\u00eda en general","publisher":{"@id":"https:\/\/enheco.com\/#organization"},"alternateName":"ENHECO - Engineering Heating And Combustion SAS.","potentialAction":[{"@type":"SearchAction","target":{"@type":"EntryPoint","urlTemplate":"https:\/\/enheco.com\/?s={search_term_string}"},"query-input":{"@type":"PropertyValueSpecification","valueRequired":true,"valueName":"search_term_string"}}],"inLanguage":"es-CO"},{"@type":"Organization","@id":"https:\/\/enheco.com\/#organization","name":"ENHECO -  Ingenier\u00eda de Calefacci\u00f3n y Combusti\u00f3n SAS.","alternateName":"ENHECO - Engineering Heating And Combustion SAS.","url":"https:\/\/enheco.com\/","logo":{"@type":"ImageObject","inLanguage":"es-CO","@id":"https:\/\/enheco.com\/#\/schema\/logo\/image\/","url":"https:\/\/enheco.com\/wp-content\/uploads\/2025\/07\/logo-enheco.png","contentUrl":"https:\/\/enheco.com\/wp-content\/uploads\/2025\/07\/logo-enheco.png","width":300,"height":300,"caption":"ENHECO - Engineering Heating And Combustion SAS."},"image":{"@id":"https:\/\/enheco.com\/#\/schema\/logo\/image\/"}}]}},"_links":{"self":[{"href":"https:\/\/enheco.com\/es\/wp-json\/wp\/v2\/product\/1445","targetHints":{"allow":["GET"]}}],"collection":[{"href":"https:\/\/enheco.com\/es\/wp-json\/wp\/v2\/product"}],"about":[{"href":"https:\/\/enheco.com\/es\/wp-json\/wp\/v2\/types\/product"}],"wp:featuredmedia":[{"embeddable":true,"href":"https:\/\/enheco.com\/es\/wp-json\/wp\/v2\/media\/1446"}],"wp:attachment":[{"href":"https:\/\/enheco.com\/es\/wp-json\/wp\/v2\/media?parent=1445"}],"wp:term":[{"taxonomy":"product_brand","embeddable":true,"href":"https:\/\/enheco.com\/es\/wp-json\/wp\/v2\/product_brand?post=1445"},{"taxonomy":"product_cat","embeddable":true,"href":"https:\/\/enheco.com\/es\/wp-json\/wp\/v2\/product_cat?post=1445"},{"taxonomy":"product_tag","embeddable":true,"href":"https:\/\/enheco.com\/es\/wp-json\/wp\/v2\/product_tag?post=1445"}],"curies":[{"name":"wp","href":"https:\/\/api.w.org\/{rel}","templated":true}]}}