{"id":1587,"date":"2025-07-21T16:52:12","date_gmt":"2025-07-21T14:52:12","guid":{"rendered":"https:\/\/enheco.com\/?post_type=product&#038;p=1587"},"modified":"2025-12-16T22:48:13","modified_gmt":"2025-12-16T21:48:13","slug":"reciprocadores-para-aplicar-pintura-es","status":"publish","type":"product","link":"https:\/\/enheco.com\/es\/equipos-y-repuestos-es\/reciprocadores-para-aplicar-pintura-es\/","title":{"rendered":"Reciprocadores para aplicar pintura"},"content":{"rendered":"<p>Reciprocadores para aplicar pintura: Equipos dise\u00f1ados para trabajar en l\u00edneas autom\u00e1ticas de pintura de alto desempe\u00f1o y velocidad. Su sistema de control permite regular la amplpitud de aplicaci\u00f3n o recorrido de las pistolas aportando un abanico controlado sin desperdiciar pintura.<\/p>","protected":false},"excerpt":{"rendered":"<p>Reciprocadores para aplicar pintura: Equipos dise\u00f1ados para trabajar en l\u00edneas autom\u00e1ticas de pintura de alto desempe\u00f1o y velocidad. Su sistema de control permite regular la amplpitud de aplicaci\u00f3n o recorrido de las pistolas aportando un abanico controlado sin desperdiciar pintura.<\/p>","protected":false},"featured_media":1588,"template":"","meta":{"_joinchat":[]},"product_brand":[35],"product_cat":[34],"product_tag":[],"class_list":{"0":"post-1587","1":"product","2":"type-product","3":"status-publish","4":"has-post-thumbnail","6":"product_brand-ehneco","7":"product_cat-paint","8":"description-off","10":"first","11":"instock","12":"shipping-taxable","13":"product-type-simple"},"yoast_head":"<!-- This site is optimized with the Yoast SEO plugin v26.9 - https:\/\/yoast.com\/product\/yoast-seo-wordpress\/ -->\n<title>Reciprocators for applying paint ~ Enheco: ingenier\u00eda para el planeta<\/title>\n<meta name=\"description\" content=\"Custom design and manufacturing of heating equipment for industry, such as gas burners, heat treatment furnaces, drying ovens, mining laboratories and more\" \/>\n<meta name=\"robots\" content=\"index, follow, max-snippet:-1, max-image-preview:large, max-video-preview:-1\" \/>\n<link rel=\"canonical\" href=\"https:\/\/enheco.com\/es\/equipos-y-repuestos-es\/reciprocadores-para-aplicar-pintura-es\/\" \/>\n<meta property=\"og:locale\" content=\"es_ES\" \/>\n<meta property=\"og:type\" content=\"article\" \/>\n<meta property=\"og:title\" content=\"Reciprocators for applying paint ~ Enheco: ingenier\u00eda para el planeta\" \/>\n<meta property=\"og:description\" content=\"Custom design and manufacturing of heating equipment for industry, such as gas burners, heat treatment furnaces, drying ovens, mining laboratories and more\" \/>\n<meta property=\"og:url\" content=\"https:\/\/enheco.com\/es\/equipos-y-repuestos-es\/reciprocadores-para-aplicar-pintura-es\/\" \/>\n<meta property=\"og:site_name\" content=\"Enheco: ingenier\u00eda para el planeta\" \/>\n<meta property=\"article:modified_time\" content=\"2025-12-16T21:48:13+00:00\" \/>\n<meta property=\"og:image\" content=\"https:\/\/enheco.com\/wp-content\/uploads\/2025\/07\/Reciprocador.webp\" \/>\n\t<meta property=\"og:image:width\" content=\"806\" \/>\n\t<meta property=\"og:image:height\" content=\"806\" \/>\n\t<meta property=\"og:image:type\" content=\"image\/webp\" \/>\n<meta name=\"twitter:card\" content=\"summary_large_image\" \/>\n<meta name=\"twitter:label1\" content=\"Tiempo de lectura\" \/>\n\t<meta name=\"twitter:data1\" content=\"1 minuto\" \/>\n<script type=\"application\/ld+json\" class=\"yoast-schema-graph\">{\"@context\":\"https:\/\/schema.org\",\"@graph\":[{\"@type\":\"WebPage\",\"@id\":\"https:\/\/enheco.com\/equipment-and-spare-parts\/reciprocators-for-applying-paint\/\",\"url\":\"https:\/\/enheco.com\/equipment-and-spare-parts\/reciprocators-for-applying-paint\/\",\"name\":\"Reciprocators for applying paint ~ Enheco: ingenier\u00eda para el planeta\",\"isPartOf\":{\"@id\":\"https:\/\/enheco.com\/#website\"},\"primaryImageOfPage\":{\"@id\":\"https:\/\/enheco.com\/equipment-and-spare-parts\/reciprocators-for-applying-paint\/#primaryimage\"},\"image\":{\"@id\":\"https:\/\/enheco.com\/equipment-and-spare-parts\/reciprocators-for-applying-paint\/#primaryimage\"},\"thumbnailUrl\":\"https:\/\/enheco.com\/wp-content\/uploads\/2025\/07\/Reciprocador.webp\",\"datePublished\":\"2025-07-21T14:52:12+00:00\",\"dateModified\":\"2025-12-16T21:48:13+00:00\",\"description\":\"Custom design and manufacturing of heating equipment for industry, such as gas burners, heat treatment furnaces, drying ovens, mining laboratories and more\",\"breadcrumb\":{\"@id\":\"https:\/\/enheco.com\/equipment-and-spare-parts\/reciprocators-for-applying-paint\/#breadcrumb\"},\"inLanguage\":\"es-CO\",\"potentialAction\":[{\"@type\":\"ReadAction\",\"target\":[\"https:\/\/enheco.com\/equipment-and-spare-parts\/reciprocators-for-applying-paint\/\"]}]},{\"@type\":\"ImageObject\",\"inLanguage\":\"es-CO\",\"@id\":\"https:\/\/enheco.com\/equipment-and-spare-parts\/reciprocators-for-applying-paint\/#primaryimage\",\"url\":\"https:\/\/enheco.com\/wp-content\/uploads\/2025\/07\/Reciprocador.webp\",\"contentUrl\":\"https:\/\/enheco.com\/wp-content\/uploads\/2025\/07\/Reciprocador.webp\",\"width\":806,\"height\":806,\"caption\":\"Reciprocadores para aplicar pintura\"},{\"@type\":\"BreadcrumbList\",\"@id\":\"https:\/\/enheco.com\/equipment-and-spare-parts\/reciprocators-for-applying-paint\/#breadcrumb\",\"itemListElement\":[{\"@type\":\"ListItem\",\"position\":1,\"name\":\"Portada\",\"item\":\"https:\/\/enheco.com\/\"},{\"@type\":\"ListItem\",\"position\":2,\"name\":\"Equipment and spare parts\",\"item\":\"https:\/\/enheco.com\/equipment-and-spare-parts\/\"},{\"@type\":\"ListItem\",\"position\":3,\"name\":\"Reciprocators for applying paint\"}]},{\"@type\":\"WebSite\",\"@id\":\"https:\/\/enheco.com\/#website\",\"url\":\"https:\/\/enheco.com\/\",\"name\":\"Enheco: ingenier\u00eda para el planeta\",\"description\":\"Compa\u00f1\u00eda colombiana del sector industrial, dedicada al desarrollo de la ingenier\u00eda en general\",\"publisher\":{\"@id\":\"https:\/\/enheco.com\/#organization\"},\"alternateName\":\"ENHECO - Engineering Heating And Combustion SAS.\",\"potentialAction\":[{\"@type\":\"SearchAction\",\"target\":{\"@type\":\"EntryPoint\",\"urlTemplate\":\"https:\/\/enheco.com\/?s={search_term_string}\"},\"query-input\":{\"@type\":\"PropertyValueSpecification\",\"valueRequired\":true,\"valueName\":\"search_term_string\"}}],\"inLanguage\":\"es-CO\"},{\"@type\":\"Organization\",\"@id\":\"https:\/\/enheco.com\/#organization\",\"name\":\"ENHECO - Engineering Heating And Combustion SAS.\",\"alternateName\":\"ENHECO - Engineering Heating And Combustion SAS.\",\"url\":\"https:\/\/enheco.com\/\",\"logo\":{\"@type\":\"ImageObject\",\"inLanguage\":\"es-CO\",\"@id\":\"https:\/\/enheco.com\/#\/schema\/logo\/image\/\",\"url\":\"https:\/\/enheco.com\/wp-content\/uploads\/2025\/07\/logo-enheco.png\",\"contentUrl\":\"https:\/\/enheco.com\/wp-content\/uploads\/2025\/07\/logo-enheco.png\",\"width\":300,\"height\":300,\"caption\":\"ENHECO - Engineering Heating And Combustion SAS.\"},\"image\":{\"@id\":\"https:\/\/enheco.com\/#\/schema\/logo\/image\/\"}}]}<\/script>\n<!-- \/ Yoast SEO plugin. -->","yoast_head_json":{"title":"Reciprocadores para aplicar pintura ~ Enheco","description":"Dise\u00f1o y fabricaci\u00f3n a medidas de equipos de calentamiento para la industria, como Ventilador de aire de combusti\u00f3n, quemadores de gas, hornos, laboratorios de miner\u00eda y m\u00e1s","robots":{"index":"index","follow":"follow","max-snippet":"max-snippet:-1","max-image-preview":"max-image-preview:large","max-video-preview":"max-video-preview:-1"},"canonical":"https:\/\/enheco.com\/es\/equipos-y-repuestos-es\/reciprocadores-para-aplicar-pintura-es\/","og_locale":"es_ES","og_type":"article","og_title":"Reciprocators for applying paint ~ Enheco: ingenier\u00eda para el planeta","og_description":"Custom design and manufacturing of heating equipment for industry, such as gas burners, heat treatment furnaces, drying ovens, mining laboratories and more","og_url":"https:\/\/enheco.com\/es\/equipos-y-repuestos-es\/reciprocadores-para-aplicar-pintura-es\/","og_site_name":"Enheco: ingenier\u00eda para el planeta","article_modified_time":"2025-12-16T21:48:13+00:00","og_image":[{"width":806,"height":806,"url":"https:\/\/enheco.com\/wp-content\/uploads\/2025\/07\/Reciprocador.webp","type":"image\/webp"}],"twitter_card":"summary_large_image","twitter_misc":{"Tiempo de lectura":"1 minuto"},"schema":{"@context":"https:\/\/schema.org","@graph":[{"@type":"WebPage","@id":"https:\/\/enheco.com\/equipment-and-spare-parts\/reciprocators-for-applying-paint\/","url":"https:\/\/enheco.com\/equipment-and-spare-parts\/reciprocators-for-applying-paint\/","name":"Reciprocadores para aplicar pintura ~ Enheco","isPartOf":{"@id":"https:\/\/enheco.com\/#website"},"primaryImageOfPage":{"@id":"https:\/\/enheco.com\/equipment-and-spare-parts\/reciprocators-for-applying-paint\/#primaryimage"},"image":{"@id":"https:\/\/enheco.com\/equipment-and-spare-parts\/reciprocators-for-applying-paint\/#primaryimage"},"thumbnailUrl":"https:\/\/enheco.com\/wp-content\/uploads\/2025\/07\/Reciprocador.webp","datePublished":"2025-07-21T14:52:12+00:00","dateModified":"2025-12-16T21:48:13+00:00","description":"Dise\u00f1o y fabricaci\u00f3n a medidas de equipos de calentamiento para la industria, como Ventilador de aire de combusti\u00f3n, quemadores de gas, hornos, laboratorios de miner\u00eda y m\u00e1s","breadcrumb":{"@id":"https:\/\/enheco.com\/equipment-and-spare-parts\/reciprocators-for-applying-paint\/#breadcrumb"},"inLanguage":"es-CO","potentialAction":[{"@type":"ReadAction","target":["https:\/\/enheco.com\/equipment-and-spare-parts\/reciprocators-for-applying-paint\/"]}]},{"@type":"ImageObject","inLanguage":"es-CO","@id":"https:\/\/enheco.com\/equipment-and-spare-parts\/reciprocators-for-applying-paint\/#primaryimage","url":"https:\/\/enheco.com\/wp-content\/uploads\/2025\/07\/Reciprocador.webp","contentUrl":"https:\/\/enheco.com\/wp-content\/uploads\/2025\/07\/Reciprocador.webp","width":806,"height":806,"caption":"Reciprocadores para aplicar pintura"},{"@type":"BreadcrumbList","@id":"https:\/\/enheco.com\/equipment-and-spare-parts\/reciprocators-for-applying-paint\/#breadcrumb","itemListElement":[{"@type":"ListItem","position":1,"name":"Portada","item":"https:\/\/enheco.com\/"},{"@type":"ListItem","position":2,"name":"Equipment and spare parts","item":"https:\/\/enheco.com\/equipment-and-spare-parts\/"},{"@type":"ListItem","position":3,"name":"Reciprocators for applying paint"}]},{"@type":"WebSite","@id":"https:\/\/enheco.com\/#website","url":"https:\/\/enheco.com\/","name":"Enheco: ingenier\u00eda para el planeta","description":"Compa\u00f1\u00eda colombiana del sector industrial, dedicada al desarrollo de la ingenier\u00eda en general","publisher":{"@id":"https:\/\/enheco.com\/#organization"},"alternateName":"ENHECO - Engineering Heating And Combustion SAS.","potentialAction":[{"@type":"SearchAction","target":{"@type":"EntryPoint","urlTemplate":"https:\/\/enheco.com\/?s={search_term_string}"},"query-input":{"@type":"PropertyValueSpecification","valueRequired":true,"valueName":"search_term_string"}}],"inLanguage":"es-CO"},{"@type":"Organization","@id":"https:\/\/enheco.com\/#organization","name":"ENHECO -  Ingenier\u00eda de Calefacci\u00f3n y Combusti\u00f3n SAS.","alternateName":"ENHECO - Engineering Heating And Combustion SAS.","url":"https:\/\/enheco.com\/","logo":{"@type":"ImageObject","inLanguage":"es-CO","@id":"https:\/\/enheco.com\/#\/schema\/logo\/image\/","url":"https:\/\/enheco.com\/wp-content\/uploads\/2025\/07\/logo-enheco.png","contentUrl":"https:\/\/enheco.com\/wp-content\/uploads\/2025\/07\/logo-enheco.png","width":300,"height":300,"caption":"ENHECO - Engineering Heating And Combustion SAS."},"image":{"@id":"https:\/\/enheco.com\/#\/schema\/logo\/image\/"}}]}},"_links":{"self":[{"href":"https:\/\/enheco.com\/es\/wp-json\/wp\/v2\/product\/1587","targetHints":{"allow":["GET"]}}],"collection":[{"href":"https:\/\/enheco.com\/es\/wp-json\/wp\/v2\/product"}],"about":[{"href":"https:\/\/enheco.com\/es\/wp-json\/wp\/v2\/types\/product"}],"wp:featuredmedia":[{"embeddable":true,"href":"https:\/\/enheco.com\/es\/wp-json\/wp\/v2\/media\/1588"}],"wp:attachment":[{"href":"https:\/\/enheco.com\/es\/wp-json\/wp\/v2\/media?parent=1587"}],"wp:term":[{"taxonomy":"product_brand","embeddable":true,"href":"https:\/\/enheco.com\/es\/wp-json\/wp\/v2\/product_brand?post=1587"},{"taxonomy":"product_cat","embeddable":true,"href":"https:\/\/enheco.com\/es\/wp-json\/wp\/v2\/product_cat?post=1587"},{"taxonomy":"product_tag","embeddable":true,"href":"https:\/\/enheco.com\/es\/wp-json\/wp\/v2\/product_tag?post=1587"}],"curies":[{"name":"wp","href":"https:\/\/api.w.org\/{rel}","templated":true}]}}