{"id":1641,"date":"2025-07-24T22:42:59","date_gmt":"2025-07-24T20:42:59","guid":{"rendered":"https:\/\/enheco.com\/?post_type=product&#038;p=1641"},"modified":"2025-12-16T22:36:35","modified_gmt":"2025-12-16T21:36:35","slug":"hornos-de-tratamiento-termico-o-de-calentamiento-de-piezas","status":"publish","type":"product","link":"https:\/\/enheco.com\/es\/equipos-y-repuestos-es\/hornos-de-tratamiento-termico-o-de-calentamiento-de-piezas\/","title":{"rendered":"Hornos de tratamiento t\u00e9rmico o de calentamiento de piezas"},"content":{"rendered":"<p>Hornos dise\u00f1ados para satisfacer las necesidades espec\u00edficas del cliente y su proceso.<\/p>","protected":false},"excerpt":{"rendered":"<p>Hornos dise\u00f1ados a la medida y necesidad del cliente y de su proceso<\/p>","protected":false},"featured_media":1642,"template":"","meta":{"_joinchat":[]},"product_brand":[35],"product_cat":[30,32],"product_tag":[],"class_list":{"0":"post-1641","1":"product","2":"type-product","3":"status-publish","4":"has-post-thumbnail","6":"product_brand-ehneco","7":"product_cat-industry","8":"product_cat-ovens","9":"description-off","11":"first","12":"instock","13":"shipping-taxable","14":"product-type-simple"},"yoast_head":"<!-- This site is optimized with the Yoast SEO plugin v26.9 - https:\/\/yoast.com\/product\/yoast-seo-wordpress\/ -->\n<title>Heat treatment or parts heating furnaces ~ Enheco: ingenier\u00eda para el planeta<\/title>\n<meta name=\"description\" content=\"Design and manufacture of heat treatment or heating furnaces for parts, tailored to the needs of the client and their process\" \/>\n<meta name=\"robots\" content=\"index, follow, max-snippet:-1, max-image-preview:large, max-video-preview:-1\" \/>\n<link rel=\"canonical\" href=\"https:\/\/enheco.com\/es\/equipos-y-repuestos-es\/hornos-de-tratamiento-termico-o-de-calentamiento-de-piezas\/\" \/>\n<meta property=\"og:locale\" content=\"es_ES\" \/>\n<meta property=\"og:type\" content=\"article\" \/>\n<meta property=\"og:title\" content=\"Heat treatment or parts heating furnaces ~ Enheco: ingenier\u00eda para el planeta\" \/>\n<meta property=\"og:description\" content=\"Design and manufacture of heat treatment or heating furnaces for parts, tailored to the needs of the client and their process\" \/>\n<meta property=\"og:url\" content=\"https:\/\/enheco.com\/es\/equipos-y-repuestos-es\/hornos-de-tratamiento-termico-o-de-calentamiento-de-piezas\/\" \/>\n<meta property=\"og:site_name\" content=\"Enheco: ingenier\u00eda para el planeta\" \/>\n<meta property=\"article:modified_time\" content=\"2025-12-16T21:36:35+00:00\" \/>\n<meta property=\"og:image\" content=\"https:\/\/enheco.com\/wp-content\/uploads\/2025\/07\/Hornos-de-tratamiento-termico-o-calentamiento-de-piezas.webp\" \/>\n\t<meta property=\"og:image:width\" content=\"947\" \/>\n\t<meta property=\"og:image:height\" content=\"947\" \/>\n\t<meta property=\"og:image:type\" content=\"image\/webp\" \/>\n<meta name=\"twitter:card\" content=\"summary_large_image\" \/>\n<meta name=\"twitter:label1\" content=\"Tiempo de lectura\" \/>\n\t<meta name=\"twitter:data1\" content=\"1 minuto\" \/>\n<script type=\"application\/ld+json\" class=\"yoast-schema-graph\">{\"@context\":\"https:\/\/schema.org\",\"@graph\":[{\"@type\":\"WebPage\",\"@id\":\"https:\/\/enheco.com\/equipment-and-spare-parts\/heat-treatment-or-parts-heating-furnaces\/\",\"url\":\"https:\/\/enheco.com\/equipment-and-spare-parts\/heat-treatment-or-parts-heating-furnaces\/\",\"name\":\"Heat treatment or parts heating furnaces ~ Enheco: ingenier\u00eda para el planeta\",\"isPartOf\":{\"@id\":\"https:\/\/enheco.com\/#website\"},\"primaryImageOfPage\":{\"@id\":\"https:\/\/enheco.com\/equipment-and-spare-parts\/heat-treatment-or-parts-heating-furnaces\/#primaryimage\"},\"image\":{\"@id\":\"https:\/\/enheco.com\/equipment-and-spare-parts\/heat-treatment-or-parts-heating-furnaces\/#primaryimage\"},\"thumbnailUrl\":\"https:\/\/enheco.com\/wp-content\/uploads\/2025\/07\/Hornos-de-tratamiento-termico-o-calentamiento-de-piezas.webp\",\"datePublished\":\"2025-07-24T20:42:59+00:00\",\"dateModified\":\"2025-12-16T21:36:35+00:00\",\"description\":\"Design and manufacture of heat treatment or heating furnaces for parts, tailored to the needs of the client and their process\",\"breadcrumb\":{\"@id\":\"https:\/\/enheco.com\/equipment-and-spare-parts\/heat-treatment-or-parts-heating-furnaces\/#breadcrumb\"},\"inLanguage\":\"es-CO\",\"potentialAction\":[{\"@type\":\"ReadAction\",\"target\":[\"https:\/\/enheco.com\/equipment-and-spare-parts\/heat-treatment-or-parts-heating-furnaces\/\"]}]},{\"@type\":\"ImageObject\",\"inLanguage\":\"es-CO\",\"@id\":\"https:\/\/enheco.com\/equipment-and-spare-parts\/heat-treatment-or-parts-heating-furnaces\/#primaryimage\",\"url\":\"https:\/\/enheco.com\/wp-content\/uploads\/2025\/07\/Hornos-de-tratamiento-termico-o-calentamiento-de-piezas.webp\",\"contentUrl\":\"https:\/\/enheco.com\/wp-content\/uploads\/2025\/07\/Hornos-de-tratamiento-termico-o-calentamiento-de-piezas.webp\",\"width\":947,\"height\":947,\"caption\":\"Hornos de tratamiento t\u00e9rmico o calentamiento de piezas\"},{\"@type\":\"BreadcrumbList\",\"@id\":\"https:\/\/enheco.com\/equipment-and-spare-parts\/heat-treatment-or-parts-heating-furnaces\/#breadcrumb\",\"itemListElement\":[{\"@type\":\"ListItem\",\"position\":1,\"name\":\"Portada\",\"item\":\"https:\/\/enheco.com\/\"},{\"@type\":\"ListItem\",\"position\":2,\"name\":\"Equipment and spare parts\",\"item\":\"https:\/\/enheco.com\/equipment-and-spare-parts\/\"},{\"@type\":\"ListItem\",\"position\":3,\"name\":\"Heat treatment or parts heating furnaces\"}]},{\"@type\":\"WebSite\",\"@id\":\"https:\/\/enheco.com\/#website\",\"url\":\"https:\/\/enheco.com\/\",\"name\":\"Enheco: ingenier\u00eda para el planeta\",\"description\":\"Compa\u00f1\u00eda colombiana del sector industrial, dedicada al desarrollo de la ingenier\u00eda en general\",\"publisher\":{\"@id\":\"https:\/\/enheco.com\/#organization\"},\"alternateName\":\"ENHECO - Engineering Heating And Combustion SAS.\",\"potentialAction\":[{\"@type\":\"SearchAction\",\"target\":{\"@type\":\"EntryPoint\",\"urlTemplate\":\"https:\/\/enheco.com\/?s={search_term_string}\"},\"query-input\":{\"@type\":\"PropertyValueSpecification\",\"valueRequired\":true,\"valueName\":\"search_term_string\"}}],\"inLanguage\":\"es-CO\"},{\"@type\":\"Organization\",\"@id\":\"https:\/\/enheco.com\/#organization\",\"name\":\"ENHECO - Engineering Heating And Combustion SAS.\",\"alternateName\":\"ENHECO - Engineering Heating And Combustion SAS.\",\"url\":\"https:\/\/enheco.com\/\",\"logo\":{\"@type\":\"ImageObject\",\"inLanguage\":\"es-CO\",\"@id\":\"https:\/\/enheco.com\/#\/schema\/logo\/image\/\",\"url\":\"https:\/\/enheco.com\/wp-content\/uploads\/2025\/07\/logo-enheco.png\",\"contentUrl\":\"https:\/\/enheco.com\/wp-content\/uploads\/2025\/07\/logo-enheco.png\",\"width\":300,\"height\":300,\"caption\":\"ENHECO - Engineering Heating And Combustion SAS.\"},\"image\":{\"@id\":\"https:\/\/enheco.com\/#\/schema\/logo\/image\/\"}}]}<\/script>\n<!-- \/ Yoast SEO plugin. -->","yoast_head_json":{"title":"Heat treatment or parts heating furnaces ~ Enheco: ingenier\u00eda para el planeta","description":"Design and manufacture of heat treatment or heating furnaces for parts, tailored to the needs of the client and their process","robots":{"index":"index","follow":"follow","max-snippet":"max-snippet:-1","max-image-preview":"max-image-preview:large","max-video-preview":"max-video-preview:-1"},"canonical":"https:\/\/enheco.com\/es\/equipos-y-repuestos-es\/hornos-de-tratamiento-termico-o-de-calentamiento-de-piezas\/","og_locale":"es_ES","og_type":"article","og_title":"Heat treatment or parts heating furnaces ~ Enheco: ingenier\u00eda para el planeta","og_description":"Design and manufacture of heat treatment or heating furnaces for parts, tailored to the needs of the client and their process","og_url":"https:\/\/enheco.com\/es\/equipos-y-repuestos-es\/hornos-de-tratamiento-termico-o-de-calentamiento-de-piezas\/","og_site_name":"Enheco: ingenier\u00eda para el planeta","article_modified_time":"2025-12-16T21:36:35+00:00","og_image":[{"width":947,"height":947,"url":"https:\/\/enheco.com\/wp-content\/uploads\/2025\/07\/Hornos-de-tratamiento-termico-o-calentamiento-de-piezas.webp","type":"image\/webp"}],"twitter_card":"summary_large_image","twitter_misc":{"Tiempo de lectura":"1 minuto"},"schema":{"@context":"https:\/\/schema.org","@graph":[{"@type":"WebPage","@id":"https:\/\/enheco.com\/equipment-and-spare-parts\/heat-treatment-or-parts-heating-furnaces\/","url":"https:\/\/enheco.com\/equipment-and-spare-parts\/heat-treatment-or-parts-heating-furnaces\/","name":"Heat treatment or parts heating furnaces ~ Enheco: ingenier\u00eda para el planeta","isPartOf":{"@id":"https:\/\/enheco.com\/#website"},"primaryImageOfPage":{"@id":"https:\/\/enheco.com\/equipment-and-spare-parts\/heat-treatment-or-parts-heating-furnaces\/#primaryimage"},"image":{"@id":"https:\/\/enheco.com\/equipment-and-spare-parts\/heat-treatment-or-parts-heating-furnaces\/#primaryimage"},"thumbnailUrl":"https:\/\/enheco.com\/wp-content\/uploads\/2025\/07\/Hornos-de-tratamiento-termico-o-calentamiento-de-piezas.webp","datePublished":"2025-07-24T20:42:59+00:00","dateModified":"2025-12-16T21:36:35+00:00","description":"Design and manufacture of heat treatment or heating furnaces for parts, tailored to the needs of the client and their process","breadcrumb":{"@id":"https:\/\/enheco.com\/equipment-and-spare-parts\/heat-treatment-or-parts-heating-furnaces\/#breadcrumb"},"inLanguage":"es-CO","potentialAction":[{"@type":"ReadAction","target":["https:\/\/enheco.com\/equipment-and-spare-parts\/heat-treatment-or-parts-heating-furnaces\/"]}]},{"@type":"ImageObject","inLanguage":"es-CO","@id":"https:\/\/enheco.com\/equipment-and-spare-parts\/heat-treatment-or-parts-heating-furnaces\/#primaryimage","url":"https:\/\/enheco.com\/wp-content\/uploads\/2025\/07\/Hornos-de-tratamiento-termico-o-calentamiento-de-piezas.webp","contentUrl":"https:\/\/enheco.com\/wp-content\/uploads\/2025\/07\/Hornos-de-tratamiento-termico-o-calentamiento-de-piezas.webp","width":947,"height":947,"caption":"Hornos de tratamiento t\u00e9rmico o calentamiento de piezas"},{"@type":"BreadcrumbList","@id":"https:\/\/enheco.com\/equipment-and-spare-parts\/heat-treatment-or-parts-heating-furnaces\/#breadcrumb","itemListElement":[{"@type":"ListItem","position":1,"name":"Portada","item":"https:\/\/enheco.com\/"},{"@type":"ListItem","position":2,"name":"Equipment and spare parts","item":"https:\/\/enheco.com\/equipment-and-spare-parts\/"},{"@type":"ListItem","position":3,"name":"Heat treatment or parts heating furnaces"}]},{"@type":"WebSite","@id":"https:\/\/enheco.com\/#website","url":"https:\/\/enheco.com\/","name":"Enheco: ingenier\u00eda para el planeta","description":"Compa\u00f1\u00eda colombiana del sector industrial, dedicada al desarrollo de la ingenier\u00eda en general","publisher":{"@id":"https:\/\/enheco.com\/#organization"},"alternateName":"ENHECO - Engineering Heating And Combustion SAS.","potentialAction":[{"@type":"SearchAction","target":{"@type":"EntryPoint","urlTemplate":"https:\/\/enheco.com\/?s={search_term_string}"},"query-input":{"@type":"PropertyValueSpecification","valueRequired":true,"valueName":"search_term_string"}}],"inLanguage":"es-CO"},{"@type":"Organization","@id":"https:\/\/enheco.com\/#organization","name":"ENHECO -  Ingenier\u00eda de Calefacci\u00f3n y Combusti\u00f3n SAS.","alternateName":"ENHECO - Engineering Heating And Combustion SAS.","url":"https:\/\/enheco.com\/","logo":{"@type":"ImageObject","inLanguage":"es-CO","@id":"https:\/\/enheco.com\/#\/schema\/logo\/image\/","url":"https:\/\/enheco.com\/wp-content\/uploads\/2025\/07\/logo-enheco.png","contentUrl":"https:\/\/enheco.com\/wp-content\/uploads\/2025\/07\/logo-enheco.png","width":300,"height":300,"caption":"ENHECO - Engineering Heating And Combustion SAS."},"image":{"@id":"https:\/\/enheco.com\/#\/schema\/logo\/image\/"}}]}},"_links":{"self":[{"href":"https:\/\/enheco.com\/es\/wp-json\/wp\/v2\/product\/1641","targetHints":{"allow":["GET"]}}],"collection":[{"href":"https:\/\/enheco.com\/es\/wp-json\/wp\/v2\/product"}],"about":[{"href":"https:\/\/enheco.com\/es\/wp-json\/wp\/v2\/types\/product"}],"wp:featuredmedia":[{"embeddable":true,"href":"https:\/\/enheco.com\/es\/wp-json\/wp\/v2\/media\/1642"}],"wp:attachment":[{"href":"https:\/\/enheco.com\/es\/wp-json\/wp\/v2\/media?parent=1641"}],"wp:term":[{"taxonomy":"product_brand","embeddable":true,"href":"https:\/\/enheco.com\/es\/wp-json\/wp\/v2\/product_brand?post=1641"},{"taxonomy":"product_cat","embeddable":true,"href":"https:\/\/enheco.com\/es\/wp-json\/wp\/v2\/product_cat?post=1641"},{"taxonomy":"product_tag","embeddable":true,"href":"https:\/\/enheco.com\/es\/wp-json\/wp\/v2\/product_tag?post=1641"}],"curies":[{"name":"wp","href":"https:\/\/api.w.org\/{rel}","templated":true}]}}