{"id":1647,"date":"2025-07-24T23:20:42","date_gmt":"2025-07-24T21:20:42","guid":{"rendered":"https:\/\/enheco.com\/?post_type=product&#038;p=1647"},"modified":"2025-12-16T22:10:15","modified_gmt":"2025-12-16T21:10:15","slug":"horno-de-secado-o-curado-de-parte-activa-o-similares-de-bobinados-aislados","status":"publish","type":"product","link":"https:\/\/enheco.com\/es\/equipos-y-repuestos-es\/horno-de-secado-o-curado-de-parte-activa-o-similares-de-bobinados-aislados\/","title":{"rendered":"Horno de secado o curado de parte activa o similares de bobinados aislados"},"content":{"rendered":"<p>Horno el\u00e9ctrico o a gas para el secado o curado de las partes activas de transformadores o motores el\u00e9ctricos que est\u00e1n siendo fabricados o remanufacturados<\/p>","protected":false},"excerpt":{"rendered":"<p>Horno el\u00e9ctrico o a gas para el secado o curado de las partes activas de transformadores o motores el\u00e9ctricos que est\u00e1n siendo fabricados o remanufacturados<\/p>","protected":false},"featured_media":1648,"template":"","meta":{"_joinchat":[]},"product_brand":[35],"product_cat":[30,32],"product_tag":[],"class_list":{"0":"post-1647","1":"product","2":"type-product","3":"status-publish","4":"has-post-thumbnail","6":"product_brand-ehneco","7":"product_cat-industry","8":"product_cat-ovens","9":"description-off","11":"first","12":"instock","13":"shipping-taxable","14":"product-type-simple"},"yoast_head":"<!-- This site is optimized with the Yoast SEO plugin v26.9 - https:\/\/yoast.com\/product\/yoast-seo-wordpress\/ -->\n<title>Drying or curing oven - Enheco: ingenier\u00eda para el planeta<\/title>\n<meta name=\"description\" content=\"Electric or gas oven for drying or curing the active parts of transformers or electric motors that are being manufactured or remanufactured\" \/>\n<meta name=\"robots\" content=\"index, follow, max-snippet:-1, max-image-preview:large, max-video-preview:-1\" \/>\n<link rel=\"canonical\" href=\"https:\/\/enheco.com\/es\/equipos-y-repuestos-es\/horno-de-secado-o-curado-de-parte-activa-o-similares-de-bobinados-aislados\/\" \/>\n<meta property=\"og:locale\" content=\"es_ES\" \/>\n<meta property=\"og:type\" content=\"article\" \/>\n<meta property=\"og:title\" content=\"Drying or curing oven - Enheco: ingenier\u00eda para el planeta\" \/>\n<meta property=\"og:description\" content=\"Electric or gas oven for drying or curing the active parts of transformers or electric motors that are being manufactured or remanufactured\" \/>\n<meta property=\"og:url\" content=\"https:\/\/enheco.com\/es\/equipos-y-repuestos-es\/horno-de-secado-o-curado-de-parte-activa-o-similares-de-bobinados-aislados\/\" \/>\n<meta property=\"og:site_name\" content=\"Enheco: ingenier\u00eda para el planeta\" \/>\n<meta property=\"article:modified_time\" content=\"2025-12-16T21:10:15+00:00\" \/>\n<meta property=\"og:image\" content=\"https:\/\/enheco.com\/wp-content\/uploads\/2025\/07\/Horno-de-secado-o-curado-de-parte-activa-o-similares-de-bobinados-aislados-89.webp\" \/>\n\t<meta property=\"og:image:width\" content=\"1000\" \/>\n\t<meta property=\"og:image:height\" content=\"1000\" \/>\n\t<meta property=\"og:image:type\" content=\"image\/webp\" \/>\n<meta name=\"twitter:card\" content=\"summary_large_image\" \/>\n<meta name=\"twitter:label1\" content=\"Tiempo de lectura\" \/>\n\t<meta name=\"twitter:data1\" content=\"1 minuto\" \/>\n<script type=\"application\/ld+json\" class=\"yoast-schema-graph\">{\"@context\":\"https:\/\/schema.org\",\"@graph\":[{\"@type\":\"WebPage\",\"@id\":\"https:\/\/enheco.com\/equipment-and-spare-parts\/drying-or-curing-oven-for-active-parts-or-similar-insulated-windings\/\",\"url\":\"https:\/\/enheco.com\/equipment-and-spare-parts\/drying-or-curing-oven-for-active-parts-or-similar-insulated-windings\/\",\"name\":\"Drying or curing oven - Enheco: ingenier\u00eda para el planeta\",\"isPartOf\":{\"@id\":\"https:\/\/enheco.com\/#website\"},\"primaryImageOfPage\":{\"@id\":\"https:\/\/enheco.com\/equipment-and-spare-parts\/drying-or-curing-oven-for-active-parts-or-similar-insulated-windings\/#primaryimage\"},\"image\":{\"@id\":\"https:\/\/enheco.com\/equipment-and-spare-parts\/drying-or-curing-oven-for-active-parts-or-similar-insulated-windings\/#primaryimage\"},\"thumbnailUrl\":\"https:\/\/enheco.com\/wp-content\/uploads\/2025\/07\/Horno-de-secado-o-curado-de-parte-activa-o-similares-de-bobinados-aislados-89.webp\",\"datePublished\":\"2025-07-24T21:20:42+00:00\",\"dateModified\":\"2025-12-16T21:10:15+00:00\",\"description\":\"Electric or gas oven for drying or curing the active parts of transformers or electric motors that are being manufactured or remanufactured\",\"breadcrumb\":{\"@id\":\"https:\/\/enheco.com\/equipment-and-spare-parts\/drying-or-curing-oven-for-active-parts-or-similar-insulated-windings\/#breadcrumb\"},\"inLanguage\":\"es-CO\",\"potentialAction\":[{\"@type\":\"ReadAction\",\"target\":[\"https:\/\/enheco.com\/equipment-and-spare-parts\/drying-or-curing-oven-for-active-parts-or-similar-insulated-windings\/\"]}]},{\"@type\":\"ImageObject\",\"inLanguage\":\"es-CO\",\"@id\":\"https:\/\/enheco.com\/equipment-and-spare-parts\/drying-or-curing-oven-for-active-parts-or-similar-insulated-windings\/#primaryimage\",\"url\":\"https:\/\/enheco.com\/wp-content\/uploads\/2025\/07\/Horno-de-secado-o-curado-de-parte-activa-o-similares-de-bobinados-aislados-89.webp\",\"contentUrl\":\"https:\/\/enheco.com\/wp-content\/uploads\/2025\/07\/Horno-de-secado-o-curado-de-parte-activa-o-similares-de-bobinados-aislados-89.webp\",\"width\":1000,\"height\":1000,\"caption\":\"Horno de secado o curado de parte activa o similares de bobinados aislados\"},{\"@type\":\"BreadcrumbList\",\"@id\":\"https:\/\/enheco.com\/equipment-and-spare-parts\/drying-or-curing-oven-for-active-parts-or-similar-insulated-windings\/#breadcrumb\",\"itemListElement\":[{\"@type\":\"ListItem\",\"position\":1,\"name\":\"Portada\",\"item\":\"https:\/\/enheco.com\/\"},{\"@type\":\"ListItem\",\"position\":2,\"name\":\"Equipment and spare parts\",\"item\":\"https:\/\/enheco.com\/equipment-and-spare-parts\/\"},{\"@type\":\"ListItem\",\"position\":3,\"name\":\"Drying or curing oven for active parts or similar insulated windings\"}]},{\"@type\":\"WebSite\",\"@id\":\"https:\/\/enheco.com\/#website\",\"url\":\"https:\/\/enheco.com\/\",\"name\":\"Enheco: ingenier\u00eda para el planeta\",\"description\":\"Compa\u00f1\u00eda colombiana del sector industrial, dedicada al desarrollo de la ingenier\u00eda en general\",\"publisher\":{\"@id\":\"https:\/\/enheco.com\/#organization\"},\"alternateName\":\"ENHECO - Engineering Heating And Combustion SAS.\",\"potentialAction\":[{\"@type\":\"SearchAction\",\"target\":{\"@type\":\"EntryPoint\",\"urlTemplate\":\"https:\/\/enheco.com\/?s={search_term_string}\"},\"query-input\":{\"@type\":\"PropertyValueSpecification\",\"valueRequired\":true,\"valueName\":\"search_term_string\"}}],\"inLanguage\":\"es-CO\"},{\"@type\":\"Organization\",\"@id\":\"https:\/\/enheco.com\/#organization\",\"name\":\"ENHECO - Engineering Heating And Combustion SAS.\",\"alternateName\":\"ENHECO - Engineering Heating And Combustion SAS.\",\"url\":\"https:\/\/enheco.com\/\",\"logo\":{\"@type\":\"ImageObject\",\"inLanguage\":\"es-CO\",\"@id\":\"https:\/\/enheco.com\/#\/schema\/logo\/image\/\",\"url\":\"https:\/\/enheco.com\/wp-content\/uploads\/2025\/07\/logo-enheco.png\",\"contentUrl\":\"https:\/\/enheco.com\/wp-content\/uploads\/2025\/07\/logo-enheco.png\",\"width\":300,\"height\":300,\"caption\":\"ENHECO - Engineering Heating And Combustion SAS.\"},\"image\":{\"@id\":\"https:\/\/enheco.com\/#\/schema\/logo\/image\/\"}}]}<\/script>\n<!-- \/ Yoast SEO plugin. -->","yoast_head_json":{"title":"Drying or curing oven - Enheco: ingenier\u00eda para el planeta","description":"Horno el\u00e9ctrico o a gas para el secado o curado de las partes activas de transformadores o motores el\u00e9ctricos que est\u00e1n siendo fabricados o remanufacturados","robots":{"index":"index","follow":"follow","max-snippet":"max-snippet:-1","max-image-preview":"max-image-preview:large","max-video-preview":"max-video-preview:-1"},"canonical":"https:\/\/enheco.com\/es\/equipos-y-repuestos-es\/horno-de-secado-o-curado-de-parte-activa-o-similares-de-bobinados-aislados\/","og_locale":"es_ES","og_type":"article","og_title":"Drying or curing oven - Enheco: ingenier\u00eda para el planeta","og_description":"Electric or gas oven for drying or curing the active parts of transformers or electric motors that are being manufactured or remanufactured","og_url":"https:\/\/enheco.com\/es\/equipos-y-repuestos-es\/horno-de-secado-o-curado-de-parte-activa-o-similares-de-bobinados-aislados\/","og_site_name":"Enheco: ingenier\u00eda para el planeta","article_modified_time":"2025-12-16T21:10:15+00:00","og_image":[{"width":1000,"height":1000,"url":"https:\/\/enheco.com\/wp-content\/uploads\/2025\/07\/Horno-de-secado-o-curado-de-parte-activa-o-similares-de-bobinados-aislados-89.webp","type":"image\/webp"}],"twitter_card":"summary_large_image","twitter_misc":{"Tiempo de lectura":"1 minuto"},"schema":{"@context":"https:\/\/schema.org","@graph":[{"@type":"WebPage","@id":"https:\/\/enheco.com\/equipment-and-spare-parts\/drying-or-curing-oven-for-active-parts-or-similar-insulated-windings\/","url":"https:\/\/enheco.com\/equipment-and-spare-parts\/drying-or-curing-oven-for-active-parts-or-similar-insulated-windings\/","name":"Drying or curing oven - Enheco: ingenier\u00eda para el planeta","isPartOf":{"@id":"https:\/\/enheco.com\/#website"},"primaryImageOfPage":{"@id":"https:\/\/enheco.com\/equipment-and-spare-parts\/drying-or-curing-oven-for-active-parts-or-similar-insulated-windings\/#primaryimage"},"image":{"@id":"https:\/\/enheco.com\/equipment-and-spare-parts\/drying-or-curing-oven-for-active-parts-or-similar-insulated-windings\/#primaryimage"},"thumbnailUrl":"https:\/\/enheco.com\/wp-content\/uploads\/2025\/07\/Horno-de-secado-o-curado-de-parte-activa-o-similares-de-bobinados-aislados-89.webp","datePublished":"2025-07-24T21:20:42+00:00","dateModified":"2025-12-16T21:10:15+00:00","description":"Horno el\u00e9ctrico o a gas para el secado o curado de las partes activas de transformadores o motores el\u00e9ctricos que est\u00e1n siendo fabricados o remanufacturados","breadcrumb":{"@id":"https:\/\/enheco.com\/equipment-and-spare-parts\/drying-or-curing-oven-for-active-parts-or-similar-insulated-windings\/#breadcrumb"},"inLanguage":"es-CO","potentialAction":[{"@type":"ReadAction","target":["https:\/\/enheco.com\/equipment-and-spare-parts\/drying-or-curing-oven-for-active-parts-or-similar-insulated-windings\/"]}]},{"@type":"ImageObject","inLanguage":"es-CO","@id":"https:\/\/enheco.com\/equipment-and-spare-parts\/drying-or-curing-oven-for-active-parts-or-similar-insulated-windings\/#primaryimage","url":"https:\/\/enheco.com\/wp-content\/uploads\/2025\/07\/Horno-de-secado-o-curado-de-parte-activa-o-similares-de-bobinados-aislados-89.webp","contentUrl":"https:\/\/enheco.com\/wp-content\/uploads\/2025\/07\/Horno-de-secado-o-curado-de-parte-activa-o-similares-de-bobinados-aislados-89.webp","width":1000,"height":1000,"caption":"Horno de secado o curado de parte activa o similares de bobinados aislados"},{"@type":"BreadcrumbList","@id":"https:\/\/enheco.com\/equipment-and-spare-parts\/drying-or-curing-oven-for-active-parts-or-similar-insulated-windings\/#breadcrumb","itemListElement":[{"@type":"ListItem","position":1,"name":"Portada","item":"https:\/\/enheco.com\/"},{"@type":"ListItem","position":2,"name":"Equipment and spare parts","item":"https:\/\/enheco.com\/equipment-and-spare-parts\/"},{"@type":"ListItem","position":3,"name":"Drying or curing oven for active parts or similar insulated windings"}]},{"@type":"WebSite","@id":"https:\/\/enheco.com\/#website","url":"https:\/\/enheco.com\/","name":"Enheco: ingenier\u00eda para el planeta","description":"Compa\u00f1\u00eda colombiana del sector industrial, dedicada al desarrollo de la ingenier\u00eda en general","publisher":{"@id":"https:\/\/enheco.com\/#organization"},"alternateName":"ENHECO - Engineering Heating And Combustion SAS.","potentialAction":[{"@type":"SearchAction","target":{"@type":"EntryPoint","urlTemplate":"https:\/\/enheco.com\/?s={search_term_string}"},"query-input":{"@type":"PropertyValueSpecification","valueRequired":true,"valueName":"search_term_string"}}],"inLanguage":"es-CO"},{"@type":"Organization","@id":"https:\/\/enheco.com\/#organization","name":"ENHECO -  Ingenier\u00eda de Calefacci\u00f3n y Combusti\u00f3n SAS.","alternateName":"ENHECO - Engineering Heating And Combustion SAS.","url":"https:\/\/enheco.com\/","logo":{"@type":"ImageObject","inLanguage":"es-CO","@id":"https:\/\/enheco.com\/#\/schema\/logo\/image\/","url":"https:\/\/enheco.com\/wp-content\/uploads\/2025\/07\/logo-enheco.png","contentUrl":"https:\/\/enheco.com\/wp-content\/uploads\/2025\/07\/logo-enheco.png","width":300,"height":300,"caption":"ENHECO - Engineering Heating And Combustion SAS."},"image":{"@id":"https:\/\/enheco.com\/#\/schema\/logo\/image\/"}}]}},"_links":{"self":[{"href":"https:\/\/enheco.com\/es\/wp-json\/wp\/v2\/product\/1647","targetHints":{"allow":["GET"]}}],"collection":[{"href":"https:\/\/enheco.com\/es\/wp-json\/wp\/v2\/product"}],"about":[{"href":"https:\/\/enheco.com\/es\/wp-json\/wp\/v2\/types\/product"}],"wp:featuredmedia":[{"embeddable":true,"href":"https:\/\/enheco.com\/es\/wp-json\/wp\/v2\/media\/1648"}],"wp:attachment":[{"href":"https:\/\/enheco.com\/es\/wp-json\/wp\/v2\/media?parent=1647"}],"wp:term":[{"taxonomy":"product_brand","embeddable":true,"href":"https:\/\/enheco.com\/es\/wp-json\/wp\/v2\/product_brand?post=1647"},{"taxonomy":"product_cat","embeddable":true,"href":"https:\/\/enheco.com\/es\/wp-json\/wp\/v2\/product_cat?post=1647"},{"taxonomy":"product_tag","embeddable":true,"href":"https:\/\/enheco.com\/es\/wp-json\/wp\/v2\/product_tag?post=1647"}],"curies":[{"name":"wp","href":"https:\/\/api.w.org\/{rel}","templated":true}]}}