{"id":1651,"date":"2025-07-24T23:29:46","date_gmt":"2025-07-24T21:29:46","guid":{"rendered":"https:\/\/enheco.com\/?post_type=product&#038;p=1651"},"modified":"2025-12-16T20:56:55","modified_gmt":"2025-12-16T19:56:55","slug":"horno-de-tratamiento-termico-de-aluminio-para-realizar-t6-es","status":"publish","type":"product","link":"https:\/\/enheco.com\/es\/equipos-y-repuestos-es\/horno-de-tratamiento-termico-de-aluminio-para-realizar-t6-es\/","title":{"rendered":"Horno de tratamiento t\u00e9rmico de aluminio para realizar T6"},"content":{"rendered":"<p>Horno de tratamiento t\u00e9rmico de aluminio para realizar T6 en piezas que as\u00ed lo exigen, haciendo control del tiempo de proceso, siguiendo una curva t\u00e9rmica especifica, monitoreando la temperatura de diferentes puntos del horno y almacenando los datos de este.<\/p>","protected":false},"excerpt":{"rendered":"<p>Horno de tratamiento t\u00e9rmico de aluminio para realizar T6 en piezas que as\u00ed lo exigen, haciendo control del tiempo de proceso, siguiendo una curva t\u00e9rmica especifica, monitoreando la temperatura de diferentes puntos del horno y almacenando los datos de este.<\/p>","protected":false},"featured_media":1652,"template":"","meta":{"_joinchat":[]},"product_brand":[35],"product_cat":[30,32],"product_tag":[],"class_list":{"0":"post-1651","1":"product","2":"type-product","3":"status-publish","4":"has-post-thumbnail","6":"product_brand-ehneco","7":"product_cat-industry","8":"product_cat-ovens","9":"description-off","11":"first","12":"instock","13":"shipping-taxable","14":"product-type-simple"},"yoast_head":"<!-- This site is optimized with the Yoast SEO plugin v26.9 - https:\/\/yoast.com\/product\/yoast-seo-wordpress\/ -->\n<title>Aluminum heat treatment furnace for T6 ~ Enheco<\/title>\n<meta name=\"description\" content=\"Aluminum heat treatment furnace for T6 processing of parts that require it, controlling the process time, following a specific thermal curve.\" \/>\n<meta name=\"robots\" content=\"index, follow, max-snippet:-1, max-image-preview:large, max-video-preview:-1\" \/>\n<link rel=\"canonical\" href=\"https:\/\/enheco.com\/es\/equipos-y-repuestos-es\/horno-de-tratamiento-termico-de-aluminio-para-realizar-t6-es\/\" \/>\n<meta property=\"og:locale\" content=\"es_ES\" \/>\n<meta property=\"og:type\" content=\"article\" \/>\n<meta property=\"og:title\" content=\"Aluminum heat treatment furnace for T6 ~ Enheco\" \/>\n<meta property=\"og:description\" content=\"Aluminum heat treatment furnace for T6 processing of parts that require it, controlling the process time, following a specific thermal curve.\" \/>\n<meta property=\"og:url\" content=\"https:\/\/enheco.com\/es\/equipos-y-repuestos-es\/horno-de-tratamiento-termico-de-aluminio-para-realizar-t6-es\/\" \/>\n<meta property=\"og:site_name\" content=\"Enheco: ingenier\u00eda para el planeta\" \/>\n<meta property=\"article:modified_time\" content=\"2025-12-16T19:56:55+00:00\" \/>\n<meta property=\"og:image\" content=\"https:\/\/enheco.com\/wp-content\/uploads\/2025\/07\/Horno-de-tramiento-termico-de-aluminio-para-realizar-T6.webp\" \/>\n\t<meta property=\"og:image:width\" content=\"1000\" \/>\n\t<meta property=\"og:image:height\" content=\"1000\" \/>\n\t<meta property=\"og:image:type\" content=\"image\/webp\" \/>\n<meta name=\"twitter:card\" content=\"summary_large_image\" \/>\n<meta name=\"twitter:label1\" content=\"Tiempo de lectura\" \/>\n\t<meta name=\"twitter:data1\" content=\"1 minuto\" \/>\n<script type=\"application\/ld+json\" class=\"yoast-schema-graph\">{\"@context\":\"https:\/\/schema.org\",\"@graph\":[{\"@type\":\"WebPage\",\"@id\":\"https:\/\/enheco.com\/equipment-and-spare-parts\/aluminum-heat-treatment-furnace-for-t6\/\",\"url\":\"https:\/\/enheco.com\/equipment-and-spare-parts\/aluminum-heat-treatment-furnace-for-t6\/\",\"name\":\"Aluminum heat treatment furnace for T6 ~ Enheco\",\"isPartOf\":{\"@id\":\"https:\/\/enheco.com\/#website\"},\"primaryImageOfPage\":{\"@id\":\"https:\/\/enheco.com\/equipment-and-spare-parts\/aluminum-heat-treatment-furnace-for-t6\/#primaryimage\"},\"image\":{\"@id\":\"https:\/\/enheco.com\/equipment-and-spare-parts\/aluminum-heat-treatment-furnace-for-t6\/#primaryimage\"},\"thumbnailUrl\":\"https:\/\/enheco.com\/wp-content\/uploads\/2025\/07\/Horno-de-tramiento-termico-de-aluminio-para-realizar-T6.webp\",\"datePublished\":\"2025-07-24T21:29:46+00:00\",\"dateModified\":\"2025-12-16T19:56:55+00:00\",\"description\":\"Aluminum heat treatment furnace for T6 processing of parts that require it, controlling the process time, following a specific thermal curve.\",\"breadcrumb\":{\"@id\":\"https:\/\/enheco.com\/equipment-and-spare-parts\/aluminum-heat-treatment-furnace-for-t6\/#breadcrumb\"},\"inLanguage\":\"es-CO\",\"potentialAction\":[{\"@type\":\"ReadAction\",\"target\":[\"https:\/\/enheco.com\/equipment-and-spare-parts\/aluminum-heat-treatment-furnace-for-t6\/\"]}]},{\"@type\":\"ImageObject\",\"inLanguage\":\"es-CO\",\"@id\":\"https:\/\/enheco.com\/equipment-and-spare-parts\/aluminum-heat-treatment-furnace-for-t6\/#primaryimage\",\"url\":\"https:\/\/enheco.com\/wp-content\/uploads\/2025\/07\/Horno-de-tramiento-termico-de-aluminio-para-realizar-T6.webp\",\"contentUrl\":\"https:\/\/enheco.com\/wp-content\/uploads\/2025\/07\/Horno-de-tramiento-termico-de-aluminio-para-realizar-T6.webp\",\"width\":1000,\"height\":1000,\"caption\":\"Horno de tratamiento t\u00e9rmico de aluminio para realizar T6\"},{\"@type\":\"BreadcrumbList\",\"@id\":\"https:\/\/enheco.com\/equipment-and-spare-parts\/aluminum-heat-treatment-furnace-for-t6\/#breadcrumb\",\"itemListElement\":[{\"@type\":\"ListItem\",\"position\":1,\"name\":\"Portada\",\"item\":\"https:\/\/enheco.com\/\"},{\"@type\":\"ListItem\",\"position\":2,\"name\":\"Equipment and spare parts\",\"item\":\"https:\/\/enheco.com\/equipment-and-spare-parts\/\"},{\"@type\":\"ListItem\",\"position\":3,\"name\":\"Aluminum heat treatment furnace for T6\"}]},{\"@type\":\"WebSite\",\"@id\":\"https:\/\/enheco.com\/#website\",\"url\":\"https:\/\/enheco.com\/\",\"name\":\"Enheco: ingenier\u00eda para el planeta\",\"description\":\"Compa\u00f1\u00eda colombiana del sector industrial, dedicada al desarrollo de la ingenier\u00eda en general\",\"publisher\":{\"@id\":\"https:\/\/enheco.com\/#organization\"},\"alternateName\":\"ENHECO - Engineering Heating And Combustion SAS.\",\"potentialAction\":[{\"@type\":\"SearchAction\",\"target\":{\"@type\":\"EntryPoint\",\"urlTemplate\":\"https:\/\/enheco.com\/?s={search_term_string}\"},\"query-input\":{\"@type\":\"PropertyValueSpecification\",\"valueRequired\":true,\"valueName\":\"search_term_string\"}}],\"inLanguage\":\"es-CO\"},{\"@type\":\"Organization\",\"@id\":\"https:\/\/enheco.com\/#organization\",\"name\":\"ENHECO - Engineering Heating And Combustion SAS.\",\"alternateName\":\"ENHECO - Engineering Heating And Combustion SAS.\",\"url\":\"https:\/\/enheco.com\/\",\"logo\":{\"@type\":\"ImageObject\",\"inLanguage\":\"es-CO\",\"@id\":\"https:\/\/enheco.com\/#\/schema\/logo\/image\/\",\"url\":\"https:\/\/enheco.com\/wp-content\/uploads\/2025\/07\/logo-enheco.png\",\"contentUrl\":\"https:\/\/enheco.com\/wp-content\/uploads\/2025\/07\/logo-enheco.png\",\"width\":300,\"height\":300,\"caption\":\"ENHECO - Engineering Heating And Combustion SAS.\"},\"image\":{\"@id\":\"https:\/\/enheco.com\/#\/schema\/logo\/image\/\"}}]}<\/script>\n<!-- \/ Yoast SEO plugin. -->","yoast_head_json":{"title":"Horno de tratamiento t\u00e9rmico de aluminio para T6 ~ Enheco","description":"Horno de tratamiento t\u00e9rmico de aluminio para el procesado T6 de piezas que as\u00ed lo requieran, controlando el tiempo de proceso, siguiendo una curva t\u00e9rmica espec\u00edfica.","robots":{"index":"index","follow":"follow","max-snippet":"max-snippet:-1","max-image-preview":"max-image-preview:large","max-video-preview":"max-video-preview:-1"},"canonical":"https:\/\/enheco.com\/es\/equipos-y-repuestos-es\/horno-de-tratamiento-termico-de-aluminio-para-realizar-t6-es\/","og_locale":"es_ES","og_type":"article","og_title":"Aluminum heat treatment furnace for T6 ~ Enheco","og_description":"Aluminum heat treatment furnace for T6 processing of parts that require it, controlling the process time, following a specific thermal curve.","og_url":"https:\/\/enheco.com\/es\/equipos-y-repuestos-es\/horno-de-tratamiento-termico-de-aluminio-para-realizar-t6-es\/","og_site_name":"Enheco: ingenier\u00eda para el planeta","article_modified_time":"2025-12-16T19:56:55+00:00","og_image":[{"width":1000,"height":1000,"url":"https:\/\/enheco.com\/wp-content\/uploads\/2025\/07\/Horno-de-tramiento-termico-de-aluminio-para-realizar-T6.webp","type":"image\/webp"}],"twitter_card":"summary_large_image","twitter_misc":{"Tiempo de lectura":"1 minuto"},"schema":{"@context":"https:\/\/schema.org","@graph":[{"@type":"WebPage","@id":"https:\/\/enheco.com\/equipment-and-spare-parts\/aluminum-heat-treatment-furnace-for-t6\/","url":"https:\/\/enheco.com\/equipment-and-spare-parts\/aluminum-heat-treatment-furnace-for-t6\/","name":"Horno de tratamiento t\u00e9rmico de aluminio para T6 ~ Enheco","isPartOf":{"@id":"https:\/\/enheco.com\/#website"},"primaryImageOfPage":{"@id":"https:\/\/enheco.com\/equipment-and-spare-parts\/aluminum-heat-treatment-furnace-for-t6\/#primaryimage"},"image":{"@id":"https:\/\/enheco.com\/equipment-and-spare-parts\/aluminum-heat-treatment-furnace-for-t6\/#primaryimage"},"thumbnailUrl":"https:\/\/enheco.com\/wp-content\/uploads\/2025\/07\/Horno-de-tramiento-termico-de-aluminio-para-realizar-T6.webp","datePublished":"2025-07-24T21:29:46+00:00","dateModified":"2025-12-16T19:56:55+00:00","description":"Horno de tratamiento t\u00e9rmico de aluminio para el procesado T6 de piezas que as\u00ed lo requieran, controlando el tiempo de proceso, siguiendo una curva t\u00e9rmica espec\u00edfica.","breadcrumb":{"@id":"https:\/\/enheco.com\/equipment-and-spare-parts\/aluminum-heat-treatment-furnace-for-t6\/#breadcrumb"},"inLanguage":"es-CO","potentialAction":[{"@type":"ReadAction","target":["https:\/\/enheco.com\/equipment-and-spare-parts\/aluminum-heat-treatment-furnace-for-t6\/"]}]},{"@type":"ImageObject","inLanguage":"es-CO","@id":"https:\/\/enheco.com\/equipment-and-spare-parts\/aluminum-heat-treatment-furnace-for-t6\/#primaryimage","url":"https:\/\/enheco.com\/wp-content\/uploads\/2025\/07\/Horno-de-tramiento-termico-de-aluminio-para-realizar-T6.webp","contentUrl":"https:\/\/enheco.com\/wp-content\/uploads\/2025\/07\/Horno-de-tramiento-termico-de-aluminio-para-realizar-T6.webp","width":1000,"height":1000,"caption":"Horno de tratamiento t\u00e9rmico de aluminio para realizar T6"},{"@type":"BreadcrumbList","@id":"https:\/\/enheco.com\/equipment-and-spare-parts\/aluminum-heat-treatment-furnace-for-t6\/#breadcrumb","itemListElement":[{"@type":"ListItem","position":1,"name":"Portada","item":"https:\/\/enheco.com\/"},{"@type":"ListItem","position":2,"name":"Equipment and spare parts","item":"https:\/\/enheco.com\/equipment-and-spare-parts\/"},{"@type":"ListItem","position":3,"name":"Aluminum heat treatment furnace for T6"}]},{"@type":"WebSite","@id":"https:\/\/enheco.com\/#website","url":"https:\/\/enheco.com\/","name":"Enheco: ingenier\u00eda para el planeta","description":"Compa\u00f1\u00eda colombiana del sector industrial, dedicada al desarrollo de la ingenier\u00eda en general","publisher":{"@id":"https:\/\/enheco.com\/#organization"},"alternateName":"ENHECO - Engineering Heating And Combustion SAS.","potentialAction":[{"@type":"SearchAction","target":{"@type":"EntryPoint","urlTemplate":"https:\/\/enheco.com\/?s={search_term_string}"},"query-input":{"@type":"PropertyValueSpecification","valueRequired":true,"valueName":"search_term_string"}}],"inLanguage":"es-CO"},{"@type":"Organization","@id":"https:\/\/enheco.com\/#organization","name":"ENHECO -  Ingenier\u00eda de Calefacci\u00f3n y Combusti\u00f3n SAS.","alternateName":"ENHECO - Engineering Heating And Combustion SAS.","url":"https:\/\/enheco.com\/","logo":{"@type":"ImageObject","inLanguage":"es-CO","@id":"https:\/\/enheco.com\/#\/schema\/logo\/image\/","url":"https:\/\/enheco.com\/wp-content\/uploads\/2025\/07\/logo-enheco.png","contentUrl":"https:\/\/enheco.com\/wp-content\/uploads\/2025\/07\/logo-enheco.png","width":300,"height":300,"caption":"ENHECO - Engineering Heating And Combustion SAS."},"image":{"@id":"https:\/\/enheco.com\/#\/schema\/logo\/image\/"}}]}},"_links":{"self":[{"href":"https:\/\/enheco.com\/es\/wp-json\/wp\/v2\/product\/1651","targetHints":{"allow":["GET"]}}],"collection":[{"href":"https:\/\/enheco.com\/es\/wp-json\/wp\/v2\/product"}],"about":[{"href":"https:\/\/enheco.com\/es\/wp-json\/wp\/v2\/types\/product"}],"wp:featuredmedia":[{"embeddable":true,"href":"https:\/\/enheco.com\/es\/wp-json\/wp\/v2\/media\/1652"}],"wp:attachment":[{"href":"https:\/\/enheco.com\/es\/wp-json\/wp\/v2\/media?parent=1651"}],"wp:term":[{"taxonomy":"product_brand","embeddable":true,"href":"https:\/\/enheco.com\/es\/wp-json\/wp\/v2\/product_brand?post=1651"},{"taxonomy":"product_cat","embeddable":true,"href":"https:\/\/enheco.com\/es\/wp-json\/wp\/v2\/product_cat?post=1651"},{"taxonomy":"product_tag","embeddable":true,"href":"https:\/\/enheco.com\/es\/wp-json\/wp\/v2\/product_tag?post=1651"}],"curies":[{"name":"wp","href":"https:\/\/api.w.org\/{rel}","templated":true}]}}