{"id":3734,"date":"2026-01-10T19:41:27","date_gmt":"2026-01-10T18:41:27","guid":{"rendered":"https:\/\/enheco.com\/?post_type=product&#038;p=3734"},"modified":"2026-01-10T20:18:27","modified_gmt":"2026-01-10T19:18:27","slug":"hot-dip-galvanizing-tank","status":"publish","type":"product","link":"https:\/\/enheco.com\/es\/equipos-y-repuestos-es\/hot-dip-galvanizing-tank\/","title":{"rendered":"Horno cuba de galvanizado en caliente"},"content":{"rendered":"<p>Cuba de galvanziado en caliente para galvanizar piezas metalicas, dise\u00f1ado y fabricado a las necesidades del cliente<\/p>","protected":false},"excerpt":{"rendered":"<p>Cuba de galvanziado en caliente para galvanizar piezas metalicas, dise\u00f1ado y fabricado a las necesidades del cliente<\/p>","protected":false},"featured_media":3739,"template":"","meta":{"_joinchat":[]},"product_brand":[35],"product_cat":[30,32],"product_tag":[],"class_list":{"0":"post-3734","1":"product","2":"type-product","3":"status-publish","4":"has-post-thumbnail","6":"product_brand-ehneco","7":"product_cat-industry","8":"product_cat-ovens","9":"description-off","11":"first","12":"instock","13":"shipping-taxable","14":"product-type-simple"},"yoast_head":"<!-- This site is optimized with the Yoast SEO plugin v26.9 - https:\/\/yoast.com\/product\/yoast-seo-wordpress\/ -->\n<title>Hot-dip galvanizing tank ~ Enheco: ingenier\u00eda para el planeta<\/title>\n<meta name=\"description\" content=\"Hot-dip galvanizing tank for galvanizing metal parts, designed and manufactured to customer specifications\" \/>\n<meta name=\"robots\" content=\"index, follow, max-snippet:-1, max-image-preview:large, max-video-preview:-1\" \/>\n<link rel=\"canonical\" href=\"https:\/\/enheco.com\/es\/equipos-y-repuestos-es\/hot-dip-galvanizing-tank\/\" \/>\n<meta property=\"og:locale\" content=\"es_ES\" \/>\n<meta property=\"og:type\" content=\"article\" \/>\n<meta property=\"og:title\" content=\"Hot-dip galvanizing tank ~ Enheco: ingenier\u00eda para el planeta\" \/>\n<meta property=\"og:description\" content=\"Hot-dip galvanizing tank for galvanizing metal parts, designed and manufactured to customer specifications\" \/>\n<meta property=\"og:url\" content=\"https:\/\/enheco.com\/es\/equipos-y-repuestos-es\/hot-dip-galvanizing-tank\/\" \/>\n<meta property=\"og:site_name\" content=\"Enheco: ingenier\u00eda para el planeta\" \/>\n<meta property=\"article:modified_time\" content=\"2026-01-10T19:18:27+00:00\" \/>\n<meta property=\"og:image\" content=\"https:\/\/enheco.com\/wp-content\/uploads\/2026\/01\/Horno-cuba-de-galvanizado-en-caliente-01.webp\" \/>\n\t<meta property=\"og:image:width\" content=\"1000\" \/>\n\t<meta property=\"og:image:height\" content=\"1000\" \/>\n\t<meta property=\"og:image:type\" content=\"image\/webp\" \/>\n<meta name=\"twitter:card\" content=\"summary_large_image\" \/>\n<meta name=\"twitter:label1\" content=\"Tiempo de lectura\" \/>\n\t<meta name=\"twitter:data1\" content=\"1 minuto\" \/>\n<script type=\"application\/ld+json\" class=\"yoast-schema-graph\">{\"@context\":\"https:\/\/schema.org\",\"@graph\":[{\"@type\":\"WebPage\",\"@id\":\"https:\/\/enheco.com\/equipment-and-spare-parts\/hot-dip-galvanizing-tank\/\",\"url\":\"https:\/\/enheco.com\/equipment-and-spare-parts\/hot-dip-galvanizing-tank\/\",\"name\":\"Hot-dip galvanizing tank ~ Enheco: ingenier\u00eda para el planeta\",\"isPartOf\":{\"@id\":\"https:\/\/enheco.com\/#website\"},\"primaryImageOfPage\":{\"@id\":\"https:\/\/enheco.com\/equipment-and-spare-parts\/hot-dip-galvanizing-tank\/#primaryimage\"},\"image\":{\"@id\":\"https:\/\/enheco.com\/equipment-and-spare-parts\/hot-dip-galvanizing-tank\/#primaryimage\"},\"thumbnailUrl\":\"https:\/\/enheco.com\/wp-content\/uploads\/2026\/01\/Horno-cuba-de-galvanizado-en-caliente-01.webp\",\"datePublished\":\"2026-01-10T18:41:27+00:00\",\"dateModified\":\"2026-01-10T19:18:27+00:00\",\"description\":\"Hot-dip galvanizing tank for galvanizing metal parts, designed and manufactured to customer specifications\",\"breadcrumb\":{\"@id\":\"https:\/\/enheco.com\/equipment-and-spare-parts\/hot-dip-galvanizing-tank\/#breadcrumb\"},\"inLanguage\":\"es-CO\",\"potentialAction\":[{\"@type\":\"ReadAction\",\"target\":[\"https:\/\/enheco.com\/equipment-and-spare-parts\/hot-dip-galvanizing-tank\/\"]}]},{\"@type\":\"ImageObject\",\"inLanguage\":\"es-CO\",\"@id\":\"https:\/\/enheco.com\/equipment-and-spare-parts\/hot-dip-galvanizing-tank\/#primaryimage\",\"url\":\"https:\/\/enheco.com\/wp-content\/uploads\/2026\/01\/Horno-cuba-de-galvanizado-en-caliente-01.webp\",\"contentUrl\":\"https:\/\/enheco.com\/wp-content\/uploads\/2026\/01\/Horno-cuba-de-galvanizado-en-caliente-01.webp\",\"width\":1000,\"height\":1000,\"caption\":\"Hot-dip galvanizing tank\"},{\"@type\":\"BreadcrumbList\",\"@id\":\"https:\/\/enheco.com\/equipment-and-spare-parts\/hot-dip-galvanizing-tank\/#breadcrumb\",\"itemListElement\":[{\"@type\":\"ListItem\",\"position\":1,\"name\":\"Portada\",\"item\":\"https:\/\/enheco.com\/\"},{\"@type\":\"ListItem\",\"position\":2,\"name\":\"Equipment and spare parts\",\"item\":\"https:\/\/enheco.com\/equipment-and-spare-parts\/\"},{\"@type\":\"ListItem\",\"position\":3,\"name\":\"Hot-dip galvanizing tank\"}]},{\"@type\":\"WebSite\",\"@id\":\"https:\/\/enheco.com\/#website\",\"url\":\"https:\/\/enheco.com\/\",\"name\":\"Enheco: ingenier\u00eda para el planeta\",\"description\":\"Compa\u00f1\u00eda colombiana del sector industrial, dedicada al desarrollo de la ingenier\u00eda en general\",\"publisher\":{\"@id\":\"https:\/\/enheco.com\/#organization\"},\"alternateName\":\"ENHECO - Engineering Heating And Combustion SAS.\",\"potentialAction\":[{\"@type\":\"SearchAction\",\"target\":{\"@type\":\"EntryPoint\",\"urlTemplate\":\"https:\/\/enheco.com\/?s={search_term_string}\"},\"query-input\":{\"@type\":\"PropertyValueSpecification\",\"valueRequired\":true,\"valueName\":\"search_term_string\"}}],\"inLanguage\":\"es-CO\"},{\"@type\":\"Organization\",\"@id\":\"https:\/\/enheco.com\/#organization\",\"name\":\"ENHECO - Engineering Heating And Combustion SAS.\",\"alternateName\":\"ENHECO - Engineering Heating And Combustion SAS.\",\"url\":\"https:\/\/enheco.com\/\",\"logo\":{\"@type\":\"ImageObject\",\"inLanguage\":\"es-CO\",\"@id\":\"https:\/\/enheco.com\/#\/schema\/logo\/image\/\",\"url\":\"https:\/\/enheco.com\/wp-content\/uploads\/2025\/07\/logo-enheco.png\",\"contentUrl\":\"https:\/\/enheco.com\/wp-content\/uploads\/2025\/07\/logo-enheco.png\",\"width\":300,\"height\":300,\"caption\":\"ENHECO - Engineering Heating And Combustion SAS.\"},\"image\":{\"@id\":\"https:\/\/enheco.com\/#\/schema\/logo\/image\/\"}}]}<\/script>\n<!-- \/ Yoast SEO plugin. -->","yoast_head_json":{"title":"Hot-dip galvanizing tank ~ Enheco: ingenier\u00eda para el planeta","description":"Cuba de galvanziado en caliente para galvanizar piezas metalicas, dise\u00f1ado y fabricado a las necesidades del cliente","robots":{"index":"index","follow":"follow","max-snippet":"max-snippet:-1","max-image-preview":"max-image-preview:large","max-video-preview":"max-video-preview:-1"},"canonical":"https:\/\/enheco.com\/es\/equipos-y-repuestos-es\/hot-dip-galvanizing-tank\/","og_locale":"es_ES","og_type":"article","og_title":"Hot-dip galvanizing tank ~ Enheco: ingenier\u00eda para el planeta","og_description":"Hot-dip galvanizing tank for galvanizing metal parts, designed and manufactured to customer specifications","og_url":"https:\/\/enheco.com\/es\/equipos-y-repuestos-es\/hot-dip-galvanizing-tank\/","og_site_name":"Enheco: ingenier\u00eda para el planeta","article_modified_time":"2026-01-10T19:18:27+00:00","og_image":[{"width":1000,"height":1000,"url":"https:\/\/enheco.com\/wp-content\/uploads\/2026\/01\/Horno-cuba-de-galvanizado-en-caliente-01.webp","type":"image\/webp"}],"twitter_card":"summary_large_image","twitter_misc":{"Tiempo de lectura":"1 minuto"},"schema":{"@context":"https:\/\/schema.org","@graph":[{"@type":"WebPage","@id":"https:\/\/enheco.com\/equipment-and-spare-parts\/hot-dip-galvanizing-tank\/","url":"https:\/\/enheco.com\/equipment-and-spare-parts\/hot-dip-galvanizing-tank\/","name":"Hot-dip galvanizing tank ~ Enheco: ingenier\u00eda para el planeta","isPartOf":{"@id":"https:\/\/enheco.com\/#website"},"primaryImageOfPage":{"@id":"https:\/\/enheco.com\/equipment-and-spare-parts\/hot-dip-galvanizing-tank\/#primaryimage"},"image":{"@id":"https:\/\/enheco.com\/equipment-and-spare-parts\/hot-dip-galvanizing-tank\/#primaryimage"},"thumbnailUrl":"https:\/\/enheco.com\/wp-content\/uploads\/2026\/01\/Horno-cuba-de-galvanizado-en-caliente-01.webp","datePublished":"2026-01-10T18:41:27+00:00","dateModified":"2026-01-10T19:18:27+00:00","description":"Cuba de galvanziado en caliente para galvanizar piezas metalicas, dise\u00f1ado y fabricado a las necesidades del cliente","breadcrumb":{"@id":"https:\/\/enheco.com\/equipment-and-spare-parts\/hot-dip-galvanizing-tank\/#breadcrumb"},"inLanguage":"es-CO","potentialAction":[{"@type":"ReadAction","target":["https:\/\/enheco.com\/equipment-and-spare-parts\/hot-dip-galvanizing-tank\/"]}]},{"@type":"ImageObject","inLanguage":"es-CO","@id":"https:\/\/enheco.com\/equipment-and-spare-parts\/hot-dip-galvanizing-tank\/#primaryimage","url":"https:\/\/enheco.com\/wp-content\/uploads\/2026\/01\/Horno-cuba-de-galvanizado-en-caliente-01.webp","contentUrl":"https:\/\/enheco.com\/wp-content\/uploads\/2026\/01\/Horno-cuba-de-galvanizado-en-caliente-01.webp","width":1000,"height":1000,"caption":"Hot-dip galvanizing tank"},{"@type":"BreadcrumbList","@id":"https:\/\/enheco.com\/equipment-and-spare-parts\/hot-dip-galvanizing-tank\/#breadcrumb","itemListElement":[{"@type":"ListItem","position":1,"name":"Portada","item":"https:\/\/enheco.com\/"},{"@type":"ListItem","position":2,"name":"Equipment and spare parts","item":"https:\/\/enheco.com\/equipment-and-spare-parts\/"},{"@type":"ListItem","position":3,"name":"Hot-dip galvanizing tank"}]},{"@type":"WebSite","@id":"https:\/\/enheco.com\/#website","url":"https:\/\/enheco.com\/","name":"Enheco: ingenier\u00eda para el planeta","description":"Compa\u00f1\u00eda colombiana del sector industrial, dedicada al desarrollo de la ingenier\u00eda en general","publisher":{"@id":"https:\/\/enheco.com\/#organization"},"alternateName":"ENHECO - Engineering Heating And Combustion SAS.","potentialAction":[{"@type":"SearchAction","target":{"@type":"EntryPoint","urlTemplate":"https:\/\/enheco.com\/?s={search_term_string}"},"query-input":{"@type":"PropertyValueSpecification","valueRequired":true,"valueName":"search_term_string"}}],"inLanguage":"es-CO"},{"@type":"Organization","@id":"https:\/\/enheco.com\/#organization","name":"ENHECO -  Ingenier\u00eda de Calefacci\u00f3n y Combusti\u00f3n SAS.","alternateName":"ENHECO - Engineering Heating And Combustion SAS.","url":"https:\/\/enheco.com\/","logo":{"@type":"ImageObject","inLanguage":"es-CO","@id":"https:\/\/enheco.com\/#\/schema\/logo\/image\/","url":"https:\/\/enheco.com\/wp-content\/uploads\/2025\/07\/logo-enheco.png","contentUrl":"https:\/\/enheco.com\/wp-content\/uploads\/2025\/07\/logo-enheco.png","width":300,"height":300,"caption":"ENHECO - Engineering Heating And Combustion SAS."},"image":{"@id":"https:\/\/enheco.com\/#\/schema\/logo\/image\/"}}]}},"_links":{"self":[{"href":"https:\/\/enheco.com\/es\/wp-json\/wp\/v2\/product\/3734","targetHints":{"allow":["GET"]}}],"collection":[{"href":"https:\/\/enheco.com\/es\/wp-json\/wp\/v2\/product"}],"about":[{"href":"https:\/\/enheco.com\/es\/wp-json\/wp\/v2\/types\/product"}],"wp:featuredmedia":[{"embeddable":true,"href":"https:\/\/enheco.com\/es\/wp-json\/wp\/v2\/media\/3739"}],"wp:attachment":[{"href":"https:\/\/enheco.com\/es\/wp-json\/wp\/v2\/media?parent=3734"}],"wp:term":[{"taxonomy":"product_brand","embeddable":true,"href":"https:\/\/enheco.com\/es\/wp-json\/wp\/v2\/product_brand?post=3734"},{"taxonomy":"product_cat","embeddable":true,"href":"https:\/\/enheco.com\/es\/wp-json\/wp\/v2\/product_cat?post=3734"},{"taxonomy":"product_tag","embeddable":true,"href":"https:\/\/enheco.com\/es\/wp-json\/wp\/v2\/product_tag?post=3734"}],"curies":[{"name":"wp","href":"https:\/\/api.w.org\/{rel}","templated":true}]}}