{"id":703,"date":"2024-06-06T22:16:09","date_gmt":"2024-06-06T20:16:09","guid":{"rendered":"https:\/\/enheco.com\/webnueva\/?post_type=product&#038;p=703"},"modified":"2026-01-30T14:29:19","modified_gmt":"2026-01-30T13:29:19","slug":"programador-de-llama-brahma-tgrd-61-62-es","status":"publish","type":"product","link":"https:\/\/enheco.com\/es\/equipos-y-repuestos-es\/programador-de-llama-brahma-tgrd-61-62-es\/","title":{"rendered":"Brahma flame programmer &#8211; TGRD 61\/62"},"content":{"rendered":"<p>Los aparatos de esta serie, aunque responden a las capacidades m\u00e1s peque\u00f1as de los quemadores de gas con corriente de aire caliente est\u00e1n realizadas, contrariamente a otros aparatos similares, sin bloques mec\u00e1nicos intermedios, caracter\u00edstica que los convierte en aparatos extremadamente precisos y seguros<\/p>","protected":false},"excerpt":{"rendered":"<p>Los aparatos de esta serie, aunque responden a las capacidades m\u00e1s peque\u00f1as de los quemadores de gas con corriente de aire caliente est\u00e1n realizadas, contrariamente a otros aparatos similares, sin bloques mec\u00e1nicos intermedios, caracter\u00edstica que los convierte en aparatos extremadamente precisos y seguros<\/p>","protected":false},"featured_media":704,"template":"","meta":{"_joinchat":[]},"product_brand":[37],"product_cat":[18,19],"product_tag":[],"class_list":{"0":"post-703","1":"product","2":"type-product","3":"status-publish","4":"has-post-thumbnail","6":"product_brand-brahma","7":"product_cat-burner-spare-parts","8":"product_cat-flame-control","9":"description-off","11":"first","12":"instock","13":"shipping-taxable","14":"product-type-simple"},"yoast_head":"<!-- This site is optimized with the Yoast SEO plugin v26.9 - https:\/\/yoast.com\/product\/yoast-seo-wordpress\/ -->\n<title>Brahma flame programmer - TGRD 61\/62 ~ Enheco: ingenier\u00eda para el planeta<\/title>\n<meta name=\"description\" content=\"Equipment such as Brahma flame programmers, gas burners, heat treatment furnaces, drying ovens, mining laboratories, and more\" \/>\n<meta name=\"robots\" content=\"index, follow, max-snippet:-1, max-image-preview:large, max-video-preview:-1\" \/>\n<link rel=\"canonical\" href=\"https:\/\/enheco.com\/es\/equipos-y-repuestos-es\/programador-de-llama-brahma-tgrd-61-62-es\/\" \/>\n<meta property=\"og:locale\" content=\"es_ES\" \/>\n<meta property=\"og:type\" content=\"article\" \/>\n<meta property=\"og:title\" content=\"Brahma flame programmer - TGRD 61\/62 ~ Enheco: ingenier\u00eda para el planeta\" \/>\n<meta property=\"og:description\" content=\"Equipment such as Brahma flame programmers, gas burners, heat treatment furnaces, drying ovens, mining laboratories, and more\" \/>\n<meta property=\"og:url\" content=\"https:\/\/enheco.com\/es\/equipos-y-repuestos-es\/programador-de-llama-brahma-tgrd-61-62-es\/\" \/>\n<meta property=\"og:site_name\" content=\"Enheco: ingenier\u00eda para el planeta\" \/>\n<meta property=\"article:modified_time\" content=\"2026-01-30T13:29:19+00:00\" \/>\n<meta property=\"og:image\" content=\"https:\/\/enheco.com\/wp-content\/uploads\/2024\/06\/Brahma-VM-44G-1-1.jpg\" \/>\n\t<meta property=\"og:image:width\" content=\"900\" \/>\n\t<meta property=\"og:image:height\" content=\"1000\" \/>\n\t<meta property=\"og:image:type\" content=\"image\/jpeg\" \/>\n<meta name=\"twitter:card\" content=\"summary_large_image\" \/>\n<meta name=\"twitter:label1\" content=\"Tiempo de lectura\" \/>\n\t<meta name=\"twitter:data1\" content=\"1 minuto\" \/>\n<script type=\"application\/ld+json\" class=\"yoast-schema-graph\">{\"@context\":\"https:\/\/schema.org\",\"@graph\":[{\"@type\":\"WebPage\",\"@id\":\"https:\/\/enheco.com\/equipment-and-spare-parts\/flame-programmer-or-combustion-programmer-brahma-tgrd-61-62\/\",\"url\":\"https:\/\/enheco.com\/equipment-and-spare-parts\/flame-programmer-or-combustion-programmer-brahma-tgrd-61-62\/\",\"name\":\"Brahma flame programmer - TGRD 61\/62 ~ Enheco: ingenier\u00eda para el planeta\",\"isPartOf\":{\"@id\":\"https:\/\/enheco.com\/#website\"},\"primaryImageOfPage\":{\"@id\":\"https:\/\/enheco.com\/equipment-and-spare-parts\/flame-programmer-or-combustion-programmer-brahma-tgrd-61-62\/#primaryimage\"},\"image\":{\"@id\":\"https:\/\/enheco.com\/equipment-and-spare-parts\/flame-programmer-or-combustion-programmer-brahma-tgrd-61-62\/#primaryimage\"},\"thumbnailUrl\":\"https:\/\/enheco.com\/wp-content\/uploads\/2024\/06\/Brahma-VM-44G-1-1.jpg\",\"datePublished\":\"2024-06-06T20:16:09+00:00\",\"dateModified\":\"2026-01-30T13:29:19+00:00\",\"description\":\"Equipment such as Brahma flame programmers, gas burners, heat treatment furnaces, drying ovens, mining laboratories, and more\",\"breadcrumb\":{\"@id\":\"https:\/\/enheco.com\/equipment-and-spare-parts\/flame-programmer-or-combustion-programmer-brahma-tgrd-61-62\/#breadcrumb\"},\"inLanguage\":\"es-CO\",\"potentialAction\":[{\"@type\":\"ReadAction\",\"target\":[\"https:\/\/enheco.com\/equipment-and-spare-parts\/flame-programmer-or-combustion-programmer-brahma-tgrd-61-62\/\"]}]},{\"@type\":\"ImageObject\",\"inLanguage\":\"es-CO\",\"@id\":\"https:\/\/enheco.com\/equipment-and-spare-parts\/flame-programmer-or-combustion-programmer-brahma-tgrd-61-62\/#primaryimage\",\"url\":\"https:\/\/enheco.com\/wp-content\/uploads\/2024\/06\/Brahma-VM-44G-1-1.jpg\",\"contentUrl\":\"https:\/\/enheco.com\/wp-content\/uploads\/2024\/06\/Brahma-VM-44G-1-1.jpg\",\"width\":900,\"height\":1000,\"caption\":\"Programador de llama o programador de combusti\u00f3n - TGRD 61\/62\"},{\"@type\":\"BreadcrumbList\",\"@id\":\"https:\/\/enheco.com\/equipment-and-spare-parts\/flame-programmer-or-combustion-programmer-brahma-tgrd-61-62\/#breadcrumb\",\"itemListElement\":[{\"@type\":\"ListItem\",\"position\":1,\"name\":\"Portada\",\"item\":\"https:\/\/enheco.com\/\"},{\"@type\":\"ListItem\",\"position\":2,\"name\":\"Equipment and spare parts\",\"item\":\"https:\/\/enheco.com\/equipment-and-spare-parts\/\"},{\"@type\":\"ListItem\",\"position\":3,\"name\":\"Brahma flame programmer &#8211; TGRD 61\/62\"}]},{\"@type\":\"WebSite\",\"@id\":\"https:\/\/enheco.com\/#website\",\"url\":\"https:\/\/enheco.com\/\",\"name\":\"Enheco: ingenier\u00eda para el planeta\",\"description\":\"Compa\u00f1\u00eda colombiana del sector industrial, dedicada al desarrollo de la ingenier\u00eda en general\",\"publisher\":{\"@id\":\"https:\/\/enheco.com\/#organization\"},\"alternateName\":\"ENHECO - Engineering Heating And Combustion SAS.\",\"potentialAction\":[{\"@type\":\"SearchAction\",\"target\":{\"@type\":\"EntryPoint\",\"urlTemplate\":\"https:\/\/enheco.com\/?s={search_term_string}\"},\"query-input\":{\"@type\":\"PropertyValueSpecification\",\"valueRequired\":true,\"valueName\":\"search_term_string\"}}],\"inLanguage\":\"es-CO\"},{\"@type\":\"Organization\",\"@id\":\"https:\/\/enheco.com\/#organization\",\"name\":\"ENHECO - Engineering Heating And Combustion SAS.\",\"alternateName\":\"ENHECO - Engineering Heating And Combustion SAS.\",\"url\":\"https:\/\/enheco.com\/\",\"logo\":{\"@type\":\"ImageObject\",\"inLanguage\":\"es-CO\",\"@id\":\"https:\/\/enheco.com\/#\/schema\/logo\/image\/\",\"url\":\"https:\/\/enheco.com\/wp-content\/uploads\/2025\/07\/logo-enheco.png\",\"contentUrl\":\"https:\/\/enheco.com\/wp-content\/uploads\/2025\/07\/logo-enheco.png\",\"width\":300,\"height\":300,\"caption\":\"ENHECO - Engineering Heating And Combustion SAS.\"},\"image\":{\"@id\":\"https:\/\/enheco.com\/#\/schema\/logo\/image\/\"}}]}<\/script>\n<!-- \/ Yoast SEO plugin. -->","yoast_head_json":{"title":"Programador de llama Brahma - TGRD 61\/62 ~ Enheco","description":"Equipment such as Brahma flame programmers, gas burners, heat treatment furnaces, drying ovens, mining laboratories, and more","robots":{"index":"index","follow":"follow","max-snippet":"max-snippet:-1","max-image-preview":"max-image-preview:large","max-video-preview":"max-video-preview:-1"},"canonical":"https:\/\/enheco.com\/es\/equipos-y-repuestos-es\/programador-de-llama-brahma-tgrd-61-62-es\/","og_locale":"es_ES","og_type":"article","og_title":"Brahma flame programmer - TGRD 61\/62 ~ Enheco: ingenier\u00eda para el planeta","og_description":"Equipment such as Brahma flame programmers, gas burners, heat treatment furnaces, drying ovens, mining laboratories, and more","og_url":"https:\/\/enheco.com\/es\/equipos-y-repuestos-es\/programador-de-llama-brahma-tgrd-61-62-es\/","og_site_name":"Enheco: ingenier\u00eda para el planeta","article_modified_time":"2026-01-30T13:29:19+00:00","og_image":[{"width":900,"height":1000,"url":"https:\/\/enheco.com\/wp-content\/uploads\/2024\/06\/Brahma-VM-44G-1-1.jpg","type":"image\/jpeg"}],"twitter_card":"summary_large_image","twitter_misc":{"Tiempo de lectura":"1 minuto"},"schema":{"@context":"https:\/\/schema.org","@graph":[{"@type":"WebPage","@id":"https:\/\/enheco.com\/equipment-and-spare-parts\/flame-programmer-or-combustion-programmer-brahma-tgrd-61-62\/","url":"https:\/\/enheco.com\/equipment-and-spare-parts\/flame-programmer-or-combustion-programmer-brahma-tgrd-61-62\/","name":"Programador de llama Brahma - TGRD 61\/62 ~ Enheco","isPartOf":{"@id":"https:\/\/enheco.com\/#website"},"primaryImageOfPage":{"@id":"https:\/\/enheco.com\/equipment-and-spare-parts\/flame-programmer-or-combustion-programmer-brahma-tgrd-61-62\/#primaryimage"},"image":{"@id":"https:\/\/enheco.com\/equipment-and-spare-parts\/flame-programmer-or-combustion-programmer-brahma-tgrd-61-62\/#primaryimage"},"thumbnailUrl":"https:\/\/enheco.com\/wp-content\/uploads\/2024\/06\/Brahma-VM-44G-1-1.jpg","datePublished":"2024-06-06T20:16:09+00:00","dateModified":"2026-01-30T13:29:19+00:00","description":"Equipment such as Brahma flame programmers, gas burners, heat treatment furnaces, drying ovens, mining laboratories, and more","breadcrumb":{"@id":"https:\/\/enheco.com\/equipment-and-spare-parts\/flame-programmer-or-combustion-programmer-brahma-tgrd-61-62\/#breadcrumb"},"inLanguage":"es-CO","potentialAction":[{"@type":"ReadAction","target":["https:\/\/enheco.com\/equipment-and-spare-parts\/flame-programmer-or-combustion-programmer-brahma-tgrd-61-62\/"]}]},{"@type":"ImageObject","inLanguage":"es-CO","@id":"https:\/\/enheco.com\/equipment-and-spare-parts\/flame-programmer-or-combustion-programmer-brahma-tgrd-61-62\/#primaryimage","url":"https:\/\/enheco.com\/wp-content\/uploads\/2024\/06\/Brahma-VM-44G-1-1.jpg","contentUrl":"https:\/\/enheco.com\/wp-content\/uploads\/2024\/06\/Brahma-VM-44G-1-1.jpg","width":900,"height":1000,"caption":"Programador de llama o programador de combusti\u00f3n - TGRD 61\/62"},{"@type":"BreadcrumbList","@id":"https:\/\/enheco.com\/equipment-and-spare-parts\/flame-programmer-or-combustion-programmer-brahma-tgrd-61-62\/#breadcrumb","itemListElement":[{"@type":"ListItem","position":1,"name":"Portada","item":"https:\/\/enheco.com\/"},{"@type":"ListItem","position":2,"name":"Equipment and spare parts","item":"https:\/\/enheco.com\/equipment-and-spare-parts\/"},{"@type":"ListItem","position":3,"name":"Brahma flame programmer &#8211; TGRD 61\/62"}]},{"@type":"WebSite","@id":"https:\/\/enheco.com\/#website","url":"https:\/\/enheco.com\/","name":"Enheco: ingenier\u00eda para el planeta","description":"Compa\u00f1\u00eda colombiana del sector industrial, dedicada al desarrollo de la ingenier\u00eda en general","publisher":{"@id":"https:\/\/enheco.com\/#organization"},"alternateName":"ENHECO - Engineering Heating And Combustion SAS.","potentialAction":[{"@type":"SearchAction","target":{"@type":"EntryPoint","urlTemplate":"https:\/\/enheco.com\/?s={search_term_string}"},"query-input":{"@type":"PropertyValueSpecification","valueRequired":true,"valueName":"search_term_string"}}],"inLanguage":"es-CO"},{"@type":"Organization","@id":"https:\/\/enheco.com\/#organization","name":"ENHECO -  Ingenier\u00eda de Calefacci\u00f3n y Combusti\u00f3n SAS.","alternateName":"ENHECO - Engineering Heating And Combustion SAS.","url":"https:\/\/enheco.com\/","logo":{"@type":"ImageObject","inLanguage":"es-CO","@id":"https:\/\/enheco.com\/#\/schema\/logo\/image\/","url":"https:\/\/enheco.com\/wp-content\/uploads\/2025\/07\/logo-enheco.png","contentUrl":"https:\/\/enheco.com\/wp-content\/uploads\/2025\/07\/logo-enheco.png","width":300,"height":300,"caption":"ENHECO - Engineering Heating And Combustion SAS."},"image":{"@id":"https:\/\/enheco.com\/#\/schema\/logo\/image\/"}}]}},"_links":{"self":[{"href":"https:\/\/enheco.com\/es\/wp-json\/wp\/v2\/product\/703","targetHints":{"allow":["GET"]}}],"collection":[{"href":"https:\/\/enheco.com\/es\/wp-json\/wp\/v2\/product"}],"about":[{"href":"https:\/\/enheco.com\/es\/wp-json\/wp\/v2\/types\/product"}],"wp:featuredmedia":[{"embeddable":true,"href":"https:\/\/enheco.com\/es\/wp-json\/wp\/v2\/media\/704"}],"wp:attachment":[{"href":"https:\/\/enheco.com\/es\/wp-json\/wp\/v2\/media?parent=703"}],"wp:term":[{"taxonomy":"product_brand","embeddable":true,"href":"https:\/\/enheco.com\/es\/wp-json\/wp\/v2\/product_brand?post=703"},{"taxonomy":"product_cat","embeddable":true,"href":"https:\/\/enheco.com\/es\/wp-json\/wp\/v2\/product_cat?post=703"},{"taxonomy":"product_tag","embeddable":true,"href":"https:\/\/enheco.com\/es\/wp-json\/wp\/v2\/product_tag?post=703"}],"curies":[{"name":"wp","href":"https:\/\/api.w.org\/{rel}","templated":true}]}}